{"id":10385,"date":"2021-02-24T08:14:07","date_gmt":"2021-02-24T07:14:07","guid":{"rendered":"http:\/\/localhost\/?page_id=10385"},"modified":"2023-05-23T10:36:30","modified_gmt":"2023-05-23T08:36:30","slug":"kontakt","status":"publish","type":"page","link":"https:\/\/inmold-ltd.com\/de\/kontakt\/","title":{"rendered":"Kontakt"},"content":{"rendered":"<section class=\"l-section wpb_row height_auto width_full\"><div class=\"l-section-h i-cf\"><div class=\"g-cols vc_row via_flex valign_top type_default stacking_default\"><div class=\"vc_col-sm-12 wpb_column vc_column_container\"><div class=\"vc_column-inner\"><div class=\"wpb_wrapper\"><div class=\"g-cols wpb_row via_flex valign_top type_default stacking_default\"><div class=\"vc_col-sm-12 wpb_column vc_column_container\"><div class=\"vc_column-inner\"><div class=\"wpb_wrapper\"><div class=\"w-map provider_osm\" id=\"us_map_1\"><div class=\"w-map-inner\"><div class=\"w-map-json\" onclick='return {&quot;address&quot;:&quot;43.846661, 20.048644&quot;,&quot;disableDragging&quot;:0,&quot;disableZoom&quot;:0,&quot;hideControls&quot;:1,&quot;zoom&quot;:16,&quot;markers&quot;:[{&quot;address&quot;:&quot;43.846661, 20.048644&quot;,&quot;html&quot;:&quot;&lt;h6&gt;INMOLD d.o.o.&lt;\\\/p&gt;&quot;,&quot;infowindow&quot;:0}],&quot;style&quot;:&quot;https:\\\/\\\/{s}.tile.openstreetmap.org\\\/{z}\\\/{x}\\\/{y}.png&quot;}'><\/div><\/div><\/div><\/div><\/div><\/div><\/div><\/div><\/div><\/div><\/div><\/div><\/section><section class=\"l-section wpb_row height_auto width_full\"><div class=\"l-section-h i-cf\"><div class=\"g-cols vc_row via_flex valign_top type_default stacking_default\"><div class=\"vc_col-sm-12 wpb_column vc_column_container\"><div class=\"vc_column-inner\"><div class=\"wpb_wrapper\"><div class=\"g-cols wpb_row via_flex valign_top type_boxes stacking_default\"><div class=\"vc_col-sm-6 wpb_column vc_column_container\"><div class=\"vc_column-inner\"><div class=\"wpb_wrapper\"><div class=\"wpb_text_column\"><div class=\"wpb_wrapper\"><div class=\"w-contacts\">\n<div class=\"w-contacts-list\">\n<div class=\"w-contacts-item for_address\"><span class=\"w-contacts-item-value\"><strong>INMOLD Group d.o.o.<\/strong><br \/>\nKnjaza Milosa 70<br \/>\n31210 Po\u017eega, Srbija<\/span><\/div>\n<div class=\"w-contacts-item for_phone\"><span class=\"w-contacts-item-value\">+381 31 3825 165<\/span><\/div>\n<div class=\"w-contacts-item for_mobile\"><span class=\"w-contacts-item-value\">+381 31 3825 565<\/span><\/div>\n<div class=\"w-contacts-item for_email\"><span class=\"w-contacts-item-value\"><a href=\"mailto:office@inmold-ltd.com\">office@inmold-ltd.com<\/a><\/span><\/div>\n<\/div>\n<\/div>\n<div class=\"wpb_text_column us_custom_35b52ee0\">\n<div class=\"wpb_wrapper\">\n<p>PIB:\u00a0108053312<br \/>\nMB:\u00a020923555<\/p>\n<p><strong>Standort 2<br \/>\n<\/strong>Vojvode Mi\u0161i\u0107a 5<br \/>\n31210 Po\u017eega, Serbia<\/p>\n<\/div>\n<\/div>\n<\/div><\/div><\/div><\/div><\/div><div class=\"vc_col-sm-6 wpb_column vc_column_container\"><div class=\"vc_column-inner\"><div class=\"wpb_wrapper\"><form class=\"w-form  layout_ver for_cform us_form_1\" autocomplete=\"off\" action=\"https:\/\/inmold-ltd.com\/de\/de\/wp-json\/wp\/v2\/pages\/10385\" method=\"post\"><div class=\"w-form-h\"><div class=\"w-form-row for_text\">\r\n\t\t<div class=\"w-form-row-field\">\r\n\t\t\t\t\t\t<input aria-label=\"Ime\" type=\"text\" name=\"us_form_1_text_1\" value placeholder=\"Ime\"\/>\r\n\t\t\t<\/div>\r\n\t\t<div class=\"w-form-row-state\">Bitte f\u00fcllen Sie dieses Feld aus.<\/div>\r\n<\/div>\r\n<div class=\"w-form-row for_email required\">\r\n\t\t<div class=\"w-form-row-field\">\r\n\t\t\t\t\t\t<input aria-label=\"E-mail adresa\" type=\"email\" name=\"us_form_1_email_1\" value placeholder=\"E-mail adresa *\" data-required=\"true\" aria-required=\"true\"\/>\r\n\t\t\t<\/div>\r\n\t\t<div class=\"w-form-row-state\">Bitte gib eine g\u00fcltige E-Mail-Adresse ein.<\/div>\r\n<\/div>\r\n<div class=\"w-form-row for_textarea required\">\r\n\t\t<div class=\"w-form-row-field\">\r\n\t\t\t\t\t\t<textarea aria-label=\"Va\u0161a poruka\" name=\"us_form_1_textarea_1\" placeholder=\"Va\u0161a poruka *\" data-required=\"true\" aria-required=\"true\"><\/textarea>\r\n\t\t\t<\/div>\r\n\t\t<div class=\"w-form-row-state\">Bitte f\u00fcllen Sie dieses Feld aus.<\/div>\r\n<\/div>\r\n<div class=\"w-form-row for_agreement required\">\r\n\t\t<div class=\"w-form-row-field\">\r\n\t\t\t\t<label>\r\n\t\t\t<input type=\"checkbox\" value=\"1\" data-required=\"true\" aria-required=\"true\" name=\"us_form_1_agreement_1\"\/>\r\n\t\t\t<span>Slanjem poruke sla\u017eete se na\u0161om politikom privatnosti<\/span>\r\n\t\t<\/label>\r\n\t\t\t<\/div>\r\n\t\t<div class=\"w-form-row-state\">Sie m\u00fcssen den Bedingungen zustimmen, um fortzufahren.<\/div>\r\n<\/div>\r\n<input type=\"hidden\" name=\"action\" value=\"us_ajax_cform\" \/>\r\n<input type=\"hidden\" name=\"post_id\" value=\"0\" \/>\r\n<input type=\"hidden\" name=\"form_index\" value=\"1\" \/>\r\n<div class=\"w-form-row for_submit align_none\">\r\n\t<button class=\"w-btn  us-btn-style_3\" aria-label=\"Absenden\" type=\"submit\">\r\n\t\t<span class=\"g-preloader type_1\"><\/span>\r\n\t\t\t\t<span class=\"w-btn-label\">Absenden<\/span>\r\n\t\t\t<\/button>\r\n\t<\/div>\r\n<\/div><div class=\"w-form-message\"><\/div><div class=\"w-form-json hidden\" onclick='return {&quot;ajaxurl&quot;:&quot;https:\\\/\\\/inmold-ltd.com\\\/de\\\/wp-admin\\\/admin-ajax.php&quot;,&quot;messages&quot;:{&quot;err_empty&quot;:&quot;Bitte f\\u00fcllen Sie dieses Feld aus.&quot;,&quot;err_size&quot;:&quot;Die Dateigr\\u00f6\\u00dfe darf %s MB nicht \\u00fcberschreiten&quot;,&quot;err_extension&quot;:&quot;Dateityp %s ist nicht zul\\u00e4ssig&quot;}}'><\/div><\/form><\/div><\/div><\/div><\/div><\/div><\/div><\/div><\/div><\/div><\/section><section class=\"l-section wpb_row us_custom_1f5f827b height_auto width_full\"><div class=\"l-section-h i-cf\"><div class=\"g-cols vc_row via_flex valign_top type_default stacking_default\"><div class=\"vc_col-sm-12 wpb_column vc_column_container\"><div class=\"vc_column-inner\"><div class=\"wpb_wrapper\"><div class=\"g-cols wpb_row via_flex valign_middle type_boxes stacking_default\"><div class=\"vc_col-sm-12 wpb_column vc_column_container\"><div class=\"vc_column-inner\"><div class=\"wpb_wrapper\"><div class=\"wpb_text_column\"><div class=\"wpb_wrapper\"><h2>Prijavite se na na\u0161 newsletter<\/h2>\n<\/div><\/div><form class=\"w-form  layout_hor for_cform us_form_2\" autocomplete=\"off\" action=\"https:\/\/inmold-ltd.com\/de\/de\/wp-json\/wp\/v2\/pages\/10385\" method=\"post\"><div class=\"w-form-h\"><div class=\"w-form-row for_text required cols_4\">\r\n\t\t<div class=\"w-form-row-field\">\r\n\t\t\t\t\t\t<input aria-label=\"Ime i prezime\" type=\"text\" name=\"us_form_2_text_1\" value placeholder=\"Ime i prezime *\" data-required=\"true\" aria-required=\"true\"\/>\r\n\t\t\t<\/div>\r\n\t\t<div class=\"w-form-row-state\">Bitte f\u00fcllen Sie dieses Feld aus.<\/div>\r\n<\/div>\r\n<div class=\"w-form-row for_email required cols_4\">\r\n\t\t<div class=\"w-form-row-field\">\r\n\t\t\t\t\t\t<input aria-label=\"E-po\u0161ta\" type=\"email\" name=\"us_form_2_email_1\" value placeholder=\"E-po\u0161ta *\" data-required=\"true\" aria-required=\"true\"\/>\r\n\t\t\t<\/div>\r\n\t\t<div class=\"w-form-row-state\">Bitte gib eine g\u00fcltige E-Mail-Adresse ein.<\/div>\r\n<\/div>\r\n<div class=\"w-form-row for_text required cols_4\">\r\n\t\t<div class=\"w-form-row-field\">\r\n\t\t\t\t\t\t<input aria-label=\"Naziv kompanije\" type=\"text\" name=\"us_form_2_text_2\" value placeholder=\"Naziv kompanije *\" data-required=\"true\" aria-required=\"true\"\/>\r\n\t\t\t<\/div>\r\n\t\t<div class=\"w-form-row-state\">Bitte f\u00fcllen Sie dieses Feld aus.<\/div>\r\n<\/div>\r\n<div class=\"w-form-row for_select cols_4\">\r\n\t\t<div class=\"w-form-row-field\">\r\n\t\t\t\t\t\t<select aria-label=\"us_form_2_select_1\" name=\"us_form_2_select_1\">\r\n\t\t\t<option value=\"Prozivodnja\">Prozivodnja<\/option><option value=\"Prodaja i marketing\">Prodaja i marketing<\/option><option value=\"Projekt menad\u017ement\">Projekt menad\u017ement<\/option><option value=\"Ostalo\">Ostalo<\/option>\t\t<\/select>\r\n\t\t\t<\/div>\r\n\t\t<div class=\"w-form-row-state\">W\u00e4hle eine Option<\/div>\r\n<\/div>\r\n<input type=\"hidden\" name=\"action\" value=\"us_ajax_cform\" \/>\r\n<input type=\"hidden\" name=\"post_id\" value=\"0\" \/>\r\n<input type=\"hidden\" name=\"form_index\" value=\"2\" \/>\r\n<div class=\"w-form-row for_submit align_justify\">\r\n\t<button class=\"w-btn  us-btn-style_4\" aria-label=\"Prijavite se\" type=\"submit\">\r\n\t\t<span class=\"g-preloader type_1\"><\/span>\r\n\t\t\t\t<span class=\"w-btn-label\">Prijavite se<\/span>\r\n\t\t\t<\/button>\r\n\t<\/div>\r\n<\/div><div class=\"w-form-message\"><\/div><div class=\"w-form-json hidden\" onclick='return {&quot;ajaxurl&quot;:&quot;https:\\\/\\\/inmold-ltd.com\\\/de\\\/wp-admin\\\/admin-ajax.php&quot;,&quot;messages&quot;:{&quot;err_empty&quot;:&quot;Bitte f\\u00fcllen Sie dieses Feld aus.&quot;,&quot;err_size&quot;:&quot;Die Dateigr\\u00f6\\u00dfe darf %s MB nicht \\u00fcberschreiten&quot;,&quot;err_extension&quot;:&quot;Dateityp %s ist nicht zul\\u00e4ssig&quot;}}'><\/div><\/form><\/div><\/div><\/div><\/div><\/div><\/div><\/div><\/div><\/div><\/section>\n","protected":false},"excerpt":{"rendered":"INMOLD Group d.o.o. Knjaza Milosa 70 31210 Po\u017eega, Srbija +381 31 3825 165 +381 31 3825 565 office@inmold-ltd.com PIB:\u00a0108053312 MB:\u00a020923555 Standort 2 Vojvode Mi\u0161i\u0107a 5 31210 Po\u017eega, Serbia Bitte f\u00fcllen Sie dieses Feld aus. Bitte gib eine g\u00fcltige E-Mail-Adresse ein. Bitte f\u00fcllen Sie dieses Feld aus. Slanjem poruke sla\u017eete se na\u0161om politikom privatnosti Sie m\u00fcssen...","protected":false},"author":1,"featured_media":0,"parent":0,"menu_order":0,"comment_status":"closed","ping_status":"closed","template":"","meta":{"footnotes":""},"class_list":["post-10385","page","type-page","status-publish","hentry"],"yoast_head":"<!-- This site is optimized with the Yoast SEO plugin v24.5 - https:\/\/yoast.com\/wordpress\/plugins\/seo\/ -->\n<title>Kontakt - INMOLD Group d.o.o. DE<\/title>\n<meta name=\"robots\" content=\"index, follow, max-snippet:-1, max-image-preview:large, max-video-preview:-1\" \/>\n<link rel=\"canonical\" href=\"https:\/\/inmold-ltd.com\/de\/kontakt\/\" \/>\n<meta property=\"og:locale\" content=\"de_DE\" \/>\n<meta property=\"og:type\" content=\"article\" \/>\n<meta property=\"og:title\" content=\"Kontakt - INMOLD Group d.o.o. DE\" \/>\n<meta property=\"og:url\" content=\"https:\/\/inmold-ltd.com\/de\/kontakt\/\" \/>\n<meta property=\"og:site_name\" content=\"INMOLD Group d.o.o. DE\" \/>\n<meta property=\"article:modified_time\" content=\"2023-05-23T08:36:30+00:00\" \/>\n<meta name=\"twitter:card\" content=\"summary_large_image\" \/>\n<meta name=\"twitter:label1\" content=\"Gesch\u00e4tzte Lesezeit\" \/>\n\t<meta name=\"twitter:data1\" content=\"2\u00a0Minuten\" \/>\n<script type=\"application\/ld+json\" class=\"yoast-schema-graph\">{\"@context\":\"https:\/\/schema.org\",\"@graph\":[{\"@type\":\"WebPage\",\"@id\":\"https:\/\/inmold-ltd.com\/de\/kontakt\/\",\"url\":\"https:\/\/inmold-ltd.com\/de\/kontakt\/\",\"name\":\"Kontakt - INMOLD Group d.o.o. DE\",\"isPartOf\":{\"@id\":\"https:\/\/inmold-ltd.com\/de\/#website\"},\"datePublished\":\"2021-02-24T07:14:07+00:00\",\"dateModified\":\"2023-05-23T08:36:30+00:00\",\"breadcrumb\":{\"@id\":\"https:\/\/inmold-ltd.com\/de\/kontakt\/#breadcrumb\"},\"inLanguage\":\"de\",\"potentialAction\":[{\"@type\":\"ReadAction\",\"target\":[\"https:\/\/inmold-ltd.com\/de\/kontakt\/\"]}]},{\"@type\":\"BreadcrumbList\",\"@id\":\"https:\/\/inmold-ltd.com\/de\/kontakt\/#breadcrumb\",\"itemListElement\":[{\"@type\":\"ListItem\",\"position\":1,\"name\":\"Po\u010detna\",\"item\":\"https:\/\/inmold-ltd.com\/de\/\"},{\"@type\":\"ListItem\",\"position\":2,\"name\":\"Kontakt\"}]},{\"@type\":\"WebSite\",\"@id\":\"https:\/\/inmold-ltd.com\/de\/#website\",\"url\":\"https:\/\/inmold-ltd.com\/de\/\",\"name\":\"INMOLD Group d.o.o. DE\",\"description\":\"Herstellung von hochwertigen Werkzeugen f\u00fcr Kunststoff und Nichteisenmetalle\",\"potentialAction\":[{\"@type\":\"SearchAction\",\"target\":{\"@type\":\"EntryPoint\",\"urlTemplate\":\"https:\/\/inmold-ltd.com\/de\/?s={search_term_string}\"},\"query-input\":{\"@type\":\"PropertyValueSpecification\",\"valueRequired\":true,\"valueName\":\"search_term_string\"}}],\"inLanguage\":\"de\"}]}<\/script>\n<!-- \/ Yoast SEO plugin. -->","yoast_head_json":{"title":"Kontakt - INMOLD Group d.o.o. DE","robots":{"index":"index","follow":"follow","max-snippet":"max-snippet:-1","max-image-preview":"max-image-preview:large","max-video-preview":"max-video-preview:-1"},"canonical":"https:\/\/inmold-ltd.com\/de\/kontakt\/","og_locale":"de_DE","og_type":"article","og_title":"Kontakt - INMOLD Group d.o.o. DE","og_url":"https:\/\/inmold-ltd.com\/de\/kontakt\/","og_site_name":"INMOLD Group d.o.o. DE","article_modified_time":"2023-05-23T08:36:30+00:00","twitter_card":"summary_large_image","twitter_misc":{"Gesch\u00e4tzte Lesezeit":"2\u00a0Minuten"},"schema":{"@context":"https:\/\/schema.org","@graph":[{"@type":"WebPage","@id":"https:\/\/inmold-ltd.com\/de\/kontakt\/","url":"https:\/\/inmold-ltd.com\/de\/kontakt\/","name":"Kontakt - INMOLD Group d.o.o. DE","isPartOf":{"@id":"https:\/\/inmold-ltd.com\/de\/#website"},"datePublished":"2021-02-24T07:14:07+00:00","dateModified":"2023-05-23T08:36:30+00:00","breadcrumb":{"@id":"https:\/\/inmold-ltd.com\/de\/kontakt\/#breadcrumb"},"inLanguage":"de","potentialAction":[{"@type":"ReadAction","target":["https:\/\/inmold-ltd.com\/de\/kontakt\/"]}]},{"@type":"BreadcrumbList","@id":"https:\/\/inmold-ltd.com\/de\/kontakt\/#breadcrumb","itemListElement":[{"@type":"ListItem","position":1,"name":"Po\u010detna","item":"https:\/\/inmold-ltd.com\/de\/"},{"@type":"ListItem","position":2,"name":"Kontakt"}]},{"@type":"WebSite","@id":"https:\/\/inmold-ltd.com\/de\/#website","url":"https:\/\/inmold-ltd.com\/de\/","name":"INMOLD Group d.o.o. DE","description":"Herstellung von hochwertigen Werkzeugen f\u00fcr Kunststoff und Nichteisenmetalle","potentialAction":[{"@type":"SearchAction","target":{"@type":"EntryPoint","urlTemplate":"https:\/\/inmold-ltd.com\/de\/?s={search_term_string}"},"query-input":{"@type":"PropertyValueSpecification","valueRequired":true,"valueName":"search_term_string"}}],"inLanguage":"de"}]}},"_links":{"self":[{"href":"https:\/\/inmold-ltd.com\/de\/wp-json\/wp\/v2\/pages\/10385","targetHints":{"allow":["GET"]}}],"collection":[{"href":"https:\/\/inmold-ltd.com\/de\/wp-json\/wp\/v2\/pages"}],"about":[{"href":"https:\/\/inmold-ltd.com\/de\/wp-json\/wp\/v2\/types\/page"}],"author":[{"embeddable":true,"href":"https:\/\/inmold-ltd.com\/de\/wp-json\/wp\/v2\/users\/1"}],"replies":[{"embeddable":true,"href":"https:\/\/inmold-ltd.com\/de\/wp-json\/wp\/v2\/comments?post=10385"}],"version-history":[{"count":5,"href":"https:\/\/inmold-ltd.com\/de\/wp-json\/wp\/v2\/pages\/10385\/revisions"}],"predecessor-version":[{"id":10991,"href":"https:\/\/inmold-ltd.com\/de\/wp-json\/wp\/v2\/pages\/10385\/revisions\/10991"}],"wp:attachment":[{"href":"https:\/\/inmold-ltd.com\/de\/wp-json\/wp\/v2\/media?parent=10385"}],"curies":[{"name":"wp","href":"https:\/\/api.w.org\/{rel}","templated":true}]}}