{"id":12,"date":"2021-02-19T22:23:18","date_gmt":"2021-02-19T21:23:18","guid":{"rendered":"http:\/\/localhost\/?page_id=12"},"modified":"2024-04-17T14:09:59","modified_gmt":"2024-04-17T12:09:59","slug":"unternehmen","status":"publish","type":"page","link":"https:\/\/inmold-ltd.com\/de\/unternehmen\/","title":{"rendered":"Unternehmen"},"content":{"rendered":"<section class=\"l-section wpb_row height_auto width_custom\" style=\"--site-content-width:1600px;\"><div class=\"l-section-h i-cf\"><div class=\"g-cols vc_row via_flex valign_middle type_default stacking_default\"><div class=\"vc_col-sm-6 wpb_column vc_column_container\"><div class=\"vc_column-inner\"><div class=\"wpb_wrapper\"><div class=\"g-cols wpb_row via_flex valign_top type_default stacking_default\"><div class=\"vc_col-sm-12 wpb_column vc_column_container\"><div class=\"vc_column-inner\"><div class=\"wpb_wrapper\"><div class=\"w-image align_none\"><div class=\"w-image-h\"><img decoding=\"async\" width=\"1024\" height=\"878\" src=\"https:\/\/inmold-ltd.com\/de\/wp-content\/uploads\/sites\/5\/2024\/02\/Inmold_Upravna_Zgrada-1.webp\" class=\"attachment-large size-large\" alt=\"\" loading=\"lazy\" srcset=\"https:\/\/inmold-ltd.com\/de\/wp-content\/uploads\/sites\/5\/2024\/02\/Inmold_Upravna_Zgrada-1.webp 1024w, https:\/\/inmold-ltd.com\/de\/wp-content\/uploads\/sites\/5\/2024\/02\/Inmold_Upravna_Zgrada-1-300x257.webp 300w, https:\/\/inmold-ltd.com\/de\/wp-content\/uploads\/sites\/5\/2024\/02\/Inmold_Upravna_Zgrada-1-600x514.webp 600w, https:\/\/inmold-ltd.com\/de\/wp-content\/uploads\/sites\/5\/2024\/02\/Inmold_Upravna_Zgrada-1-58x50.webp 58w\" sizes=\"auto, (max-width: 1024px) 100vw, 1024px\" \/><\/div><\/div><\/div><\/div><\/div><\/div><\/div><\/div><\/div><div class=\"vc_col-sm-6 wpb_column vc_column_container\"><div class=\"vc_column-inner\"><div class=\"wpb_wrapper\"><div class=\"wpb_text_column us_custom_432d3f53\"><div class=\"wpb_wrapper\"><h2 class=\"w-iconbox-title\" style=\"text-align: center;\">\u00dcber uns<\/h2>\n<p>Inmold Group ist ein in zweiter Generation gef\u00fchrtes Familienunternehmen und verf\u00fcgt \u00fcber fast 40 Jahre Erfahrung in der Herstellung von Werkzeugen f\u00fcr h\u00f6chste Anspr\u00fcche. Wir sind in zwei Hauptgesch\u00e4ftsbereichen t\u00e4tig, wobei der Schwerpunkt auf der Herstellung von hochpr\u00e4zisen Werkzeugen mit mehreren Kernen und IML-Systemen liegt, die an die W\u00fcnsche des Kunden angepasst sind.<\/p>\n<\/div><\/div><div class=\"g-cols wpb_row us_custom_c11fbc1b has_text_color via_flex valign_top type_default stacking_default\"><div class=\"vc_col-sm-4 wpb_column vc_column_container\"><div class=\"vc_column-inner\"><div class=\"wpb_wrapper\"><div class=\"w-counter us_custom_3431e773 has_text_color color_custom align_center has_font_size\" data-duration=\"2\"><div class=\"w-counter-value\" style=\"color:var(--color-header-middle-text);\"><span class=\"w-counter-value-part type_text\" data-final=\"\"><\/span><span class=\"w-counter-value-part type_number\" data-final=\"1\">1<\/span><span class=\"w-counter-value-part type_text\" data-final=\"\"><\/span><\/div><\/div><div class=\"w-text us_custom_bbb13ea5 has_text_color us_animate_this\"><span class=\"w-text-h\"><span class=\"w-text-value\">Quelle<\/span><\/span><\/div><\/div><\/div><\/div><div class=\"vc_col-sm-4 wpb_column vc_column_container\"><div class=\"vc_column-inner\"><div class=\"wpb_wrapper\"><div class=\"w-counter us_custom_3431e773 has_text_color color_custom align_center has_font_size\" data-duration=\"2\"><div class=\"w-counter-value\" style=\"color:var(--color-header-middle-text);\"><span class=\"w-counter-value-part type_text\" data-final=\"\"><\/span><span class=\"w-counter-value-part type_number\" data-final=\"4\">1<\/span><span class=\"w-counter-value-part type_text\" data-final=\"\"><\/span><\/div><\/div><div class=\"w-text us_custom_bbb13ea5 has_text_color us_animate_this\"><span class=\"w-text-h\"><span class=\"w-text-value\">Produktionsanlagen<\/span><\/span><\/div><\/div><\/div><\/div><div class=\"vc_col-sm-4 wpb_column vc_column_container\"><div class=\"vc_column-inner\"><div class=\"wpb_wrapper\"><div class=\"w-counter us_custom_3431e773 has_text_color color_custom align_center has_font_size\" data-duration=\"2\"><div class=\"w-counter-value\" style=\"color:var(--color-header-middle-text);\"><span class=\"w-counter-value-part type_text\" data-final=\"\"><\/span><span class=\"w-counter-value-part type_number\" data-final=\"80\">1<\/span><span class=\"w-counter-value-part type_text\" data-final=\"+\"><\/span><\/div><\/div><div class=\"w-text us_custom_bbb13ea5 has_text_color us_animate_this\"><span class=\"w-text-h\"><span class=\"w-text-value\">Ingenieure und technische Fachkr\u00e4fte<\/span><\/span><\/div><\/div><\/div><\/div><\/div><div class=\"g-cols wpb_row us_custom_59fc02ea has_text_color via_flex valign_top type_default stacking_default\"><div class=\"vc_col-sm-4 wpb_column vc_column_container\"><div class=\"vc_column-inner\"><div class=\"wpb_wrapper\"><div class=\"w-counter us_custom_3431e773 has_text_color color_custom align_center has_font_size\" data-duration=\"2\"><div class=\"w-counter-value\" style=\"color:var(--color-header-middle-text);\"><span class=\"w-counter-value-part type_text\" data-final=\"\"><\/span><span class=\"w-counter-value-part type_number\" data-final=\"500\">1<\/span><span class=\"w-counter-value-part type_text\" data-final=\"+\"><\/span><\/div><\/div><div class=\"w-text us_custom_bbb13ea5 has_text_color us_animate_this\"><span class=\"w-text-h\"><span class=\"w-text-value\">Angestellten<\/span><\/span><\/div><\/div><\/div><\/div><div class=\"vc_col-sm-4 wpb_column vc_column_container\"><div class=\"vc_column-inner\"><div class=\"wpb_wrapper\"><div class=\"w-counter us_custom_3431e773 has_text_color color_custom align_center has_font_size\" data-duration=\"2\"><div class=\"w-counter-value\" style=\"color:var(--color-header-middle-text);\"><span class=\"w-counter-value-part type_text\" data-final=\"\"><\/span><span class=\"w-counter-value-part type_number\" data-final=\"40\">1<\/span><span class=\"w-counter-value-part type_text\" data-final=\"+\"><\/span><\/div><\/div><div class=\"w-text us_custom_bbb13ea5 has_text_color us_animate_this\"><span class=\"w-text-h\"><span class=\"w-text-value\">L\u00e4nder mit denen wir zusammenarbeiten<\/span><\/span><\/div><\/div><\/div><\/div><div class=\"vc_col-sm-4 wpb_column vc_column_container\"><div class=\"vc_column-inner\"><div class=\"wpb_wrapper\"><div class=\"w-counter us_custom_3431e773 has_text_color color_custom align_center has_font_size\" data-duration=\"2\"><div class=\"w-counter-value\" style=\"color:var(--color-header-middle-text);\"><span class=\"w-counter-value-part type_text\" data-final=\"\"><\/span><span class=\"w-counter-value-part type_number\" data-final=\"35\">1<\/span><span class=\"w-counter-value-part type_text\" data-final=\"+\"><\/span><\/div><\/div><div class=\"w-text us_custom_bbb13ea5 has_text_color us_animate_this\"><span class=\"w-text-h\"><span class=\"w-text-value\">Jahre Erfahrung in der Verpackungsindustrie<\/span><\/span><\/div><\/div><\/div><\/div><\/div><div class=\"g-cols wpb_row via_flex valign_top type_default stacking_default\"><div class=\"vc_col-sm-12 wpb_column vc_column_container\"><div class=\"vc_column-inner\"><div class=\"wpb_wrapper\"><div class=\"wpb_text_column\"><div class=\"wpb_wrapper\"><p>Wir stehen f\u00fcr beste Kundenbeziehung, hochwertige Innovation, exzellenten Service und Fachkompetenz. Als vertraensw\u00fcrdiger Partner streben wir eine langfristige Zusammenarbeit an, um dauerhafte Beziehungen zu unseren Kunden zu st\u00e4rken.<\/p>\n<\/div><\/div><\/div><\/div><\/div><\/div><\/div><\/div><\/div><\/div><\/div><\/section><section class=\"l-section wpb_row height_auto width_full\"><div class=\"l-section-h i-cf\"><div class=\"g-cols vc_row via_flex valign_middle type_default reversed stacking_default\"><div class=\"vc_col-sm-6 wpb_column vc_column_container\"><div class=\"vc_column-inner\"><div class=\"wpb_wrapper\"><div class=\"wpb_text_column us_custom_35e0a010\"><div class=\"wpb_wrapper\"><div class=\"w-iconbox iconpos_left style_default color_contrast align_center no_text\">\n<div class=\"w-iconbox-meta\">\n<div class=\"w-iconbox iconpos_left style_default color_contrast align_center no_text\">\n<div class=\"w-iconbox-meta\">\n<h2 class=\"w-iconbox-title\" style=\"text-align: center;\">Schulung<\/h2>\n<\/div>\n<\/div>\n<div class=\"wpb_text_column\">\n<div class=\"wpb_wrapper\">\n<p>Im Jahr 2011 initiierte Inmold das sekund\u00e4re Bildungsprogram vor allem auf den Mangel an qualifizierten Arbeitskr\u00e4ften im Werkzeugbau. Wir realisierten dieses Projekt gemeinsam mit der lokalen Fachschule und es gibt derzeit zwei Profile, die ausgebildet werden: Maschinentechniker f\u00fcr EDV-Steuerung und Mechatroniker.<\/p>\n<p>50 Sch\u00fcler j\u00e4hrlich unterziehen sich diesem Programm und 10 Sch\u00fcler erhalten Stipendien von Inmold. Der praktische Unterricht wird in unserem Unternehmen und im Contemporary Technology Center (CTC)organisiert, das wir in Zusammenarbeit mit der lokalen Selbstverwaltung und der Bundesregierung Agentur GIZ aufgebaut und ausgestattet haben.<\/p>\n<p>Die Sch\u00fcler erfahren zum ersten Mal den praktischen Unterricht im Contemporary Technology Center (CTC), und alles, was sie auf Computern und modernen Steuerungseinheiten bauen, k\u00f6nnen sie auf die beiden neuen Maschinen im Center realisieren. Wenn es um den praktischen Unterricht in unserem Unternehmen geht, k\u00f6nnen alle Sch\u00fcler in unser Unternehmen kommen und f\u00fcr ein bis zwei Tage in der Woche unter der Aufsicht unserer Professoren und Mentoren bleiben. Unsere Mitarbeiter arbeiten mit den Sch\u00fclern nach unserem Plan und Programm, das wir nach den deutschen und \u00f6sterreichischen Systemen konzipiert haben. Die meiste Aufmerksamkeit wird dem Erwerb praktischer Kenntnisse und verwandten Lehren gewidmet, die nicht ausreichend in der Schule abgedeckt sind. Au\u00dferdem organisieren wir berufliche Seminare und Schulungen, Besuche von Ausstellungen und anderen Unternehmen, Bildungs-Touristenreisen im In- und Ausland.<\/p>\n<\/div>\n<\/div>\n<\/div>\n<\/div>\n<\/div><\/div><\/div><\/div><\/div><div class=\"vc_col-sm-6 wpb_column vc_column_container\"><div class=\"vc_column-inner\"><div class=\"wpb_wrapper\"><div class=\"w-image align_none\"><div class=\"w-image-h\"><img decoding=\"async\" width=\"1024\" height=\"877\" src=\"https:\/\/inmold-ltd.com\/de\/wp-content\/uploads\/sites\/5\/2024\/01\/Generacija-2023-2024-Sajt-DE-1024x877.webp\" class=\"attachment-large size-large\" alt=\"\" loading=\"lazy\" srcset=\"https:\/\/inmold-ltd.com\/de\/wp-content\/uploads\/sites\/5\/2024\/01\/Generacija-2023-2024-Sajt-DE-1024x877.webp 1024w, https:\/\/inmold-ltd.com\/de\/wp-content\/uploads\/sites\/5\/2024\/01\/Generacija-2023-2024-Sajt-DE-300x257.webp 300w, https:\/\/inmold-ltd.com\/de\/wp-content\/uploads\/sites\/5\/2024\/01\/Generacija-2023-2024-Sajt-DE-600x514.webp 600w, https:\/\/inmold-ltd.com\/de\/wp-content\/uploads\/sites\/5\/2024\/01\/Generacija-2023-2024-Sajt-DE-58x50.webp 58w\" sizes=\"auto, (max-width: 1024px) 100vw, 1024px\" \/><\/div><\/div><\/div><\/div><\/div><\/div><\/div><\/section><section class=\"l-section wpb_row height_auto width_full\"><div class=\"l-section-h i-cf\"><div class=\"g-cols vc_row via_flex valign_middle type_default stacking_default\"><div class=\"vc_col-sm-6 wpb_column vc_column_container\"><div class=\"vc_column-inner\"><div class=\"wpb_wrapper\"><div class=\"w-image align_none\"><div class=\"w-image-h\"><img decoding=\"async\" width=\"1024\" height=\"717\" src=\"https:\/\/inmold-ltd.com\/de\/wp-content\/uploads\/sites\/5\/2021\/02\/inmold_download-1024x717.jpg\" class=\"attachment-large size-large\" alt=\"\" loading=\"lazy\" srcset=\"https:\/\/inmold-ltd.com\/de\/wp-content\/uploads\/sites\/5\/2021\/02\/inmold_download-1024x717.jpg 1024w, https:\/\/inmold-ltd.com\/de\/wp-content\/uploads\/sites\/5\/2021\/02\/inmold_download-300x210.jpg 300w, https:\/\/inmold-ltd.com\/de\/wp-content\/uploads\/sites\/5\/2021\/02\/inmold_download-71x50.jpg 71w, https:\/\/inmold-ltd.com\/de\/wp-content\/uploads\/sites\/5\/2021\/02\/inmold_download.jpg 1920w\" sizes=\"auto, (max-width: 1024px) 100vw, 1024px\" \/><\/div><\/div><\/div><\/div><\/div><div class=\"vc_col-sm-6 wpb_column vc_column_container\"><div class=\"vc_column-inner us_custom_3c24cf57\"><div class=\"wpb_wrapper\"><div class=\"wpb_text_column us_custom_adaa8402\"><div class=\"wpb_wrapper\"><div class=\"w-iconbox iconpos_left style_default color_contrast align_center no_text\">\n<div class=\"w-iconbox-meta\">\n<div class=\"w-iconbox iconpos_left style_default color_contrast align_center no_text\">\n<div class=\"w-iconbox-meta\">\n<h2 class=\"w-iconbox-title\" style=\"text-align: center;\">Heruntenladen<\/h2>\n<\/div>\n<\/div>\n<\/div>\n<\/div>\n<\/div><\/div><div class=\"wpb_text_column\"><div class=\"wpb_wrapper\"><div id=\"list-icon-wrap-9590\" class=\"uavc-list-content\">\n<div class=\"uavc-list-icon \" data-animation=\"\" data-animation-delay=\"03\">\n<div class=\"ult-just-icon-wrapper \">\n<div class=\"align-icon\">\n<div class=\"aio-icon none \" style=\"text-align: left;\"><a href=\"https:\/\/inmold-ltd.com\/\/static\/pdf\/Tool%20shop%20-List%20of%20the%20machines%20-%20new.pdf\">Werkzeugladen &#8211; Liste der Maschinen<\/a><\/div>\n<div>\n<p><a href=\"https:\/\/inmold-ltd.com\/static\/pdf\/INMOLD%20PRECISION%20PARTS.pdf\" target=\"_blank\" rel=\"noopener\">Pr\u00e4zisionsteile<\/a><br \/>\n<a href=\"https:\/\/inmold-ltd.com\/static\/pdf\/INMOLD%20INJECTION%20MOLDING.pdf\" target=\"_blank\" rel=\"noopener\">Spritzgie\u00dfen<\/a><br \/>\n<a href=\"https:\/\/inmold-ltd.com\/static\/pdf\/INMOLD%20CONTRACT%20MACHINING.pdf\" target=\"_blank\" rel=\"noopener\">Vertragsfertigung<\/a><br \/>\n<a href=\"https:\/\/inmold-ltd.com\/static\/pdf\/INMOLD%20PACKAGING%20AND%20AUTOMATION.pdf\" target=\"_blank\" rel=\"noopener\">Verpackung und Automatisierung<\/a><br \/>\n<a href=\"https:\/\/inmold-ltd.com\/static\/pdf\/INMOLD%20MOLD%20SERVICES%20AND%20REPAIRS.pdf\" target=\"_blank\" rel=\"noopener\">Formdienstleistungen und Reparaturen<\/a><br \/>\n<a href=\"https:\/\/inmold-ltd.com\/static\/pdf\/PACKAGING.pdf\" target=\"_blank\" rel=\"noopener\">Brosch\u00fcre Verpackung<\/a><br \/>\n<a href=\"https:\/\/inmold-ltd.com\/static\/pdf\/TECHNICAL_PARTS.pdf\" target=\"_blank\" rel=\"noopener\">Brosch\u00fcre Technische Teile<\/a><br \/>\n<a href=\"https:\/\/inmold-ltd.com\/static\/pdf\/IML_SYSTEMS.pdf\" target=\"_blank\" rel=\"noopener\">Brosch\u00fcre IML-Systeme<\/a><br \/>\n<a href=\"https:\/\/inmold-ltd.com\/static\/pdf\/QscertCertificatesSRB.pdf\" target=\"_blank\" rel=\"noopener\">ISO 9001, ISO 14001<\/a><br \/>\n<a href=\"https:\/\/inmold-ltd.com\/static\/pdf\/Politika%20kvaliteta.pdf\">Qualit\u00e4tsrichtlinie<\/a><br \/>\n<a href=\"https:\/\/inmold-ltd.com\/\/static\/pdf\/Poslovni%20kodeks.pdf\">Verhaltenskodex f\u00fcr Gesch\u00e4fte<\/a><br \/>\n<a href=\"https:\/\/inmold-ltd.com\/static\/pdf\/IATF%2016949.pdf\">IATF 16949 &#8211;<\/a> Anwendungsbereich dieses Standards ist die Produktion von Kunststoffteilen<br \/>\n<a href=\"http:\/\/inmold-ltd.com\/static\/pdf\/inmold_4.0_projekat_SRB.pdf\">Inmold 4.0<\/a><\/p>\n<\/div>\n<\/div>\n<\/div>\n<\/div>\n<\/div>\n<\/div><\/div><\/div><\/div><\/div><\/div><\/div><\/section>\n","protected":false},"excerpt":{"rendered":"\u00dcber uns Inmold Group ist ein in zweiter Generation gef\u00fchrtes Familienunternehmen und verf\u00fcgt \u00fcber fast 40 Jahre Erfahrung in der Herstellung von Werkzeugen f\u00fcr h\u00f6chste Anspr\u00fcche. Wir sind in zwei Hauptgesch\u00e4ftsbereichen t\u00e4tig, wobei der Schwerpunkt auf der Herstellung von hochpr\u00e4zisen Werkzeugen mit mehreren Kernen und IML-Systemen liegt, die an die W\u00fcnsche des Kunden angepasst sind....","protected":false},"author":1,"featured_media":0,"parent":0,"menu_order":0,"comment_status":"closed","ping_status":"closed","template":"","meta":{"footnotes":""},"class_list":["post-12","page","type-page","status-publish","hentry"],"yoast_head":"<!-- This site is optimized with the Yoast SEO plugin v24.5 - https:\/\/yoast.com\/wordpress\/plugins\/seo\/ -->\n<title>Unternehmen - INMOLD Group d.o.o. DE<\/title>\n<meta name=\"robots\" content=\"index, follow, max-snippet:-1, max-image-preview:large, max-video-preview:-1\" \/>\n<link rel=\"canonical\" href=\"https:\/\/inmold-ltd.com\/de\/unternehmen\/\" \/>\n<meta property=\"og:locale\" content=\"de_DE\" \/>\n<meta property=\"og:type\" content=\"article\" \/>\n<meta property=\"og:title\" content=\"Unternehmen - INMOLD Group d.o.o. DE\" \/>\n<meta property=\"og:url\" content=\"https:\/\/inmold-ltd.com\/de\/unternehmen\/\" \/>\n<meta property=\"og:site_name\" content=\"INMOLD Group d.o.o. DE\" \/>\n<meta property=\"article:modified_time\" content=\"2024-04-17T12:09:59+00:00\" \/>\n<meta name=\"twitter:card\" content=\"summary_large_image\" \/>\n<meta name=\"twitter:label1\" content=\"Gesch\u00e4tzte Lesezeit\" \/>\n\t<meta name=\"twitter:data1\" content=\"6\u00a0Minuten\" \/>\n<script type=\"application\/ld+json\" class=\"yoast-schema-graph\">{\"@context\":\"https:\/\/schema.org\",\"@graph\":[{\"@type\":\"WebPage\",\"@id\":\"https:\/\/inmold-ltd.com\/de\/unternehmen\/\",\"url\":\"https:\/\/inmold-ltd.com\/de\/unternehmen\/\",\"name\":\"Unternehmen - INMOLD Group d.o.o. DE\",\"isPartOf\":{\"@id\":\"https:\/\/inmold-ltd.com\/de\/#website\"},\"datePublished\":\"2021-02-19T21:23:18+00:00\",\"dateModified\":\"2024-04-17T12:09:59+00:00\",\"breadcrumb\":{\"@id\":\"https:\/\/inmold-ltd.com\/de\/unternehmen\/#breadcrumb\"},\"inLanguage\":\"de\",\"potentialAction\":[{\"@type\":\"ReadAction\",\"target\":[\"https:\/\/inmold-ltd.com\/de\/unternehmen\/\"]}]},{\"@type\":\"BreadcrumbList\",\"@id\":\"https:\/\/inmold-ltd.com\/de\/unternehmen\/#breadcrumb\",\"itemListElement\":[{\"@type\":\"ListItem\",\"position\":1,\"name\":\"Po\u010detna\",\"item\":\"https:\/\/inmold-ltd.com\/de\/\"},{\"@type\":\"ListItem\",\"position\":2,\"name\":\"Unternehmen\"}]},{\"@type\":\"WebSite\",\"@id\":\"https:\/\/inmold-ltd.com\/de\/#website\",\"url\":\"https:\/\/inmold-ltd.com\/de\/\",\"name\":\"INMOLD Group d.o.o. DE\",\"description\":\"Herstellung von hochwertigen Werkzeugen f\u00fcr Kunststoff und Nichteisenmetalle\",\"potentialAction\":[{\"@type\":\"SearchAction\",\"target\":{\"@type\":\"EntryPoint\",\"urlTemplate\":\"https:\/\/inmold-ltd.com\/de\/?s={search_term_string}\"},\"query-input\":{\"@type\":\"PropertyValueSpecification\",\"valueRequired\":true,\"valueName\":\"search_term_string\"}}],\"inLanguage\":\"de\"}]}<\/script>\n<!-- \/ Yoast SEO plugin. -->","yoast_head_json":{"title":"Unternehmen - INMOLD Group d.o.o. DE","robots":{"index":"index","follow":"follow","max-snippet":"max-snippet:-1","max-image-preview":"max-image-preview:large","max-video-preview":"max-video-preview:-1"},"canonical":"https:\/\/inmold-ltd.com\/de\/unternehmen\/","og_locale":"de_DE","og_type":"article","og_title":"Unternehmen - INMOLD Group d.o.o. DE","og_url":"https:\/\/inmold-ltd.com\/de\/unternehmen\/","og_site_name":"INMOLD Group d.o.o. DE","article_modified_time":"2024-04-17T12:09:59+00:00","twitter_card":"summary_large_image","twitter_misc":{"Gesch\u00e4tzte Lesezeit":"6\u00a0Minuten"},"schema":{"@context":"https:\/\/schema.org","@graph":[{"@type":"WebPage","@id":"https:\/\/inmold-ltd.com\/de\/unternehmen\/","url":"https:\/\/inmold-ltd.com\/de\/unternehmen\/","name":"Unternehmen - INMOLD Group d.o.o. DE","isPartOf":{"@id":"https:\/\/inmold-ltd.com\/de\/#website"},"datePublished":"2021-02-19T21:23:18+00:00","dateModified":"2024-04-17T12:09:59+00:00","breadcrumb":{"@id":"https:\/\/inmold-ltd.com\/de\/unternehmen\/#breadcrumb"},"inLanguage":"de","potentialAction":[{"@type":"ReadAction","target":["https:\/\/inmold-ltd.com\/de\/unternehmen\/"]}]},{"@type":"BreadcrumbList","@id":"https:\/\/inmold-ltd.com\/de\/unternehmen\/#breadcrumb","itemListElement":[{"@type":"ListItem","position":1,"name":"Po\u010detna","item":"https:\/\/inmold-ltd.com\/de\/"},{"@type":"ListItem","position":2,"name":"Unternehmen"}]},{"@type":"WebSite","@id":"https:\/\/inmold-ltd.com\/de\/#website","url":"https:\/\/inmold-ltd.com\/de\/","name":"INMOLD Group d.o.o. DE","description":"Herstellung von hochwertigen Werkzeugen f\u00fcr Kunststoff und Nichteisenmetalle","potentialAction":[{"@type":"SearchAction","target":{"@type":"EntryPoint","urlTemplate":"https:\/\/inmold-ltd.com\/de\/?s={search_term_string}"},"query-input":{"@type":"PropertyValueSpecification","valueRequired":true,"valueName":"search_term_string"}}],"inLanguage":"de"}]}},"_links":{"self":[{"href":"https:\/\/inmold-ltd.com\/de\/wp-json\/wp\/v2\/pages\/12","targetHints":{"allow":["GET"]}}],"collection":[{"href":"https:\/\/inmold-ltd.com\/de\/wp-json\/wp\/v2\/pages"}],"about":[{"href":"https:\/\/inmold-ltd.com\/de\/wp-json\/wp\/v2\/types\/page"}],"author":[{"embeddable":true,"href":"https:\/\/inmold-ltd.com\/de\/wp-json\/wp\/v2\/users\/1"}],"replies":[{"embeddable":true,"href":"https:\/\/inmold-ltd.com\/de\/wp-json\/wp\/v2\/comments?post=12"}],"version-history":[{"count":12,"href":"https:\/\/inmold-ltd.com\/de\/wp-json\/wp\/v2\/pages\/12\/revisions"}],"predecessor-version":[{"id":11306,"href":"https:\/\/inmold-ltd.com\/de\/wp-json\/wp\/v2\/pages\/12\/revisions\/11306"}],"wp:attachment":[{"href":"https:\/\/inmold-ltd.com\/de\/wp-json\/wp\/v2\/media?parent=12"}],"curies":[{"name":"wp","href":"https:\/\/api.w.org\/{rel}","templated":true}]}}