{"id":30,"date":"2021-02-19T22:31:35","date_gmt":"2021-02-19T21:31:35","guid":{"rendered":"http:\/\/localhost\/?page_id=30"},"modified":"2023-06-13T09:53:20","modified_gmt":"2023-06-13T07:53:20","slug":"reparatur-und-service-von-werkzeugen","status":"publish","type":"page","link":"https:\/\/inmold-ltd.com\/de\/reparatur-und-service-von-werkzeugen\/","title":{"rendered":"Werkzeugreparatur und Service"},"content":{"rendered":"<section class=\"l-section wpb_row height_medium\"><div class=\"l-section-h i-cf\"><div class=\"g-cols vc_row via_flex valign_top type_default stacking_default\"><div class=\"vc_col-sm-12 wpb_column vc_column_container\"><div class=\"vc_column-inner\"><div class=\"wpb_wrapper\"><div class=\"g-cols wpb_row via_flex valign_top type_default stacking_default\"><div class=\"vc_col-sm-6 wpb_column vc_column_container\"><div class=\"vc_column-inner\"><div class=\"wpb_wrapper\"><div class=\"wpb_text_column\"><div class=\"wpb_wrapper\"><h1>Werkzeugreparatur und Service<span class=\"Apple-converted-space\">\u00a0<\/span><\/h1>\n<\/div><\/div><div class=\"wpb_text_column\"><div class=\"wpb_wrapper\"><p>Das Werkzeug ist der Kern jedes Produktionsprozesses. Damit das Werkzeug funktional, pr\u00e4zis und langlebig w\u00e4re, sollte es regelm\u00e4\u00dfig gewartet werden.<\/p>\n<p>Inmold kann die Reparatur, regelm\u00e4\u00dfiges Service, Nachbearbeitung des Werkzeuges aber auch die Reparatur der Teile, wenn es ein Fehler in der Entwurfsphase erschienen ist, anbieten. Wir haben alle notwendige Maschinen und Ger\u00e4te um mit Werkzeugen zu 40 t zu arbeiten.<\/p>\n<p>Die Reparatur kann bei uns in der Firma durchgef\u00fchrt werden, aber auch vor Ort in der Firma unseres Kunden.<\/p>\n<\/div><\/div><\/div><\/div><\/div><div class=\"vc_col-sm-6 wpb_column vc_column_container\"><div class=\"vc_column-inner\"><div class=\"wpb_wrapper\"><div class=\"w-slider style_none fit_scaledown\"><div class=\"w-slider-h\"><div class=\"royalSlider\"><div class=\"rsContent\"><a class=\"rsImg\" data-rsw=\"1814\" data-rsh=\"1080\" href=\"https:\/\/inmold-ltd.com\/de\/wp-content\/uploads\/sites\/5\/2019\/01\/mold-repair_1.jpg\"><span data-alt=\"\"><\/span><\/a><\/div><div class=\"rsContent\"><a class=\"rsImg\" data-rsw=\"1644\" data-rsh=\"1080\" href=\"https:\/\/inmold-ltd.com\/de\/wp-content\/uploads\/sites\/5\/2019\/01\/mold-repair_2.jpg\"><span data-alt=\"\"><\/span><\/a><\/div><div class=\"rsContent\"><a class=\"rsImg\" data-rsw=\"1722\" data-rsh=\"1080\" href=\"https:\/\/inmold-ltd.com\/de\/wp-content\/uploads\/sites\/5\/2019\/01\/mold-repair_3.jpg\"><span data-alt=\"\"><\/span><\/a><\/div><\/div><img decoding=\"async\" src=\"https:\/\/inmold-ltd.com\/de\/wp-content\/uploads\/sites\/5\/2019\/01\/mold-repair_1.jpg\" width=\"1814\" height=\"1080\" alt loading=\"lazy\"><\/div><div class=\"w-slider-json\" onclick='return {&quot;autoScaleSlider&quot;:true,&quot;loop&quot;:true,&quot;fadeInLoadedSlide&quot;:false,&quot;slidesSpacing&quot;:0,&quot;imageScalePadding&quot;:0,&quot;numImagesToPreload&quot;:2,&quot;arrowsNav&quot;:true,&quot;arrowsNavAutoHide&quot;:false,&quot;transitionType&quot;:&quot;move&quot;,&quot;transitionSpeed&quot;:250,&quot;block&quot;:{&quot;moveEffect&quot;:&quot;none&quot;,&quot;speed&quot;:300},&quot;thumbs&quot;:{&quot;fitInViewport&quot;:false},&quot;controlNavigation&quot;:&quot;none&quot;,&quot;imageScaleMode&quot;:&quot;fit-if-smaller&quot;,&quot;autoScaleSliderWidth&quot;:1814,&quot;autoScaleSliderHeight&quot;:1080}'><\/div><\/div><\/div><\/div><\/div><\/div><\/div><\/div><\/div><\/div><\/div><\/section>\n","protected":false},"excerpt":{"rendered":"Werkzeugreparatur und Service\u00a0 Das Werkzeug ist der Kern jedes Produktionsprozesses. Damit das Werkzeug funktional, pr\u00e4zis und langlebig w\u00e4re, sollte es regelm\u00e4\u00dfig gewartet werden. Inmold kann die Reparatur, regelm\u00e4\u00dfiges Service, Nachbearbeitung des Werkzeuges aber auch die Reparatur der Teile, wenn es ein Fehler in der Entwurfsphase erschienen ist, anbieten. Wir haben alle notwendige Maschinen und Ger\u00e4te...","protected":false},"author":1,"featured_media":11192,"parent":0,"menu_order":0,"comment_status":"closed","ping_status":"closed","template":"","meta":{"footnotes":""},"class_list":["post-30","page","type-page","status-publish","has-post-thumbnail","hentry"],"yoast_head":"<!-- This site is optimized with the Yoast SEO plugin v24.5 - https:\/\/yoast.com\/wordpress\/plugins\/seo\/ -->\n<title>Werkzeugreparatur und Service - INMOLD Group d.o.o. DE<\/title>\n<meta name=\"robots\" content=\"index, follow, max-snippet:-1, max-image-preview:large, max-video-preview:-1\" \/>\n<link rel=\"canonical\" href=\"https:\/\/inmold-ltd.com\/de\/reparatur-und-service-von-werkzeugen\/\" \/>\n<meta property=\"og:locale\" content=\"de_DE\" \/>\n<meta property=\"og:type\" content=\"article\" \/>\n<meta property=\"og:title\" content=\"Werkzeugreparatur und Service - INMOLD Group d.o.o. DE\" \/>\n<meta property=\"og:url\" content=\"https:\/\/inmold-ltd.com\/de\/reparatur-und-service-von-werkzeugen\/\" \/>\n<meta property=\"og:site_name\" content=\"INMOLD Group d.o.o. DE\" \/>\n<meta property=\"article:modified_time\" content=\"2023-06-13T07:53:20+00:00\" \/>\n<meta property=\"og:image\" content=\"https:\/\/inmold-ltd.com\/de\/wp-content\/uploads\/sites\/5\/2023\/05\/inmold_group_servis_i_dorada_alata-scaled-1.webp\" \/>\n\t<meta property=\"og:image:width\" content=\"1920\" \/>\n\t<meta property=\"og:image:height\" content=\"2560\" \/>\n\t<meta property=\"og:image:type\" content=\"image\/webp\" \/>\n<meta name=\"twitter:card\" content=\"summary_large_image\" \/>\n<meta name=\"twitter:label1\" content=\"Gesch\u00e4tzte Lesezeit\" \/>\n\t<meta name=\"twitter:data1\" content=\"1\u00a0Minute\" \/>\n<script type=\"application\/ld+json\" class=\"yoast-schema-graph\">{\"@context\":\"https:\/\/schema.org\",\"@graph\":[{\"@type\":\"WebPage\",\"@id\":\"https:\/\/inmold-ltd.com\/de\/reparatur-und-service-von-werkzeugen\/\",\"url\":\"https:\/\/inmold-ltd.com\/de\/reparatur-und-service-von-werkzeugen\/\",\"name\":\"Werkzeugreparatur und Service - INMOLD Group d.o.o. DE\",\"isPartOf\":{\"@id\":\"https:\/\/inmold-ltd.com\/de\/#website\"},\"primaryImageOfPage\":{\"@id\":\"https:\/\/inmold-ltd.com\/de\/reparatur-und-service-von-werkzeugen\/#primaryimage\"},\"image\":{\"@id\":\"https:\/\/inmold-ltd.com\/de\/reparatur-und-service-von-werkzeugen\/#primaryimage\"},\"thumbnailUrl\":\"https:\/\/inmold-ltd.com\/de\/wp-content\/uploads\/sites\/5\/2023\/05\/inmold_group_servis_i_dorada_alata-scaled-1.webp\",\"datePublished\":\"2021-02-19T21:31:35+00:00\",\"dateModified\":\"2023-06-13T07:53:20+00:00\",\"breadcrumb\":{\"@id\":\"https:\/\/inmold-ltd.com\/de\/reparatur-und-service-von-werkzeugen\/#breadcrumb\"},\"inLanguage\":\"de\",\"potentialAction\":[{\"@type\":\"ReadAction\",\"target\":[\"https:\/\/inmold-ltd.com\/de\/reparatur-und-service-von-werkzeugen\/\"]}]},{\"@type\":\"ImageObject\",\"inLanguage\":\"de\",\"@id\":\"https:\/\/inmold-ltd.com\/de\/reparatur-und-service-von-werkzeugen\/#primaryimage\",\"url\":\"https:\/\/inmold-ltd.com\/de\/wp-content\/uploads\/sites\/5\/2023\/05\/inmold_group_servis_i_dorada_alata-scaled-1.webp\",\"contentUrl\":\"https:\/\/inmold-ltd.com\/de\/wp-content\/uploads\/sites\/5\/2023\/05\/inmold_group_servis_i_dorada_alata-scaled-1.webp\",\"width\":1920,\"height\":2560},{\"@type\":\"BreadcrumbList\",\"@id\":\"https:\/\/inmold-ltd.com\/de\/reparatur-und-service-von-werkzeugen\/#breadcrumb\",\"itemListElement\":[{\"@type\":\"ListItem\",\"position\":1,\"name\":\"Po\u010detna\",\"item\":\"https:\/\/inmold-ltd.com\/de\/\"},{\"@type\":\"ListItem\",\"position\":2,\"name\":\"Werkzeugreparatur und Service\"}]},{\"@type\":\"WebSite\",\"@id\":\"https:\/\/inmold-ltd.com\/de\/#website\",\"url\":\"https:\/\/inmold-ltd.com\/de\/\",\"name\":\"INMOLD Group d.o.o. DE\",\"description\":\"Herstellung von hochwertigen Werkzeugen f\u00fcr Kunststoff und Nichteisenmetalle\",\"potentialAction\":[{\"@type\":\"SearchAction\",\"target\":{\"@type\":\"EntryPoint\",\"urlTemplate\":\"https:\/\/inmold-ltd.com\/de\/?s={search_term_string}\"},\"query-input\":{\"@type\":\"PropertyValueSpecification\",\"valueRequired\":true,\"valueName\":\"search_term_string\"}}],\"inLanguage\":\"de\"}]}<\/script>\n<!-- \/ Yoast SEO plugin. -->","yoast_head_json":{"title":"Werkzeugreparatur und Service - INMOLD Group d.o.o. DE","robots":{"index":"index","follow":"follow","max-snippet":"max-snippet:-1","max-image-preview":"max-image-preview:large","max-video-preview":"max-video-preview:-1"},"canonical":"https:\/\/inmold-ltd.com\/de\/reparatur-und-service-von-werkzeugen\/","og_locale":"de_DE","og_type":"article","og_title":"Werkzeugreparatur und Service - INMOLD Group d.o.o. DE","og_url":"https:\/\/inmold-ltd.com\/de\/reparatur-und-service-von-werkzeugen\/","og_site_name":"INMOLD Group d.o.o. DE","article_modified_time":"2023-06-13T07:53:20+00:00","og_image":[{"width":1920,"height":2560,"url":"https:\/\/inmold-ltd.com\/de\/wp-content\/uploads\/sites\/5\/2023\/05\/inmold_group_servis_i_dorada_alata-scaled-1.webp","type":"image\/webp"}],"twitter_card":"summary_large_image","twitter_misc":{"Gesch\u00e4tzte Lesezeit":"1\u00a0Minute"},"schema":{"@context":"https:\/\/schema.org","@graph":[{"@type":"WebPage","@id":"https:\/\/inmold-ltd.com\/de\/reparatur-und-service-von-werkzeugen\/","url":"https:\/\/inmold-ltd.com\/de\/reparatur-und-service-von-werkzeugen\/","name":"Werkzeugreparatur und Service - INMOLD Group d.o.o. DE","isPartOf":{"@id":"https:\/\/inmold-ltd.com\/de\/#website"},"primaryImageOfPage":{"@id":"https:\/\/inmold-ltd.com\/de\/reparatur-und-service-von-werkzeugen\/#primaryimage"},"image":{"@id":"https:\/\/inmold-ltd.com\/de\/reparatur-und-service-von-werkzeugen\/#primaryimage"},"thumbnailUrl":"https:\/\/inmold-ltd.com\/de\/wp-content\/uploads\/sites\/5\/2023\/05\/inmold_group_servis_i_dorada_alata-scaled-1.webp","datePublished":"2021-02-19T21:31:35+00:00","dateModified":"2023-06-13T07:53:20+00:00","breadcrumb":{"@id":"https:\/\/inmold-ltd.com\/de\/reparatur-und-service-von-werkzeugen\/#breadcrumb"},"inLanguage":"de","potentialAction":[{"@type":"ReadAction","target":["https:\/\/inmold-ltd.com\/de\/reparatur-und-service-von-werkzeugen\/"]}]},{"@type":"ImageObject","inLanguage":"de","@id":"https:\/\/inmold-ltd.com\/de\/reparatur-und-service-von-werkzeugen\/#primaryimage","url":"https:\/\/inmold-ltd.com\/de\/wp-content\/uploads\/sites\/5\/2023\/05\/inmold_group_servis_i_dorada_alata-scaled-1.webp","contentUrl":"https:\/\/inmold-ltd.com\/de\/wp-content\/uploads\/sites\/5\/2023\/05\/inmold_group_servis_i_dorada_alata-scaled-1.webp","width":1920,"height":2560},{"@type":"BreadcrumbList","@id":"https:\/\/inmold-ltd.com\/de\/reparatur-und-service-von-werkzeugen\/#breadcrumb","itemListElement":[{"@type":"ListItem","position":1,"name":"Po\u010detna","item":"https:\/\/inmold-ltd.com\/de\/"},{"@type":"ListItem","position":2,"name":"Werkzeugreparatur und Service"}]},{"@type":"WebSite","@id":"https:\/\/inmold-ltd.com\/de\/#website","url":"https:\/\/inmold-ltd.com\/de\/","name":"INMOLD Group d.o.o. DE","description":"Herstellung von hochwertigen Werkzeugen f\u00fcr Kunststoff und Nichteisenmetalle","potentialAction":[{"@type":"SearchAction","target":{"@type":"EntryPoint","urlTemplate":"https:\/\/inmold-ltd.com\/de\/?s={search_term_string}"},"query-input":{"@type":"PropertyValueSpecification","valueRequired":true,"valueName":"search_term_string"}}],"inLanguage":"de"}]}},"_links":{"self":[{"href":"https:\/\/inmold-ltd.com\/de\/wp-json\/wp\/v2\/pages\/30","targetHints":{"allow":["GET"]}}],"collection":[{"href":"https:\/\/inmold-ltd.com\/de\/wp-json\/wp\/v2\/pages"}],"about":[{"href":"https:\/\/inmold-ltd.com\/de\/wp-json\/wp\/v2\/types\/page"}],"author":[{"embeddable":true,"href":"https:\/\/inmold-ltd.com\/de\/wp-json\/wp\/v2\/users\/1"}],"replies":[{"embeddable":true,"href":"https:\/\/inmold-ltd.com\/de\/wp-json\/wp\/v2\/comments?post=30"}],"version-history":[{"count":2,"href":"https:\/\/inmold-ltd.com\/de\/wp-json\/wp\/v2\/pages\/30\/revisions"}],"predecessor-version":[{"id":11247,"href":"https:\/\/inmold-ltd.com\/de\/wp-json\/wp\/v2\/pages\/30\/revisions\/11247"}],"wp:featuredmedia":[{"embeddable":true,"href":"https:\/\/inmold-ltd.com\/de\/wp-json\/wp\/v2\/media\/11192"}],"wp:attachment":[{"href":"https:\/\/inmold-ltd.com\/de\/wp-json\/wp\/v2\/media?parent=30"}],"curies":[{"name":"wp","href":"https:\/\/api.w.org\/{rel}","templated":true}]}}