{"id":32,"date":"2021-02-19T22:31:53","date_gmt":"2021-02-19T21:31:53","guid":{"rendered":"http:\/\/localhost\/?page_id=32"},"modified":"2023-06-13T09:54:06","modified_gmt":"2023-06-13T07:54:06","slug":"tkc-laserschweisse","status":"publish","type":"page","link":"https:\/\/inmold-ltd.com\/de\/tkc-laserschweisse\/","title":{"rendered":"Laserschwei\u00dfen"},"content":{"rendered":"<section class=\"l-section wpb_row height_medium\"><div class=\"l-section-h i-cf\"><div class=\"g-cols vc_row via_flex valign_top type_default stacking_default\"><div class=\"vc_col-sm-12 wpb_column vc_column_container\"><div class=\"vc_column-inner\"><div class=\"wpb_wrapper\"><div class=\"g-cols wpb_row via_flex valign_top type_default stacking_default\"><div class=\"vc_col-sm-6 wpb_column vc_column_container\"><div class=\"vc_column-inner\"><div class=\"wpb_wrapper\"><div class=\"wpb_text_column\"><div class=\"wpb_wrapper\"><h1>Laserschwei\u00dfen<\/h1>\n<\/div><\/div><div class=\"wpb_text_column\"><div class=\"wpb_wrapper\"><p>Unser Vorteil ist, wenn es darum geht, Werkzeuge zu reparieren, dass alle Prozesse in unserem Unternehmen durchgef\u00fchrt werden. Ein solches Verfahren ist das Laserschwei\u00dfen. Die Vorteile des Laserschwei\u00dfens sind:<\/p>\n<ul class=\"disk\">\n<li>Die hohe Qualit\u00e4t der Schwei\u00dfnaht<\/li>\n<li>Hohe Geschwindigkeit und Pr\u00e4zision bei der Reparatur<\/li>\n<li>Weniger Intervention der Schwei\u00dfnaht nach der Schwei\u00dfung<\/li>\n<li>Guter Preis<\/li>\n<\/ul>\n<\/div><\/div><\/div><\/div><\/div><div class=\"vc_col-sm-6 wpb_column vc_column_container\"><div class=\"vc_column-inner\"><div class=\"wpb_wrapper\"><div class=\"w-slider style_none fit_scaledown\"><div class=\"w-slider-h\"><div class=\"royalSlider\"><div class=\"rsContent\"><a class=\"rsImg\" data-rsw=\"1615\" data-rsh=\"1080\" href=\"https:\/\/inmold-ltd.com\/de\/wp-content\/uploads\/sites\/5\/2019\/01\/lasersko-secenje_1.jpg\"><span data-alt=\"\"><\/span><\/a><\/div><div class=\"rsContent\"><a class=\"rsImg\" data-rsw=\"1615\" data-rsh=\"1080\" href=\"https:\/\/inmold-ltd.com\/de\/wp-content\/uploads\/sites\/5\/2019\/01\/lasersko-secenje_2.jpg\"><span data-alt=\"\"><\/span><\/a><\/div><\/div><img decoding=\"async\" src=\"https:\/\/inmold-ltd.com\/de\/wp-content\/uploads\/sites\/5\/2019\/01\/lasersko-secenje_1.jpg\" width=\"1615\" height=\"1080\" alt loading=\"lazy\"><\/div><div class=\"w-slider-json\" onclick='return {&quot;autoScaleSlider&quot;:true,&quot;loop&quot;:true,&quot;fadeInLoadedSlide&quot;:false,&quot;slidesSpacing&quot;:0,&quot;imageScalePadding&quot;:0,&quot;numImagesToPreload&quot;:2,&quot;arrowsNav&quot;:true,&quot;arrowsNavAutoHide&quot;:false,&quot;transitionType&quot;:&quot;move&quot;,&quot;transitionSpeed&quot;:250,&quot;block&quot;:{&quot;moveEffect&quot;:&quot;none&quot;,&quot;speed&quot;:300},&quot;thumbs&quot;:{&quot;fitInViewport&quot;:false},&quot;controlNavigation&quot;:&quot;none&quot;,&quot;imageScaleMode&quot;:&quot;fit-if-smaller&quot;,&quot;autoScaleSliderWidth&quot;:1615,&quot;autoScaleSliderHeight&quot;:1080}'><\/div><\/div><\/div><\/div><\/div><\/div><\/div><\/div><\/div><\/div><\/div><\/section>\n","protected":false},"excerpt":{"rendered":"Laserschwei\u00dfen Unser Vorteil ist, wenn es darum geht, Werkzeuge zu reparieren, dass alle Prozesse in unserem Unternehmen durchgef\u00fchrt werden. Ein solches Verfahren ist das Laserschwei\u00dfen. Die Vorteile des Laserschwei\u00dfens sind: Die hohe Qualit\u00e4t der Schwei\u00dfnaht Hohe Geschwindigkeit und Pr\u00e4zision bei der Reparatur Weniger Intervention der Schwei\u00dfnaht nach der Schwei\u00dfung Guter Preis","protected":false},"author":1,"featured_media":11190,"parent":0,"menu_order":0,"comment_status":"closed","ping_status":"closed","template":"","meta":{"footnotes":""},"class_list":["post-32","page","type-page","status-publish","has-post-thumbnail","hentry"],"yoast_head":"<!-- This site is optimized with the Yoast SEO plugin v24.5 - https:\/\/yoast.com\/wordpress\/plugins\/seo\/ -->\n<title>Laserschwei\u00dfen - INMOLD Group d.o.o. DE<\/title>\n<meta name=\"robots\" content=\"index, follow, max-snippet:-1, max-image-preview:large, max-video-preview:-1\" \/>\n<link rel=\"canonical\" href=\"https:\/\/inmold-ltd.com\/de\/tkc-laserschweisse\/\" \/>\n<meta property=\"og:locale\" content=\"de_DE\" \/>\n<meta property=\"og:type\" content=\"article\" \/>\n<meta property=\"og:title\" content=\"Laserschwei\u00dfen - INMOLD Group d.o.o. DE\" \/>\n<meta property=\"og:url\" content=\"https:\/\/inmold-ltd.com\/de\/tkc-laserschweisse\/\" \/>\n<meta property=\"og:site_name\" content=\"INMOLD Group d.o.o. DE\" \/>\n<meta property=\"article:modified_time\" content=\"2023-06-13T07:54:06+00:00\" \/>\n<meta property=\"og:image\" content=\"https:\/\/inmold-ltd.com\/de\/wp-content\/uploads\/sites\/5\/2023\/05\/inmold_group_lasersko_navarivanje-scaled-1.webp\" \/>\n\t<meta property=\"og:image:width\" content=\"1920\" \/>\n\t<meta property=\"og:image:height\" content=\"2560\" \/>\n\t<meta property=\"og:image:type\" content=\"image\/webp\" \/>\n<meta name=\"twitter:card\" content=\"summary_large_image\" \/>\n<meta name=\"twitter:label1\" content=\"Gesch\u00e4tzte Lesezeit\" \/>\n\t<meta name=\"twitter:data1\" content=\"1\u00a0Minute\" \/>\n<script type=\"application\/ld+json\" class=\"yoast-schema-graph\">{\"@context\":\"https:\/\/schema.org\",\"@graph\":[{\"@type\":\"WebPage\",\"@id\":\"https:\/\/inmold-ltd.com\/de\/tkc-laserschweisse\/\",\"url\":\"https:\/\/inmold-ltd.com\/de\/tkc-laserschweisse\/\",\"name\":\"Laserschwei\u00dfen - INMOLD Group d.o.o. DE\",\"isPartOf\":{\"@id\":\"https:\/\/inmold-ltd.com\/de\/#website\"},\"primaryImageOfPage\":{\"@id\":\"https:\/\/inmold-ltd.com\/de\/tkc-laserschweisse\/#primaryimage\"},\"image\":{\"@id\":\"https:\/\/inmold-ltd.com\/de\/tkc-laserschweisse\/#primaryimage\"},\"thumbnailUrl\":\"https:\/\/inmold-ltd.com\/de\/wp-content\/uploads\/sites\/5\/2023\/05\/inmold_group_lasersko_navarivanje-scaled-1.webp\",\"datePublished\":\"2021-02-19T21:31:53+00:00\",\"dateModified\":\"2023-06-13T07:54:06+00:00\",\"breadcrumb\":{\"@id\":\"https:\/\/inmold-ltd.com\/de\/tkc-laserschweisse\/#breadcrumb\"},\"inLanguage\":\"de\",\"potentialAction\":[{\"@type\":\"ReadAction\",\"target\":[\"https:\/\/inmold-ltd.com\/de\/tkc-laserschweisse\/\"]}]},{\"@type\":\"ImageObject\",\"inLanguage\":\"de\",\"@id\":\"https:\/\/inmold-ltd.com\/de\/tkc-laserschweisse\/#primaryimage\",\"url\":\"https:\/\/inmold-ltd.com\/de\/wp-content\/uploads\/sites\/5\/2023\/05\/inmold_group_lasersko_navarivanje-scaled-1.webp\",\"contentUrl\":\"https:\/\/inmold-ltd.com\/de\/wp-content\/uploads\/sites\/5\/2023\/05\/inmold_group_lasersko_navarivanje-scaled-1.webp\",\"width\":1920,\"height\":2560},{\"@type\":\"BreadcrumbList\",\"@id\":\"https:\/\/inmold-ltd.com\/de\/tkc-laserschweisse\/#breadcrumb\",\"itemListElement\":[{\"@type\":\"ListItem\",\"position\":1,\"name\":\"Po\u010detna\",\"item\":\"https:\/\/inmold-ltd.com\/de\/\"},{\"@type\":\"ListItem\",\"position\":2,\"name\":\"Laserschwei\u00dfen\"}]},{\"@type\":\"WebSite\",\"@id\":\"https:\/\/inmold-ltd.com\/de\/#website\",\"url\":\"https:\/\/inmold-ltd.com\/de\/\",\"name\":\"INMOLD Group d.o.o. DE\",\"description\":\"Herstellung von hochwertigen Werkzeugen f\u00fcr Kunststoff und Nichteisenmetalle\",\"potentialAction\":[{\"@type\":\"SearchAction\",\"target\":{\"@type\":\"EntryPoint\",\"urlTemplate\":\"https:\/\/inmold-ltd.com\/de\/?s={search_term_string}\"},\"query-input\":{\"@type\":\"PropertyValueSpecification\",\"valueRequired\":true,\"valueName\":\"search_term_string\"}}],\"inLanguage\":\"de\"}]}<\/script>\n<!-- \/ Yoast SEO plugin. -->","yoast_head_json":{"title":"Laserschwei\u00dfen - INMOLD Group d.o.o. DE","robots":{"index":"index","follow":"follow","max-snippet":"max-snippet:-1","max-image-preview":"max-image-preview:large","max-video-preview":"max-video-preview:-1"},"canonical":"https:\/\/inmold-ltd.com\/de\/tkc-laserschweisse\/","og_locale":"de_DE","og_type":"article","og_title":"Laserschwei\u00dfen - INMOLD Group d.o.o. DE","og_url":"https:\/\/inmold-ltd.com\/de\/tkc-laserschweisse\/","og_site_name":"INMOLD Group d.o.o. DE","article_modified_time":"2023-06-13T07:54:06+00:00","og_image":[{"width":1920,"height":2560,"url":"https:\/\/inmold-ltd.com\/de\/wp-content\/uploads\/sites\/5\/2023\/05\/inmold_group_lasersko_navarivanje-scaled-1.webp","type":"image\/webp"}],"twitter_card":"summary_large_image","twitter_misc":{"Gesch\u00e4tzte Lesezeit":"1\u00a0Minute"},"schema":{"@context":"https:\/\/schema.org","@graph":[{"@type":"WebPage","@id":"https:\/\/inmold-ltd.com\/de\/tkc-laserschweisse\/","url":"https:\/\/inmold-ltd.com\/de\/tkc-laserschweisse\/","name":"Laserschwei\u00dfen - INMOLD Group d.o.o. DE","isPartOf":{"@id":"https:\/\/inmold-ltd.com\/de\/#website"},"primaryImageOfPage":{"@id":"https:\/\/inmold-ltd.com\/de\/tkc-laserschweisse\/#primaryimage"},"image":{"@id":"https:\/\/inmold-ltd.com\/de\/tkc-laserschweisse\/#primaryimage"},"thumbnailUrl":"https:\/\/inmold-ltd.com\/de\/wp-content\/uploads\/sites\/5\/2023\/05\/inmold_group_lasersko_navarivanje-scaled-1.webp","datePublished":"2021-02-19T21:31:53+00:00","dateModified":"2023-06-13T07:54:06+00:00","breadcrumb":{"@id":"https:\/\/inmold-ltd.com\/de\/tkc-laserschweisse\/#breadcrumb"},"inLanguage":"de","potentialAction":[{"@type":"ReadAction","target":["https:\/\/inmold-ltd.com\/de\/tkc-laserschweisse\/"]}]},{"@type":"ImageObject","inLanguage":"de","@id":"https:\/\/inmold-ltd.com\/de\/tkc-laserschweisse\/#primaryimage","url":"https:\/\/inmold-ltd.com\/de\/wp-content\/uploads\/sites\/5\/2023\/05\/inmold_group_lasersko_navarivanje-scaled-1.webp","contentUrl":"https:\/\/inmold-ltd.com\/de\/wp-content\/uploads\/sites\/5\/2023\/05\/inmold_group_lasersko_navarivanje-scaled-1.webp","width":1920,"height":2560},{"@type":"BreadcrumbList","@id":"https:\/\/inmold-ltd.com\/de\/tkc-laserschweisse\/#breadcrumb","itemListElement":[{"@type":"ListItem","position":1,"name":"Po\u010detna","item":"https:\/\/inmold-ltd.com\/de\/"},{"@type":"ListItem","position":2,"name":"Laserschwei\u00dfen"}]},{"@type":"WebSite","@id":"https:\/\/inmold-ltd.com\/de\/#website","url":"https:\/\/inmold-ltd.com\/de\/","name":"INMOLD Group d.o.o. DE","description":"Herstellung von hochwertigen Werkzeugen f\u00fcr Kunststoff und Nichteisenmetalle","potentialAction":[{"@type":"SearchAction","target":{"@type":"EntryPoint","urlTemplate":"https:\/\/inmold-ltd.com\/de\/?s={search_term_string}"},"query-input":{"@type":"PropertyValueSpecification","valueRequired":true,"valueName":"search_term_string"}}],"inLanguage":"de"}]}},"_links":{"self":[{"href":"https:\/\/inmold-ltd.com\/de\/wp-json\/wp\/v2\/pages\/32","targetHints":{"allow":["GET"]}}],"collection":[{"href":"https:\/\/inmold-ltd.com\/de\/wp-json\/wp\/v2\/pages"}],"about":[{"href":"https:\/\/inmold-ltd.com\/de\/wp-json\/wp\/v2\/types\/page"}],"author":[{"embeddable":true,"href":"https:\/\/inmold-ltd.com\/de\/wp-json\/wp\/v2\/users\/1"}],"replies":[{"embeddable":true,"href":"https:\/\/inmold-ltd.com\/de\/wp-json\/wp\/v2\/comments?post=32"}],"version-history":[{"count":2,"href":"https:\/\/inmold-ltd.com\/de\/wp-json\/wp\/v2\/pages\/32\/revisions"}],"predecessor-version":[{"id":11248,"href":"https:\/\/inmold-ltd.com\/de\/wp-json\/wp\/v2\/pages\/32\/revisions\/11248"}],"wp:featuredmedia":[{"embeddable":true,"href":"https:\/\/inmold-ltd.com\/de\/wp-json\/wp\/v2\/media\/11190"}],"wp:attachment":[{"href":"https:\/\/inmold-ltd.com\/de\/wp-json\/wp\/v2\/media?parent=32"}],"curies":[{"name":"wp","href":"https:\/\/api.w.org\/{rel}","templated":true}]}}