{"id":34,"date":"2021-02-19T22:32:09","date_gmt":"2021-02-19T21:32:09","guid":{"rendered":"http:\/\/localhost\/?page_id=34"},"modified":"2023-06-14T22:19:36","modified_gmt":"2023-06-14T20:19:36","slug":"neuigkeiten","status":"publish","type":"page","link":"https:\/\/inmold-ltd.com\/de\/neuigkeiten\/","title":{"rendered":"Neuigkeiten"},"content":{"rendered":"<section class=\"l-section wpb_row height_medium\"><div class=\"l-section-h i-cf\"><div class=\"g-cols vc_row via_flex valign_top type_default stacking_default\"><div class=\"vc_col-sm-12 wpb_column vc_column_container\"><div class=\"vc_column-inner\"><div class=\"wpb_wrapper\"><div class=\"g-cols wpb_row via_flex valign_top type_default stacking_default\"><div class=\"vc_col-sm-12 wpb_column vc_column_container\"><div class=\"vc_column-inner\"><div class=\"wpb_wrapper\"><div class=\"w-grid type_grid layout_7180 cols_3\" id=\"us_grid_1\" style=\"--gap:1.5rem;\" data-filterable=\"true\"><style>@media (max-width:768px){#us_grid_1 .w-grid-item{width:50%}}@media (max-width:600px){#us_grid_1 .w-grid-list{margin:0}#us_grid_1 .w-grid-item{width:100%;padding:0;margin-bottom:var(--gap,0px)}}.layout_7180 .w-grid-item-h{}.layout_7180 .usg_post_image_1{transition-duration:0.3s;transform-origin:50% 50%;transform:scale(1) translate(0%,0%)}.layout_7180 .w-grid-item-h:hover .usg_post_image_1{transform:scale(1) translate(0%,0%);opacity:1}.layout_7180 .usg_post_title_1{font-family:var(--font-family)!important}.layout_7180 .usg_post_date_1{font-family:var(--font-family)!important}<\/style><div class=\"w-grid-list\">\t<article class=\"w-grid-item size_1x1 post-11324 post type-post status-publish format-standard has-post-thumbnail hentry category-nachrichten\" data-id=\"11324\">\r\n\t\t<div class=\"w-grid-item-h\">\r\n\t\t\t\t\t\t<div class=\"w-vwrapper usg_vwrapper_1 align_left valign_top\"><div class=\"w-post-elm post_image usg_post_image_1 stretched\"><a href=\"https:\/\/inmold-ltd.com\/de\/neuer-star-unter-unseren-maschinen\/\" aria-label=\"Neuer Star unter unseren Maschinen\"><img loading=\"lazy\" decoding=\"async\" width=\"1024\" height=\"538\" src=\"https:\/\/inmold-ltd.com\/de\/wp-content\/uploads\/sites\/5\/2024\/09\/3.png\" class=\"attachment-us_600_315_crop size-us_600_315_crop wp-post-image\" alt=\"\" srcset=\"https:\/\/inmold-ltd.com\/de\/wp-content\/uploads\/sites\/5\/2024\/09\/3.png 1024w, https:\/\/inmold-ltd.com\/de\/wp-content\/uploads\/sites\/5\/2024\/09\/3-300x158.png 300w, https:\/\/inmold-ltd.com\/de\/wp-content\/uploads\/sites\/5\/2024\/09\/3-600x315.png 600w, https:\/\/inmold-ltd.com\/de\/wp-content\/uploads\/sites\/5\/2024\/09\/3-95x50.png 95w\" sizes=\"auto, (max-width: 1024px) 100vw, 1024px\" \/><\/a><\/div><time class=\"w-post-elm post_date usg_post_date_1 entry-date published\" datetime=\"2024-09-26T10:14:32+02:00\">26. September 2024.<\/time><\/div><h4 class=\"w-post-elm post_title usg_post_title_1 entry-title color_link_inherit\"><a href=\"https:\/\/inmold-ltd.com\/de\/neuer-star-unter-unseren-maschinen\/\">Neuer Star unter unseren Maschinen<\/a><\/h4>\t\t<\/div>\r\n\t\t\t<\/article>\r\n\t<article class=\"w-grid-item size_1x1 post-11310 post type-post status-publish format-standard has-post-thumbnail hentry category-nachrichten\" data-id=\"11310\">\r\n\t\t<div class=\"w-grid-item-h\">\r\n\t\t\t\t\t\t<div class=\"w-vwrapper usg_vwrapper_1 align_left valign_top\"><div class=\"w-post-elm post_image usg_post_image_1 stretched\"><a href=\"https:\/\/inmold-ltd.com\/de\/unsere-erste-solaranlage-ist-offiziell-in-betrieb\/\" aria-label=\"Unsere erste Solaranlage ist offiziell in Betrieb\"><img loading=\"lazy\" decoding=\"async\" width=\"1024\" height=\"538\" src=\"https:\/\/inmold-ltd.com\/de\/wp-content\/uploads\/sites\/5\/2024\/06\/GER.webp\" class=\"attachment-us_600_315_crop size-us_600_315_crop wp-post-image\" alt=\"\" srcset=\"https:\/\/inmold-ltd.com\/de\/wp-content\/uploads\/sites\/5\/2024\/06\/GER.webp 1024w, https:\/\/inmold-ltd.com\/de\/wp-content\/uploads\/sites\/5\/2024\/06\/GER-300x158.webp 300w, https:\/\/inmold-ltd.com\/de\/wp-content\/uploads\/sites\/5\/2024\/06\/GER-600x315.webp 600w, https:\/\/inmold-ltd.com\/de\/wp-content\/uploads\/sites\/5\/2024\/06\/GER-95x50.webp 95w\" sizes=\"auto, (max-width: 1024px) 100vw, 1024px\" \/><\/a><\/div><time class=\"w-post-elm post_date usg_post_date_1 entry-date published\" datetime=\"2024-06-26T17:03:37+02:00\">26. Juni 2024.<\/time><\/div><h4 class=\"w-post-elm post_title usg_post_title_1 entry-title color_link_inherit\"><a href=\"https:\/\/inmold-ltd.com\/de\/unsere-erste-solaranlage-ist-offiziell-in-betrieb\/\">Unsere erste Solaranlage ist offiziell in Betrieb<\/a><\/h4>\t\t<\/div>\r\n\t\t\t<\/article>\r\n\t<article class=\"w-grid-item size_1x1 post-11317 post type-post status-publish format-standard has-post-thumbnail hentry category-nachrichten\" data-id=\"11317\">\r\n\t\t<div class=\"w-grid-item-h\">\r\n\t\t\t\t\t\t<div class=\"w-vwrapper usg_vwrapper_1 align_left valign_top\"><div class=\"w-post-elm post_image usg_post_image_1 stretched\"><a href=\"https:\/\/inmold-ltd.com\/de\/feierliche-eroeffnung-des-inmold-bueros-an-der-fakultaet-fuer-maschinenbau-in-belgrad\/\" aria-label=\"Feierliche Er\u00f6ffnung des Inmold-B\u00fcros an der Fakult\u00e4t f\u00fcr Maschinenbau in Belgrad\"><img loading=\"lazy\" decoding=\"async\" width=\"1024\" height=\"538\" src=\"https:\/\/inmold-ltd.com\/de\/wp-content\/uploads\/sites\/5\/2024\/08\/4.png\" class=\"attachment-us_600_315_crop size-us_600_315_crop wp-post-image\" alt=\"\" srcset=\"https:\/\/inmold-ltd.com\/de\/wp-content\/uploads\/sites\/5\/2024\/08\/4.png 1024w, https:\/\/inmold-ltd.com\/de\/wp-content\/uploads\/sites\/5\/2024\/08\/4-300x158.png 300w, https:\/\/inmold-ltd.com\/de\/wp-content\/uploads\/sites\/5\/2024\/08\/4-600x315.png 600w, https:\/\/inmold-ltd.com\/de\/wp-content\/uploads\/sites\/5\/2024\/08\/4-95x50.png 95w\" sizes=\"auto, (max-width: 1024px) 100vw, 1024px\" \/><\/a><\/div><time class=\"w-post-elm post_date usg_post_date_1 entry-date published\" datetime=\"2024-05-17T10:10:47+02:00\">17. Mai 2024.<\/time><\/div><h4 class=\"w-post-elm post_title usg_post_title_1 entry-title color_link_inherit\"><a href=\"https:\/\/inmold-ltd.com\/de\/feierliche-eroeffnung-des-inmold-bueros-an-der-fakultaet-fuer-maschinenbau-in-belgrad\/\">Feierliche Er\u00f6ffnung des Inmold-B\u00fcros an der Fakult\u00e4t f\u00fcr Maschinenbau in Belgrad<\/a><\/h4>\t\t<\/div>\r\n\t\t\t<\/article>\r\n\t<article class=\"w-grid-item size_1x1 post-11313 post type-post status-publish format-standard has-post-thumbnail hentry category-nachrichten\" data-id=\"11313\">\r\n\t\t<div class=\"w-grid-item-h\">\r\n\t\t\t\t\t\t<div class=\"w-vwrapper usg_vwrapper_1 align_left valign_top\"><div class=\"w-post-elm post_image usg_post_image_1 stretched\"><a href=\"https:\/\/inmold-ltd.com\/de\/inmold-auf-der-npe-plastics-show-2024-in-orlando-florida\/\" aria-label=\"Inmold auf der NPE Plastics Show 2024 in Orlando, Florida\"><img loading=\"lazy\" decoding=\"async\" width=\"1024\" height=\"538\" src=\"https:\/\/inmold-ltd.com\/de\/wp-content\/uploads\/sites\/5\/2024\/06\/GER2.webp\" class=\"attachment-us_600_315_crop size-us_600_315_crop wp-post-image\" alt=\"\" srcset=\"https:\/\/inmold-ltd.com\/de\/wp-content\/uploads\/sites\/5\/2024\/06\/GER2.webp 1024w, https:\/\/inmold-ltd.com\/de\/wp-content\/uploads\/sites\/5\/2024\/06\/GER2-300x158.webp 300w, https:\/\/inmold-ltd.com\/de\/wp-content\/uploads\/sites\/5\/2024\/06\/GER2-600x315.webp 600w, https:\/\/inmold-ltd.com\/de\/wp-content\/uploads\/sites\/5\/2024\/06\/GER2-95x50.webp 95w\" sizes=\"auto, (max-width: 1024px) 100vw, 1024px\" \/><\/a><\/div><time class=\"w-post-elm post_date usg_post_date_1 entry-date published\" datetime=\"2024-05-10T09:21:13+02:00\">10. Mai 2024.<\/time><\/div><h4 class=\"w-post-elm post_title usg_post_title_1 entry-title color_link_inherit\"><a href=\"https:\/\/inmold-ltd.com\/de\/inmold-auf-der-npe-plastics-show-2024-in-orlando-florida\/\">Inmold auf der NPE Plastics Show 2024 in Orlando, Florida<\/a><\/h4>\t\t<\/div>\r\n\t\t\t<\/article>\r\n\t<article class=\"w-grid-item size_1x1 post-11303 post type-post status-publish format-standard has-post-thumbnail hentry category-nachrichten\" data-id=\"11303\">\r\n\t\t<div class=\"w-grid-item-h\">\r\n\t\t\t\t\t\t<div class=\"w-vwrapper usg_vwrapper_1 align_left valign_top\"><div class=\"w-post-elm post_image usg_post_image_1 stretched\"><a href=\"https:\/\/inmold-ltd.com\/de\/kongress-der-ingenieurstudenten\/\" aria-label=\"Kongress der Technikstudenten\"><img loading=\"lazy\" decoding=\"async\" width=\"2500\" height=\"1314\" src=\"https:\/\/inmold-ltd.com\/de\/wp-content\/uploads\/sites\/5\/2024\/03\/GER.webp\" class=\"attachment-us_600_315_crop size-us_600_315_crop wp-post-image\" alt=\"\" srcset=\"https:\/\/inmold-ltd.com\/de\/wp-content\/uploads\/sites\/5\/2024\/03\/GER.webp 2500w, https:\/\/inmold-ltd.com\/de\/wp-content\/uploads\/sites\/5\/2024\/03\/GER-300x158.webp 300w, https:\/\/inmold-ltd.com\/de\/wp-content\/uploads\/sites\/5\/2024\/03\/GER-1024x538.webp 1024w, https:\/\/inmold-ltd.com\/de\/wp-content\/uploads\/sites\/5\/2024\/03\/GER-600x315.webp 600w, https:\/\/inmold-ltd.com\/de\/wp-content\/uploads\/sites\/5\/2024\/03\/GER-95x50.webp 95w\" sizes=\"auto, (max-width: 2500px) 100vw, 2500px\" \/><\/a><\/div><time class=\"w-post-elm post_date usg_post_date_1 entry-date published\" datetime=\"2024-03-14T18:07:24+01:00\">14. M\u00e4rz 2024.<\/time><\/div><h4 class=\"w-post-elm post_title usg_post_title_1 entry-title color_link_inherit\"><a href=\"https:\/\/inmold-ltd.com\/de\/kongress-der-ingenieurstudenten\/\">Kongress der Technikstudenten<\/a><\/h4>\t\t<\/div>\r\n\t\t\t<\/article>\r\n\t<article class=\"w-grid-item size_1x1 post-11288 post type-post status-publish format-standard has-post-thumbnail hentry category-nachrichten\" data-id=\"11288\">\r\n\t\t<div class=\"w-grid-item-h\">\r\n\t\t\t\t\t\t<div class=\"w-vwrapper usg_vwrapper_1 align_left valign_top\"><div class=\"w-post-elm post_image usg_post_image_1 stretched\"><a href=\"https:\/\/inmold-ltd.com\/de\/inmold-innovationen\/\" aria-label=\"Inmold Innovationen\"><img loading=\"lazy\" decoding=\"async\" width=\"2500\" height=\"1314\" src=\"https:\/\/inmold-ltd.com\/de\/wp-content\/uploads\/sites\/5\/2023\/12\/GER.webp\" class=\"attachment-us_600_315_crop size-us_600_315_crop wp-post-image\" alt=\"\" srcset=\"https:\/\/inmold-ltd.com\/de\/wp-content\/uploads\/sites\/5\/2023\/12\/GER.webp 2500w, https:\/\/inmold-ltd.com\/de\/wp-content\/uploads\/sites\/5\/2023\/12\/GER-300x158.webp 300w, https:\/\/inmold-ltd.com\/de\/wp-content\/uploads\/sites\/5\/2023\/12\/GER-1024x538.webp 1024w, https:\/\/inmold-ltd.com\/de\/wp-content\/uploads\/sites\/5\/2023\/12\/GER-600x315.webp 600w, https:\/\/inmold-ltd.com\/de\/wp-content\/uploads\/sites\/5\/2023\/12\/GER-95x50.webp 95w\" sizes=\"auto, (max-width: 2500px) 100vw, 2500px\" \/><\/a><\/div><time class=\"w-post-elm post_date usg_post_date_1 entry-date published\" datetime=\"2023-12-05T11:51:56+01:00\">5. Dezember 2023.<\/time><\/div><h4 class=\"w-post-elm post_title usg_post_title_1 entry-title color_link_inherit\"><a href=\"https:\/\/inmold-ltd.com\/de\/inmold-innovationen\/\">Inmold Innovationen<\/a><\/h4>\t\t<\/div>\r\n\t\t\t<\/article>\r\n\t<article class=\"w-grid-item size_1x1 post-11282 post type-post status-publish format-standard has-post-thumbnail hentry category-nachrichten\" data-id=\"11282\">\r\n\t\t<div class=\"w-grid-item-h\">\r\n\t\t\t\t\t\t<div class=\"w-vwrapper usg_vwrapper_1 align_left valign_top\"><div class=\"w-post-elm post_image usg_post_image_1 stretched\"><a href=\"https:\/\/inmold-ltd.com\/de\/inmold-und-meusburger-duale-ausbildung-als-bruecke-der-zusammenarbeit\/\" aria-label=\"Inmold und Meusburger: Duale Ausbildung als Br\u00fccke der Zusammenarbeit\"><img loading=\"lazy\" decoding=\"async\" width=\"2500\" height=\"1314\" src=\"https:\/\/inmold-ltd.com\/de\/wp-content\/uploads\/sites\/5\/2023\/11\/Dualno-obrazovanje-kao-most-saradnje-GER.webp\" class=\"attachment-us_600_315_crop size-us_600_315_crop wp-post-image\" alt=\"\" srcset=\"https:\/\/inmold-ltd.com\/de\/wp-content\/uploads\/sites\/5\/2023\/11\/Dualno-obrazovanje-kao-most-saradnje-GER.webp 2500w, https:\/\/inmold-ltd.com\/de\/wp-content\/uploads\/sites\/5\/2023\/11\/Dualno-obrazovanje-kao-most-saradnje-GER-300x158.webp 300w, https:\/\/inmold-ltd.com\/de\/wp-content\/uploads\/sites\/5\/2023\/11\/Dualno-obrazovanje-kao-most-saradnje-GER-1024x538.webp 1024w, https:\/\/inmold-ltd.com\/de\/wp-content\/uploads\/sites\/5\/2023\/11\/Dualno-obrazovanje-kao-most-saradnje-GER-600x315.webp 600w, https:\/\/inmold-ltd.com\/de\/wp-content\/uploads\/sites\/5\/2023\/11\/Dualno-obrazovanje-kao-most-saradnje-GER-95x50.webp 95w\" sizes=\"auto, (max-width: 2500px) 100vw, 2500px\" \/><\/a><\/div><time class=\"w-post-elm post_date usg_post_date_1 entry-date published\" datetime=\"2023-11-15T14:47:56+01:00\">15. November 2023.<\/time><\/div><h4 class=\"w-post-elm post_title usg_post_title_1 entry-title color_link_inherit\"><a href=\"https:\/\/inmold-ltd.com\/de\/inmold-und-meusburger-duale-ausbildung-als-bruecke-der-zusammenarbeit\/\">Inmold und Meusburger: Duale Ausbildung als Br\u00fccke der Zusammenarbeit<\/a><\/h4>\t\t<\/div>\r\n\t\t\t<\/article>\r\n\t<article class=\"w-grid-item size_1x1 post-11279 post type-post status-publish format-standard has-post-thumbnail hentry category-nachrichten\" data-id=\"11279\">\r\n\t\t<div class=\"w-grid-item-h\">\r\n\t\t\t\t\t\t<div class=\"w-vwrapper usg_vwrapper_1 align_left valign_top\"><div class=\"w-post-elm post_image usg_post_image_1 stretched\"><a href=\"https:\/\/inmold-ltd.com\/de\/eoq-kongress-in-portugal\/\" aria-label=\"EOQ Kongress in Portugal\"><img loading=\"lazy\" decoding=\"async\" width=\"2500\" height=\"1314\" src=\"https:\/\/inmold-ltd.com\/de\/wp-content\/uploads\/sites\/5\/2023\/11\/EOQ-kongres-ger.webp\" class=\"attachment-us_600_315_crop size-us_600_315_crop wp-post-image\" alt=\"\" srcset=\"https:\/\/inmold-ltd.com\/de\/wp-content\/uploads\/sites\/5\/2023\/11\/EOQ-kongres-ger.webp 2500w, https:\/\/inmold-ltd.com\/de\/wp-content\/uploads\/sites\/5\/2023\/11\/EOQ-kongres-ger-300x158.webp 300w, https:\/\/inmold-ltd.com\/de\/wp-content\/uploads\/sites\/5\/2023\/11\/EOQ-kongres-ger-1024x538.webp 1024w, https:\/\/inmold-ltd.com\/de\/wp-content\/uploads\/sites\/5\/2023\/11\/EOQ-kongres-ger-600x315.webp 600w, https:\/\/inmold-ltd.com\/de\/wp-content\/uploads\/sites\/5\/2023\/11\/EOQ-kongres-ger-95x50.webp 95w\" sizes=\"auto, (max-width: 2500px) 100vw, 2500px\" \/><\/a><\/div><time class=\"w-post-elm post_date usg_post_date_1 entry-date published\" datetime=\"2023-11-09T12:42:27+01:00\">9. November 2023.<\/time><\/div><h4 class=\"w-post-elm post_title usg_post_title_1 entry-title color_link_inherit\"><a href=\"https:\/\/inmold-ltd.com\/de\/eoq-kongress-in-portugal\/\">EOQ Kongress in Portugal<\/a><\/h4>\t\t<\/div>\r\n\t\t\t<\/article>\r\n\t<article class=\"w-grid-item size_1x1 post-11276 post type-post status-publish format-standard has-post-thumbnail hentry category-nachrichten\" data-id=\"11276\">\r\n\t\t<div class=\"w-grid-item-h\">\r\n\t\t\t\t\t\t<div class=\"w-vwrapper usg_vwrapper_1 align_left valign_top\"><div class=\"w-post-elm post_image usg_post_image_1 stretched\"><a href=\"https:\/\/inmold-ltd.com\/de\/besuch-der-messe-formnext-in-frankfurt\/\" aria-label=\"Besuch der Messe \u201eFormnext\u201c in Frankfurt\"><img loading=\"lazy\" decoding=\"async\" width=\"2500\" height=\"1314\" src=\"https:\/\/inmold-ltd.com\/de\/wp-content\/uploads\/sites\/5\/2023\/11\/Poseta-sajmu-GER.webp\" class=\"attachment-us_600_315_crop size-us_600_315_crop wp-post-image\" alt=\"\" srcset=\"https:\/\/inmold-ltd.com\/de\/wp-content\/uploads\/sites\/5\/2023\/11\/Poseta-sajmu-GER.webp 2500w, https:\/\/inmold-ltd.com\/de\/wp-content\/uploads\/sites\/5\/2023\/11\/Poseta-sajmu-GER-300x158.webp 300w, https:\/\/inmold-ltd.com\/de\/wp-content\/uploads\/sites\/5\/2023\/11\/Poseta-sajmu-GER-1024x538.webp 1024w, https:\/\/inmold-ltd.com\/de\/wp-content\/uploads\/sites\/5\/2023\/11\/Poseta-sajmu-GER-600x315.webp 600w, https:\/\/inmold-ltd.com\/de\/wp-content\/uploads\/sites\/5\/2023\/11\/Poseta-sajmu-GER-95x50.webp 95w\" sizes=\"auto, (max-width: 2500px) 100vw, 2500px\" \/><\/a><\/div><time class=\"w-post-elm post_date usg_post_date_1 entry-date published\" datetime=\"2023-11-08T12:41:37+01:00\">8. November 2023.<\/time><\/div><h4 class=\"w-post-elm post_title usg_post_title_1 entry-title color_link_inherit\"><a href=\"https:\/\/inmold-ltd.com\/de\/besuch-der-messe-formnext-in-frankfurt\/\">Besuch der Messe \u201eFormnext\u201c in Frankfurt<\/a><\/h4>\t\t<\/div>\r\n\t\t\t<\/article>\r\n<\/div><div class=\"w-grid-preloader\">\t<div class=\"g-preloader type_1\">\r\n\t\t<div><\/div>\r\n\t<\/div>\r\n\t<\/div>\t\t\t<div class=\"g-loadmore \">\r\n\t\t\t\t<div class=\"g-preloader type_1\">\r\n\t\t\t\t\t<div><\/div>\r\n\t\t\t\t<\/div>\r\n\t\t\t\t<button class=\"w-btn us-btn-style_3\">\r\n\t\t\t\t\t<span class=\"w-btn-label\">Mehr laden<\/span>\r\n\t\t\t\t<\/button>\r\n\t\t\t<\/div>\r\n\t\t\t\t<div class=\"w-grid-json hidden\" onclick='return {&quot;action&quot;:&quot;us_ajax_grid&quot;,&quot;infinite_scroll&quot;:0,&quot;max_num_pages&quot;:5,&quot;pagination&quot;:&quot;ajax&quot;,&quot;template_vars&quot;:{&quot;columns&quot;:&quot;3&quot;,&quot;exclude_items&quot;:&quot;none&quot;,&quot;img_size&quot;:&quot;default&quot;,&quot;ignore_items_size&quot;:0,&quot;items_layout&quot;:&quot;7180&quot;,&quot;items_offset&quot;:&quot;1&quot;,&quot;load_animation&quot;:&quot;none&quot;,&quot;overriding_link&quot;:&quot;{\\&quot;url\\&quot;:\\&quot;\\&quot;}&quot;,&quot;post_id&quot;:0,&quot;query_args&quot;:{&quot;post_type&quot;:[&quot;post&quot;],&quot;tax_query&quot;:[{&quot;taxonomy&quot;:&quot;category&quot;,&quot;field&quot;:&quot;slug&quot;,&quot;terms&quot;:[&quot;novosti&quot;,&quot;nachrichten&quot;]}],&quot;post_status&quot;:[&quot;publish&quot;],&quot;posts_per_page&quot;:&quot;9&quot;},&quot;orderby_query_args&quot;:{&quot;orderby&quot;:{&quot;date&quot;:&quot;DESC&quot;}},&quot;type&quot;:&quot;grid&quot;,&quot;us_grid_post_type&quot;:&quot;post&quot;,&quot;us_grid_ajax_index&quot;:1,&quot;us_grid_filter_query_string&quot;:null,&quot;us_grid_index&quot;:1,&quot;page_args&quot;:[]}}'><\/div>\r\n\t<\/div><\/div><\/div><\/div><\/div><\/div><\/div><\/div><\/div><\/div><\/section>\n","protected":false},"excerpt":{"rendered":"Zwei unserer Mitarbeiter, Mladomir Ocokolji\u0107 und Ranko Markovi\u0107, besuchten k\u00fcrzlich die renommierte Messe \u201eFormnext\u201c in Frankfurt. Diese wichtige Veranstaltung ist den neuesten Entwicklungen im Bereich der additiven Fertigung, des 3D-Drucks und der digitalen Fertigung gewidmet.\u00a0 Unsere Kollegen hatten die Gelegenheit, die neuesten Technologien, Innovationen und Trends in der Branche kennenzulernen und wertvolle Kontakte mit Experten...","protected":false},"author":1,"featured_media":0,"parent":0,"menu_order":0,"comment_status":"closed","ping_status":"closed","template":"","meta":{"footnotes":""},"class_list":["post-34","page","type-page","status-publish","hentry"],"yoast_head":"<!-- This site is optimized with the Yoast SEO plugin v24.5 - https:\/\/yoast.com\/wordpress\/plugins\/seo\/ -->\n<title>Neuigkeiten - INMOLD Group d.o.o. DE<\/title>\n<meta name=\"robots\" content=\"index, follow, max-snippet:-1, max-image-preview:large, max-video-preview:-1\" \/>\n<link rel=\"canonical\" href=\"https:\/\/inmold-ltd.com\/de\/neuigkeiten\/\" \/>\n<meta property=\"og:locale\" content=\"de_DE\" \/>\n<meta property=\"og:type\" content=\"article\" \/>\n<meta property=\"og:title\" content=\"Neuigkeiten - INMOLD Group d.o.o. DE\" \/>\n<meta property=\"og:url\" content=\"https:\/\/inmold-ltd.com\/de\/neuigkeiten\/\" \/>\n<meta property=\"og:site_name\" content=\"INMOLD Group d.o.o. DE\" \/>\n<meta property=\"article:modified_time\" content=\"2023-06-14T20:19:36+00:00\" \/>\n<meta name=\"twitter:card\" content=\"summary_large_image\" \/>\n<script type=\"application\/ld+json\" class=\"yoast-schema-graph\">{\"@context\":\"https:\/\/schema.org\",\"@graph\":[{\"@type\":\"WebPage\",\"@id\":\"https:\/\/inmold-ltd.com\/de\/neuigkeiten\/\",\"url\":\"https:\/\/inmold-ltd.com\/de\/neuigkeiten\/\",\"name\":\"Neuigkeiten - INMOLD Group d.o.o. DE\",\"isPartOf\":{\"@id\":\"https:\/\/inmold-ltd.com\/de\/#website\"},\"datePublished\":\"2021-02-19T21:32:09+00:00\",\"dateModified\":\"2023-06-14T20:19:36+00:00\",\"breadcrumb\":{\"@id\":\"https:\/\/inmold-ltd.com\/de\/neuigkeiten\/#breadcrumb\"},\"inLanguage\":\"de\",\"potentialAction\":[{\"@type\":\"ReadAction\",\"target\":[\"https:\/\/inmold-ltd.com\/de\/neuigkeiten\/\"]}]},{\"@type\":\"BreadcrumbList\",\"@id\":\"https:\/\/inmold-ltd.com\/de\/neuigkeiten\/#breadcrumb\",\"itemListElement\":[{\"@type\":\"ListItem\",\"position\":1,\"name\":\"Po\u010detna\",\"item\":\"https:\/\/inmold-ltd.com\/de\/\"},{\"@type\":\"ListItem\",\"position\":2,\"name\":\"Neuigkeiten\"}]},{\"@type\":\"WebSite\",\"@id\":\"https:\/\/inmold-ltd.com\/de\/#website\",\"url\":\"https:\/\/inmold-ltd.com\/de\/\",\"name\":\"INMOLD Group d.o.o. DE\",\"description\":\"Herstellung von hochwertigen Werkzeugen f\u00fcr Kunststoff und Nichteisenmetalle\",\"potentialAction\":[{\"@type\":\"SearchAction\",\"target\":{\"@type\":\"EntryPoint\",\"urlTemplate\":\"https:\/\/inmold-ltd.com\/de\/?s={search_term_string}\"},\"query-input\":{\"@type\":\"PropertyValueSpecification\",\"valueRequired\":true,\"valueName\":\"search_term_string\"}}],\"inLanguage\":\"de\"}]}<\/script>\n<!-- \/ Yoast SEO plugin. -->","yoast_head_json":{"title":"Neuigkeiten - INMOLD Group d.o.o. DE","robots":{"index":"index","follow":"follow","max-snippet":"max-snippet:-1","max-image-preview":"max-image-preview:large","max-video-preview":"max-video-preview:-1"},"canonical":"https:\/\/inmold-ltd.com\/de\/neuigkeiten\/","og_locale":"de_DE","og_type":"article","og_title":"Neuigkeiten - INMOLD Group d.o.o. DE","og_url":"https:\/\/inmold-ltd.com\/de\/neuigkeiten\/","og_site_name":"INMOLD Group d.o.o. DE","article_modified_time":"2023-06-14T20:19:36+00:00","twitter_card":"summary_large_image","schema":{"@context":"https:\/\/schema.org","@graph":[{"@type":"WebPage","@id":"https:\/\/inmold-ltd.com\/de\/neuigkeiten\/","url":"https:\/\/inmold-ltd.com\/de\/neuigkeiten\/","name":"Neuigkeiten - INMOLD Group d.o.o. DE","isPartOf":{"@id":"https:\/\/inmold-ltd.com\/de\/#website"},"datePublished":"2021-02-19T21:32:09+00:00","dateModified":"2023-06-14T20:19:36+00:00","breadcrumb":{"@id":"https:\/\/inmold-ltd.com\/de\/neuigkeiten\/#breadcrumb"},"inLanguage":"de","potentialAction":[{"@type":"ReadAction","target":["https:\/\/inmold-ltd.com\/de\/neuigkeiten\/"]}]},{"@type":"BreadcrumbList","@id":"https:\/\/inmold-ltd.com\/de\/neuigkeiten\/#breadcrumb","itemListElement":[{"@type":"ListItem","position":1,"name":"Po\u010detna","item":"https:\/\/inmold-ltd.com\/de\/"},{"@type":"ListItem","position":2,"name":"Neuigkeiten"}]},{"@type":"WebSite","@id":"https:\/\/inmold-ltd.com\/de\/#website","url":"https:\/\/inmold-ltd.com\/de\/","name":"INMOLD Group d.o.o. DE","description":"Herstellung von hochwertigen Werkzeugen f\u00fcr Kunststoff und Nichteisenmetalle","potentialAction":[{"@type":"SearchAction","target":{"@type":"EntryPoint","urlTemplate":"https:\/\/inmold-ltd.com\/de\/?s={search_term_string}"},"query-input":{"@type":"PropertyValueSpecification","valueRequired":true,"valueName":"search_term_string"}}],"inLanguage":"de"}]}},"_links":{"self":[{"href":"https:\/\/inmold-ltd.com\/de\/wp-json\/wp\/v2\/pages\/34","targetHints":{"allow":["GET"]}}],"collection":[{"href":"https:\/\/inmold-ltd.com\/de\/wp-json\/wp\/v2\/pages"}],"about":[{"href":"https:\/\/inmold-ltd.com\/de\/wp-json\/wp\/v2\/types\/page"}],"author":[{"embeddable":true,"href":"https:\/\/inmold-ltd.com\/de\/wp-json\/wp\/v2\/users\/1"}],"replies":[{"embeddable":true,"href":"https:\/\/inmold-ltd.com\/de\/wp-json\/wp\/v2\/comments?post=34"}],"version-history":[{"count":4,"href":"https:\/\/inmold-ltd.com\/de\/wp-json\/wp\/v2\/pages\/34\/revisions"}],"predecessor-version":[{"id":11254,"href":"https:\/\/inmold-ltd.com\/de\/wp-json\/wp\/v2\/pages\/34\/revisions\/11254"}],"wp:attachment":[{"href":"https:\/\/inmold-ltd.com\/de\/wp-json\/wp\/v2\/media?parent=34"}],"curies":[{"name":"wp","href":"https:\/\/api.w.org\/{rel}","templated":true}]}}