{"id":12,"date":"2021-02-19T22:23:18","date_gmt":"2021-02-19T21:23:18","guid":{"rendered":"http:\/\/localhost\/?page_id=12"},"modified":"2023-03-30T20:50:41","modified_gmt":"2023-03-30T18:50:41","slug":"firma","status":"publish","type":"page","link":"https:\/\/inmold-ltd.com\/pl\/firma\/","title":{"rendered":"Firma"},"content":{"rendered":"<section class=\"l-section wpb_row height_auto width_full\"><div class=\"l-section-h i-cf\"><div class=\"g-cols vc_row via_flex valign_middle type_default stacking_default\"><div class=\"vc_col-sm-6 wpb_column vc_column_container\"><div class=\"vc_column-inner\"><div class=\"wpb_wrapper\"><div class=\"w-image align_none\"><div class=\"w-image-h\"><img decoding=\"async\" width=\"1024\" height=\"878\" src=\"https:\/\/inmold-ltd.com\/pl\/wp-content\/uploads\/sites\/3\/2022\/02\/Inmold_Upravna_Zgrada-1024x878.jpg\" class=\"attachment-large size-large\" alt=\"\" loading=\"lazy\" srcset=\"https:\/\/inmold-ltd.com\/pl\/wp-content\/uploads\/sites\/3\/2022\/02\/Inmold_Upravna_Zgrada-1024x878.jpg 1024w, https:\/\/inmold-ltd.com\/pl\/wp-content\/uploads\/sites\/3\/2022\/02\/Inmold_Upravna_Zgrada-300x257.jpg 300w, https:\/\/inmold-ltd.com\/pl\/wp-content\/uploads\/sites\/3\/2022\/02\/Inmold_Upravna_Zgrada-600x515.jpg 600w, https:\/\/inmold-ltd.com\/pl\/wp-content\/uploads\/sites\/3\/2022\/02\/Inmold_Upravna_Zgrada.jpg 1476w\" sizes=\"auto, (max-width: 1024px) 100vw, 1024px\" \/><\/div><\/div><\/div><\/div><\/div><div class=\"vc_col-sm-6 wpb_column vc_column_container\"><div class=\"vc_column-inner\"><div class=\"wpb_wrapper\"><div class=\"wpb_text_column us_custom_35e0a010\"><div class=\"wpb_wrapper\"><div class=\"w-iconbox iconpos_left style_default color_contrast align_center no_text\">\n<div class=\"w-iconbox-meta\">\n<h2 class=\"w-iconbox-title\" style=\"text-align: center;\"><strong>O nas<\/strong><\/h2>\n<\/div>\n<\/div>\n<div class=\"wpb_text_column\">\n<div class=\"wpb_wrapper\">\n<p>Inmold jest firm\u0105 rodzinn\u0105, za\u0142o\u017con\u0105 w 2006 roku. Por\u00f3wnuj\u0105c \u00f3wczesny okres z tera\u017aniejszo\u015bci\u0105, wida\u0107, \u017ce zmianie uleg\u0142o prawie wszystko poza niepodwa\u017caln\u0105 jako\u015bci\u0105 naszych produkt\u00f3w.<\/p>\n<p>Nastawienie na wysok\u0105 jako\u015b\u0107 jest obecne na ka\u017cdym etapie projektu, pocz\u0105wszy od pierwszego kontaktu z klientem, poprzez rozw\u00f3j produktu, jego produkcj\u0119 jak i ko\u0144cowy produkt. Maj\u0105c to na uwadze, mo\u017cemy dumnie stwierdzi\u0107, \u017ce w za\u0142o\u017ceniach naszej firmy le\u017c\u0105 najwy\u017csza jako\u015b\u0107 oraz relacje z klientami<\/p>\n<p>Podstawow\u0105 dzia\u0142alno\u015bci\u0105 Inmold jest produkcja wysokiej jako\u015bci form wtryskowych do tworzyw sztucznych oraz metali kolorowych. Nasz\u0105 specjalno\u015bci\u0105 jest produkcja form wtryskowych do opakowa\u0144 cienko\u015bciennych oraz element\u00f3w technicznych. Poza formami produkujemy r\u00f3wnie\u017c roboty IML<\/p>\n<p>Nasza firma posiada certyfikaty oraz dzia\u0142a zgodnie z wymogami ISO 9001, ISO 14001 oraz IATF 16949.<\/p>\n<\/div>\n<\/div>\n<\/div><\/div><\/div><\/div><\/div><\/div><\/div><\/section><section class=\"l-section wpb_row height_auto width_full\"><div class=\"l-section-h i-cf\"><div class=\"g-cols vc_row via_flex valign_middle type_default reversed stacking_default\"><div class=\"vc_col-sm-6 wpb_column vc_column_container\"><div class=\"vc_column-inner\"><div class=\"wpb_wrapper\"><div class=\"wpb_text_column us_custom_35e0a010\"><div class=\"wpb_wrapper\"><div class=\"w-iconbox iconpos_left style_default color_contrast align_center no_text\">\n<div class=\"w-iconbox-meta\">\n<div class=\"w-iconbox iconpos_left style_default color_contrast align_center no_text\">\n<div class=\"w-iconbox-meta\">\n<h2 class=\"w-iconbox-title\" style=\"text-align: center;\">Kszta\u0142cenie<\/h2>\n<\/div>\n<\/div>\n<div class=\"wpb_text_column\">\n<div class=\"wpb_wrapper\">\n<p>W 2011 g\u0142\u00f3wnie ze wzgl\u0119du na brak pracownik\u00f3w wykwalifikowanych w narz\u0119dziowni, Inmold rozpocz\u0105\u0142 program szkolnictwa ponadpodstawowego. Projekt ten odbywa si\u0119 w porozumieniu z lokalnym technikum. Obecnie realizowane s\u0105 2 profile nauczania: technik mechanik CNC oraz technik mechatronik.<\/p>\n<p>Ka\u017cdego roku 50 uczni\u00f3w przechodzi przez specjalny program, przy czym 10 otrzymuje stypendium z Inmold. Lekcje praktycznego nauczania zawodu s\u0105 organizowane w naszej firmie oraz Centrum Technologii Nowoczesnej (CTC), kt\u00f3re stworzyli\u015bmy i wyposa\u017cyli\u015bmy we wsp\u00f3\u0142pracy z lokalnymi w\u0142adzami oraz niemieck\u0105 agencj\u0105 rz\u0105dow\u0105 GIZ.<br \/>\nUczniowie po raz pierwszy maj\u0105 praktyczne lekcje w CTC. Wszystko co zaprojektuj\u0105 na komputerach i nowoczesnych jednostkach steruj\u0105cych, mog\u0105 potem wykona\u0107 na dw\u00f3ch maszynach znajduj\u0105cych si\u0119 w Centrum. Je\u015bli chodzi o lekcje praktyczne w naszej firmie, uczniowie przychodz\u0105 1-2 razy w tygodniu i pozostaj\u0105 pod opiek\u0105 naszych profesor\u00f3w i mentor\u00f3w. Nasza kadra pracuje z uczniami zgodnie z planem oraz programem odpowiednio dla systemu niemieckiego i austriackiego.<\/p>\n<p>Najwi\u0119cej uwagi jest przywi\u0105zywane do uzyskiwania wiedzy praktycznej i uzupe\u0142nienia wiedzy szkolnej. Poza tym organizujemy seminaria oraz szkolenia zawodowe, wyjazdy na targi oraz do innych firm, jak i wyjazdy szkoleniowo- turystyczne w kraju i za granic\u0105.<\/p>\n<\/div>\n<\/div>\n<\/div>\n<\/div>\n<\/div><\/div><\/div><\/div><\/div><div class=\"vc_col-sm-6 wpb_column vc_column_container\"><div class=\"vc_column-inner\"><div class=\"wpb_wrapper\"><div class=\"w-image align_none\"><div class=\"w-image-h\"><img decoding=\"async\" width=\"1000\" height=\"857\" src=\"https:\/\/inmold-ltd.com\/pl\/wp-content\/uploads\/sites\/3\/2023\/03\/generacija-2022-23.jpg\" class=\"attachment-large size-large\" alt=\"\" loading=\"lazy\" srcset=\"https:\/\/inmold-ltd.com\/pl\/wp-content\/uploads\/sites\/3\/2023\/03\/generacija-2022-23.jpg 1000w, https:\/\/inmold-ltd.com\/pl\/wp-content\/uploads\/sites\/3\/2023\/03\/generacija-2022-23-300x257.jpg 300w, https:\/\/inmold-ltd.com\/pl\/wp-content\/uploads\/sites\/3\/2023\/03\/generacija-2022-23-600x514.jpg 600w\" sizes=\"auto, (max-width: 1000px) 100vw, 1000px\" \/><\/div><\/div><\/div><\/div><\/div><\/div><\/div><\/section><section class=\"l-section wpb_row height_auto width_full\"><div class=\"l-section-h i-cf\"><div class=\"g-cols vc_row via_flex valign_middle type_default stacking_default\"><div class=\"vc_col-sm-6 wpb_column vc_column_container\"><div class=\"vc_column-inner\"><div class=\"wpb_wrapper\"><div class=\"w-image align_none\"><div class=\"w-image-h\"><img decoding=\"async\" width=\"1024\" height=\"717\" src=\"https:\/\/inmold-ltd.com\/pl\/wp-content\/uploads\/sites\/3\/2021\/02\/inmold_download-1024x717.jpg\" class=\"attachment-large size-large\" alt=\"\" loading=\"lazy\" srcset=\"https:\/\/inmold-ltd.com\/pl\/wp-content\/uploads\/sites\/3\/2021\/02\/inmold_download-1024x717.jpg 1024w, https:\/\/inmold-ltd.com\/pl\/wp-content\/uploads\/sites\/3\/2021\/02\/inmold_download-300x210.jpg 300w, https:\/\/inmold-ltd.com\/pl\/wp-content\/uploads\/sites\/3\/2021\/02\/inmold_download-600x420.jpg 600w, https:\/\/inmold-ltd.com\/pl\/wp-content\/uploads\/sites\/3\/2021\/02\/inmold_download.jpg 1920w\" sizes=\"auto, (max-width: 1024px) 100vw, 1024px\" \/><\/div><\/div><\/div><\/div><\/div><div class=\"vc_col-sm-6 wpb_column vc_column_container\"><div class=\"vc_column-inner us_custom_3c24cf57\"><div class=\"wpb_wrapper\"><div class=\"wpb_text_column us_custom_adaa8402\"><div class=\"wpb_wrapper\"><div class=\"w-iconbox iconpos_left style_default color_contrast align_center no_text\">\n<div class=\"w-iconbox-meta\">\n<div class=\"w-iconbox iconpos_left style_default color_contrast align_center no_text\">\n<div class=\"w-iconbox-meta\">\n<h2 class=\"w-iconbox-title\" style=\"text-align: center;\">Do pobrania<\/h2>\n<\/div>\n<\/div>\n<\/div>\n<\/div>\n<\/div><\/div><div class=\"wpb_text_column\"><div class=\"wpb_wrapper\"><div id=\"list-icon-wrap-9590\" class=\"uavc-list-content\">\n<div class=\"uavc-list-icon \" data-animation=\"\" data-animation-delay=\"03\">\n<div class=\"ult-just-icon-wrapper \">\n<div class=\"align-icon\">\n<div class=\"aio-icon none \" style=\"text-align: left;\">\n<div id=\"list-icon-wrap-9590\" class=\"uavc-list-content\">\n<div class=\"uavc-list-icon \" data-animation=\"\" data-animation-delay=\"03\">\n<div class=\"ult-just-icon-wrapper \">\n<div class=\"align-icon\">\n<div class=\"aio-icon none \" style=\"text-align: left;\"><a href=\"https:\/\/inmold-ltd.com\/\/static\/pdf\/Tool%20shop%20-List%20of%20the%20machines%20-%20new.pdf\">Tool shop \u2013 List of the machines<\/a><\/div>\n<\/div>\n<\/div>\n<\/div>\n<\/div>\n<div id=\"list-icon-wrap-6912\" class=\"uavc-list-content\">\n<div class=\"uavc-list-icon \" data-animation=\"\" data-animation-delay=\"03\">\n<div class=\"ult-just-icon-wrapper \">\n<div class=\"align-icon\">\n<div class=\"aio-icon none \">\n<p style=\"font-weight: 400;\"><a href=\"https:\/\/inmold-ltd.com\/static\/pdf\/PACKAGING.pdf\" target=\"_blank\" rel=\"noopener\">Brochure Packaging<\/a><br \/>\n<a href=\"https:\/\/inmold-ltd.com\/static\/pdf\/TECHNICAL_PARTS.pdf\" target=\"_blank\" rel=\"noopener\">Brochure Technical Parts<\/a><br \/>\n<a href=\"https:\/\/inmold-ltd.com\/static\/pdf\/IML_SYSTEMS.pdf\" target=\"_blank\" rel=\"noopener\">Brochure IML Systems<\/a><br \/>\n<a href=\"https:\/\/inmold-ltd.com\/static\/pdf\/INMOLD%20PRESENTATION%202018.pdf\">Inmold Presentation 2018<\/a><br \/>\n<a href=\"https:\/\/inmold-ltd.com\/static\/pdf\/QscertCertificatesENG.pdf\" target=\"_blank\" rel=\"noopener\">ISO 9001, ISO 14001<\/a><br \/>\n<a href=\"https:\/\/inmold-ltd.com\/static\/pdf\/Politika%20kvaliteta.pdf\">Politika kvaliteta<\/a><br \/>\n<a href=\"https:\/\/inmold-ltd.com\/\/static\/pdf\/Poslovni%20kodeks.pdf\">Poslovni kodeks<\/a><br \/>\n<a href=\"https:\/\/inmold-ltd.com\/static\/pdf\/IATF%2016949.pdf\">IATF 16949 <\/a>&#8211; podru\u010dje primene ovog standarda je proizvodnja plasti\u010dnih delova<br \/>\n<a href=\"http:\/\/inmold-ltd.com\/static\/pdf\/inmold_4.0_projekat_SRB.pdf\">Inmold 4.0<\/a><\/p>\n<\/div>\n<\/div>\n<\/div>\n<\/div>\n<\/div>\n<\/div>\n<\/div>\n<\/div>\n<\/div>\n<\/div>\n<div id=\"list-icon-wrap-7156\" class=\"uavc-list-content\">\n<div class=\"uavc-list-icon \" data-animation=\"\" data-animation-delay=\"03\">\n<div class=\"ult-just-icon-wrapper \">\n<div class=\"align-icon\">\n<div class=\"aio-icon none \"><\/div>\n<\/div>\n<\/div>\n<\/div>\n<\/div>\n<\/div><\/div><\/div><\/div><\/div><\/div><\/div><\/section>\n","protected":false},"excerpt":{"rendered":"O nas Inmold jest firm\u0105 rodzinn\u0105, za\u0142o\u017con\u0105 w 2006 roku. Por\u00f3wnuj\u0105c \u00f3wczesny okres z tera\u017aniejszo\u015bci\u0105, wida\u0107, \u017ce zmianie uleg\u0142o prawie wszystko poza niepodwa\u017caln\u0105 jako\u015bci\u0105 naszych produkt\u00f3w. Nastawienie na wysok\u0105 jako\u015b\u0107 jest obecne na ka\u017cdym etapie projektu, pocz\u0105wszy od pierwszego kontaktu z klientem, poprzez rozw\u00f3j produktu, jego produkcj\u0119 jak i ko\u0144cowy produkt. Maj\u0105c to na uwadze,...","protected":false},"author":1,"featured_media":0,"parent":0,"menu_order":0,"comment_status":"closed","ping_status":"closed","template":"","meta":{"footnotes":""},"class_list":["post-12","page","type-page","status-publish","hentry"],"yoast_head":"<!-- This site is optimized with the Yoast SEO plugin v24.5 - https:\/\/yoast.com\/wordpress\/plugins\/seo\/ -->\n<title>Firma - INMOLD Group d.o.o. PL<\/title>\n<meta name=\"robots\" content=\"index, follow, max-snippet:-1, max-image-preview:large, max-video-preview:-1\" \/>\n<link rel=\"canonical\" href=\"https:\/\/inmold-ltd.com\/pl\/firma\/\" \/>\n<meta property=\"og:locale\" content=\"pl_PL\" \/>\n<meta property=\"og:type\" content=\"article\" \/>\n<meta property=\"og:title\" content=\"Firma - INMOLD Group d.o.o. PL\" \/>\n<meta property=\"og:url\" content=\"https:\/\/inmold-ltd.com\/pl\/firma\/\" \/>\n<meta property=\"og:site_name\" content=\"INMOLD Group d.o.o. PL\" \/>\n<meta property=\"article:modified_time\" content=\"2023-03-30T18:50:41+00:00\" \/>\n<meta name=\"twitter:card\" content=\"summary_large_image\" \/>\n<meta name=\"twitter:label1\" content=\"Szacowany czas czytania\" \/>\n\t<meta name=\"twitter:data1\" content=\"3 minuty\" \/>\n<script type=\"application\/ld+json\" class=\"yoast-schema-graph\">{\"@context\":\"https:\/\/schema.org\",\"@graph\":[{\"@type\":\"WebPage\",\"@id\":\"https:\/\/inmold-ltd.com\/pl\/firma\/\",\"url\":\"https:\/\/inmold-ltd.com\/pl\/firma\/\",\"name\":\"Firma - INMOLD Group d.o.o. PL\",\"isPartOf\":{\"@id\":\"https:\/\/inmold-ltd.com\/pl\/#website\"},\"datePublished\":\"2021-02-19T21:23:18+00:00\",\"dateModified\":\"2023-03-30T18:50:41+00:00\",\"breadcrumb\":{\"@id\":\"https:\/\/inmold-ltd.com\/pl\/firma\/#breadcrumb\"},\"inLanguage\":\"pl-PL\",\"potentialAction\":[{\"@type\":\"ReadAction\",\"target\":[\"https:\/\/inmold-ltd.com\/pl\/firma\/\"]}]},{\"@type\":\"BreadcrumbList\",\"@id\":\"https:\/\/inmold-ltd.com\/pl\/firma\/#breadcrumb\",\"itemListElement\":[{\"@type\":\"ListItem\",\"position\":1,\"name\":\"Po\u010detna\",\"item\":\"https:\/\/inmold-ltd.com\/pl\/\"},{\"@type\":\"ListItem\",\"position\":2,\"name\":\"Firma\"}]},{\"@type\":\"WebSite\",\"@id\":\"https:\/\/inmold-ltd.com\/pl\/#website\",\"url\":\"https:\/\/inmold-ltd.com\/pl\/\",\"name\":\"INMOLD Group d.o.o. PL\",\"description\":\"Produkcja wysokiej jako\u015bci form wtryskowych do tworzyw sztucznych oraz metali kolorowych\",\"potentialAction\":[{\"@type\":\"SearchAction\",\"target\":{\"@type\":\"EntryPoint\",\"urlTemplate\":\"https:\/\/inmold-ltd.com\/pl\/?s={search_term_string}\"},\"query-input\":{\"@type\":\"PropertyValueSpecification\",\"valueRequired\":true,\"valueName\":\"search_term_string\"}}],\"inLanguage\":\"pl-PL\"}]}<\/script>\n<!-- \/ Yoast SEO plugin. -->","yoast_head_json":{"title":"Firma - INMOLD Group d.o.o. PL","robots":{"index":"index","follow":"follow","max-snippet":"max-snippet:-1","max-image-preview":"max-image-preview:large","max-video-preview":"max-video-preview:-1"},"canonical":"https:\/\/inmold-ltd.com\/pl\/firma\/","og_locale":"pl_PL","og_type":"article","og_title":"Firma - INMOLD Group d.o.o. PL","og_url":"https:\/\/inmold-ltd.com\/pl\/firma\/","og_site_name":"INMOLD Group d.o.o. PL","article_modified_time":"2023-03-30T18:50:41+00:00","twitter_card":"summary_large_image","twitter_misc":{"Szacowany czas czytania":"3 minuty"},"schema":{"@context":"https:\/\/schema.org","@graph":[{"@type":"WebPage","@id":"https:\/\/inmold-ltd.com\/pl\/firma\/","url":"https:\/\/inmold-ltd.com\/pl\/firma\/","name":"Firma - INMOLD Group d.o.o. PL","isPartOf":{"@id":"https:\/\/inmold-ltd.com\/pl\/#website"},"datePublished":"2021-02-19T21:23:18+00:00","dateModified":"2023-03-30T18:50:41+00:00","breadcrumb":{"@id":"https:\/\/inmold-ltd.com\/pl\/firma\/#breadcrumb"},"inLanguage":"pl-PL","potentialAction":[{"@type":"ReadAction","target":["https:\/\/inmold-ltd.com\/pl\/firma\/"]}]},{"@type":"BreadcrumbList","@id":"https:\/\/inmold-ltd.com\/pl\/firma\/#breadcrumb","itemListElement":[{"@type":"ListItem","position":1,"name":"Po\u010detna","item":"https:\/\/inmold-ltd.com\/pl\/"},{"@type":"ListItem","position":2,"name":"Firma"}]},{"@type":"WebSite","@id":"https:\/\/inmold-ltd.com\/pl\/#website","url":"https:\/\/inmold-ltd.com\/pl\/","name":"INMOLD Group d.o.o. PL","description":"Produkcja wysokiej jako\u015bci form wtryskowych do tworzyw sztucznych oraz metali kolorowych","potentialAction":[{"@type":"SearchAction","target":{"@type":"EntryPoint","urlTemplate":"https:\/\/inmold-ltd.com\/pl\/?s={search_term_string}"},"query-input":{"@type":"PropertyValueSpecification","valueRequired":true,"valueName":"search_term_string"}}],"inLanguage":"pl-PL"}]}},"_links":{"self":[{"href":"https:\/\/inmold-ltd.com\/pl\/wp-json\/wp\/v2\/pages\/12","targetHints":{"allow":["GET"]}}],"collection":[{"href":"https:\/\/inmold-ltd.com\/pl\/wp-json\/wp\/v2\/pages"}],"about":[{"href":"https:\/\/inmold-ltd.com\/pl\/wp-json\/wp\/v2\/types\/page"}],"author":[{"embeddable":true,"href":"https:\/\/inmold-ltd.com\/pl\/wp-json\/wp\/v2\/users\/1"}],"replies":[{"embeddable":true,"href":"https:\/\/inmold-ltd.com\/pl\/wp-json\/wp\/v2\/comments?post=12"}],"version-history":[{"count":9,"href":"https:\/\/inmold-ltd.com\/pl\/wp-json\/wp\/v2\/pages\/12\/revisions"}],"predecessor-version":[{"id":10970,"href":"https:\/\/inmold-ltd.com\/pl\/wp-json\/wp\/v2\/pages\/12\/revisions\/10970"}],"wp:attachment":[{"href":"https:\/\/inmold-ltd.com\/pl\/wp-json\/wp\/v2\/media?parent=12"}],"curies":[{"name":"wp","href":"https:\/\/api.w.org\/{rel}","templated":true}]}}