{"id":20,"date":"2021-02-19T22:25:10","date_gmt":"2021-02-19T21:25:10","guid":{"rendered":"http:\/\/localhost\/?page_id=20"},"modified":"2021-03-23T09:27:58","modified_gmt":"2021-03-23T08:27:58","slug":"formy-rozdmuchowe","status":"publish","type":"page","link":"https:\/\/inmold-ltd.com\/pl\/formy-rozdmuchowe\/","title":{"rendered":"Formy rozdmuchowe"},"content":{"rendered":"<section class=\"l-section wpb_row height_medium\"><div class=\"l-section-h i-cf\"><div class=\"g-cols vc_row via_flex valign_top type_default stacking_default\"><div class=\"vc_col-sm-9 wpb_column vc_column_container\"><div class=\"vc_column-inner\"><div class=\"wpb_wrapper\"><div class=\"g-cols wpb_row via_flex valign_top type_default stacking_default\"><div class=\"vc_col-sm-12 wpb_column vc_column_container\"><div class=\"vc_column-inner\"><div class=\"wpb_wrapper\"><div class=\"wpb_text_column\"><div class=\"wpb_wrapper\"><h1 class=\"vc_custom_heading us_custom_30b8352b\">Formy rozdmuchowe<\/h1>\n<\/div><\/div><div class=\"wpb_text_column\"><div class=\"wpb_wrapper\"><p>Nasze formy rozdmuchowe s\u0105 bardzo dogodne w u\u017cytkowaniu. Zapewniaj\u0105 wysoce efektywn\u0105 produkcj\u0119 producentom opakowa\u0144 wtryskowych. Ka\u017cda forma jest zbudowana zgodnie z wytycznymi klienta bez \u017cadnych ust\u0119pstw je\u015bli chodzi o jako\u015b\u0107 i gwarantuje bezproblemow\u0105 i terminow\u0105 produkcj\u0119.<\/p>\n<p>Nasze szerokie do\u015bwiadczenie w tym zakresie pozwala nam doradza\u0107 i wspiera\u0107 du\u017cych producent\u00f3w, ale tak\u017ce i tych pocz\u0105tkuj\u0105cych. Jeste\u015bmy do Pa\u0144stwa dyspozycji w kwestii wyboru oprzyrz\u0105dowania jak i w innych sprawach zwi\u0105zanych z optymalizacj\u0105 produkcji.<\/p>\n<\/div><\/div><\/div><\/div><\/div><\/div><div class=\"g-cols wpb_row us_custom_b2452879 via_flex valign_top type_default stacking_default\"><div class=\"vc_col-sm-12 wpb_column vc_column_container\"><div class=\"vc_column-inner\"><div class=\"wpb_wrapper\"><div class=\"w-grid type_grid layout_7178 cols_6\" id=\"us_grid_1\" style=\"--gap:4px;\" data-filterable=\"true\"><style>@media (max-width:767px){#us_grid_1 .w-grid-item{width:25%}}@media (max-width:479px){#us_grid_1 .w-grid-item{width:50%}}.layout_7178 .w-grid-item-h{}<\/style><div class=\"w-grid-list\">\t<article class=\"w-grid-item size_1x1 post-6884 attachment type-attachment status-inherit hentry\" data-id=\"6884\">\r\n\t\t<div class=\"w-grid-item-h\">\r\n\t\t\t\t\t\t\t<a ref=\"magnificPopupGrid\" href=\"https:\/\/inmold-ltd.com\/pl\/wp-content\/uploads\/sites\/3\/2018\/12\/razduvavanje_1.jpg\" class=\"w-grid-item-anchor\" aria-label=\"razduvavanje_1\" title=\"razduvavanje_1\"><\/a>\r\n\t\t\t\t\t\t<div class=\"w-post-elm post_image usg_post_image_1\"><a ref=\"magnificPopup\" href=\"https:\/\/inmold-ltd.com\/pl\/wp-content\/uploads\/sites\/3\/2018\/12\/razduvavanje_1.jpg\" aria-label=\"razduvavanje_1\"><img loading=\"lazy\" decoding=\"async\" width=\"150\" height=\"150\" src=\"https:\/\/inmold-ltd.com\/pl\/wp-content\/uploads\/sites\/3\/2018\/12\/razduvavanje_1-150x150.jpg\" class=\"attachment-thumbnail size-thumbnail\" alt=\"\" srcset=\"https:\/\/inmold-ltd.com\/pl\/wp-content\/uploads\/sites\/3\/2018\/12\/razduvavanje_1-150x150.jpg 150w, https:\/\/inmold-ltd.com\/pl\/wp-content\/uploads\/sites\/3\/2018\/12\/razduvavanje_1-300x300.jpg 300w, https:\/\/inmold-ltd.com\/pl\/wp-content\/uploads\/sites\/3\/2018\/12\/razduvavanje_1-600x600.jpg 600w, https:\/\/inmold-ltd.com\/pl\/wp-content\/uploads\/sites\/3\/2018\/12\/razduvavanje_1.jpg 800w\" sizes=\"auto, (max-width: 150px) 100vw, 150px\" \/><\/a><\/div>\t\t<\/div>\r\n\t\t\t<\/article>\r\n\t<article class=\"w-grid-item size_1x1 post-6889 attachment type-attachment status-inherit hentry\" data-id=\"6889\">\r\n\t\t<div class=\"w-grid-item-h\">\r\n\t\t\t\t\t\t\t<a ref=\"magnificPopupGrid\" href=\"https:\/\/inmold-ltd.com\/pl\/wp-content\/uploads\/sites\/3\/2018\/12\/razduvavanje_2.jpg\" class=\"w-grid-item-anchor\" aria-label=\"razduvavanje_2\" title=\"razduvavanje_2\"><\/a>\r\n\t\t\t\t\t\t<div class=\"w-post-elm post_image usg_post_image_1\"><a ref=\"magnificPopup\" href=\"https:\/\/inmold-ltd.com\/pl\/wp-content\/uploads\/sites\/3\/2018\/12\/razduvavanje_2.jpg\" aria-label=\"razduvavanje_2\"><img loading=\"lazy\" decoding=\"async\" width=\"150\" height=\"150\" src=\"https:\/\/inmold-ltd.com\/pl\/wp-content\/uploads\/sites\/3\/2018\/12\/razduvavanje_2-150x150.jpg\" class=\"attachment-thumbnail size-thumbnail\" alt=\"\" \/><\/a><\/div>\t\t<\/div>\r\n\t\t\t<\/article>\r\n\t<article class=\"w-grid-item size_1x1 post-6894 attachment type-attachment status-inherit hentry\" data-id=\"6894\">\r\n\t\t<div class=\"w-grid-item-h\">\r\n\t\t\t\t\t\t\t<a ref=\"magnificPopupGrid\" href=\"https:\/\/inmold-ltd.com\/pl\/wp-content\/uploads\/sites\/3\/2018\/12\/razduvavanje_3.jpg\" class=\"w-grid-item-anchor\" aria-label=\"razduvavanje_3\" title=\"razduvavanje_3\"><\/a>\r\n\t\t\t\t\t\t<div class=\"w-post-elm post_image usg_post_image_1\"><a ref=\"magnificPopup\" href=\"https:\/\/inmold-ltd.com\/pl\/wp-content\/uploads\/sites\/3\/2018\/12\/razduvavanje_3.jpg\" aria-label=\"razduvavanje_3\"><img loading=\"lazy\" decoding=\"async\" width=\"150\" height=\"150\" src=\"https:\/\/inmold-ltd.com\/pl\/wp-content\/uploads\/sites\/3\/2018\/12\/razduvavanje_3-150x150.jpg\" class=\"attachment-thumbnail size-thumbnail\" alt=\"\" \/><\/a><\/div>\t\t<\/div>\r\n\t\t\t<\/article>\r\n\t<article class=\"w-grid-item size_1x1 post-6899 attachment type-attachment status-inherit hentry\" data-id=\"6899\">\r\n\t\t<div class=\"w-grid-item-h\">\r\n\t\t\t\t\t\t\t<a ref=\"magnificPopupGrid\" href=\"https:\/\/inmold-ltd.com\/pl\/wp-content\/uploads\/sites\/3\/2018\/12\/razduvavanje_4.jpg\" class=\"w-grid-item-anchor\" aria-label=\"razduvavanje_4\" title=\"razduvavanje_4\"><\/a>\r\n\t\t\t\t\t\t<div class=\"w-post-elm post_image usg_post_image_1\"><a ref=\"magnificPopup\" href=\"https:\/\/inmold-ltd.com\/pl\/wp-content\/uploads\/sites\/3\/2018\/12\/razduvavanje_4.jpg\" aria-label=\"razduvavanje_4\"><img loading=\"lazy\" decoding=\"async\" width=\"150\" height=\"150\" src=\"https:\/\/inmold-ltd.com\/pl\/wp-content\/uploads\/sites\/3\/2018\/12\/razduvavanje_4-150x150.jpg\" class=\"attachment-thumbnail size-thumbnail\" alt=\"\" \/><\/a><\/div>\t\t<\/div>\r\n\t\t\t<\/article>\r\n\t<article class=\"w-grid-item size_1x1 post-6904 attachment type-attachment status-inherit hentry\" data-id=\"6904\">\r\n\t\t<div class=\"w-grid-item-h\">\r\n\t\t\t\t\t\t\t<a ref=\"magnificPopupGrid\" href=\"https:\/\/inmold-ltd.com\/pl\/wp-content\/uploads\/sites\/3\/2018\/12\/razduvavanje_5.jpg\" class=\"w-grid-item-anchor\" aria-label=\"razduvavanje_5\" title=\"razduvavanje_5\"><\/a>\r\n\t\t\t\t\t\t<div class=\"w-post-elm post_image usg_post_image_1\"><a ref=\"magnificPopup\" href=\"https:\/\/inmold-ltd.com\/pl\/wp-content\/uploads\/sites\/3\/2018\/12\/razduvavanje_5.jpg\" aria-label=\"razduvavanje_5\"><img loading=\"lazy\" decoding=\"async\" width=\"150\" height=\"150\" src=\"https:\/\/inmold-ltd.com\/pl\/wp-content\/uploads\/sites\/3\/2018\/12\/razduvavanje_5-150x150.jpg\" class=\"attachment-thumbnail size-thumbnail\" alt=\"\" \/><\/a><\/div>\t\t<\/div>\r\n\t\t\t<\/article>\r\n\t<article class=\"w-grid-item size_1x1 post-6909 attachment type-attachment status-inherit hentry\" data-id=\"6909\">\r\n\t\t<div class=\"w-grid-item-h\">\r\n\t\t\t\t\t\t\t<a ref=\"magnificPopupGrid\" href=\"https:\/\/inmold-ltd.com\/pl\/wp-content\/uploads\/sites\/3\/2018\/12\/razduvavanje_6.jpg\" class=\"w-grid-item-anchor\" aria-label=\"razduvavanje_6\" title=\"razduvavanje_6\"><\/a>\r\n\t\t\t\t\t\t<div class=\"w-post-elm post_image usg_post_image_1\"><a ref=\"magnificPopup\" href=\"https:\/\/inmold-ltd.com\/pl\/wp-content\/uploads\/sites\/3\/2018\/12\/razduvavanje_6.jpg\" aria-label=\"razduvavanje_6\"><img loading=\"lazy\" decoding=\"async\" width=\"150\" height=\"150\" src=\"https:\/\/inmold-ltd.com\/pl\/wp-content\/uploads\/sites\/3\/2018\/12\/razduvavanje_6-150x150.jpg\" class=\"attachment-thumbnail size-thumbnail\" alt=\"\" srcset=\"https:\/\/inmold-ltd.com\/pl\/wp-content\/uploads\/sites\/3\/2018\/12\/razduvavanje_6-150x150.jpg 150w, https:\/\/inmold-ltd.com\/pl\/wp-content\/uploads\/sites\/3\/2018\/12\/razduvavanje_6-300x300.jpg 300w, https:\/\/inmold-ltd.com\/pl\/wp-content\/uploads\/sites\/3\/2018\/12\/razduvavanje_6-600x600.jpg 600w, https:\/\/inmold-ltd.com\/pl\/wp-content\/uploads\/sites\/3\/2018\/12\/razduvavanje_6.jpg 800w\" sizes=\"auto, (max-width: 150px) 100vw, 150px\" \/><\/a><\/div>\t\t<\/div>\r\n\t\t\t<\/article>\r\n\t<article class=\"w-grid-item size_1x1 post-6914 attachment type-attachment status-inherit hentry\" data-id=\"6914\">\r\n\t\t<div class=\"w-grid-item-h\">\r\n\t\t\t\t\t\t\t<a ref=\"magnificPopupGrid\" href=\"https:\/\/inmold-ltd.com\/pl\/wp-content\/uploads\/sites\/3\/2018\/12\/razduvavanje_7.jpg\" class=\"w-grid-item-anchor\" aria-label=\"razduvavanje_7\" title=\"razduvavanje_7\"><\/a>\r\n\t\t\t\t\t\t<div class=\"w-post-elm post_image usg_post_image_1\"><a ref=\"magnificPopup\" href=\"https:\/\/inmold-ltd.com\/pl\/wp-content\/uploads\/sites\/3\/2018\/12\/razduvavanje_7.jpg\" aria-label=\"razduvavanje_7\"><img loading=\"lazy\" decoding=\"async\" width=\"150\" height=\"150\" src=\"https:\/\/inmold-ltd.com\/pl\/wp-content\/uploads\/sites\/3\/2018\/12\/razduvavanje_7-150x150.jpg\" class=\"attachment-thumbnail size-thumbnail\" alt=\"\" \/><\/a><\/div>\t\t<\/div>\r\n\t\t\t<\/article>\r\n\t<article class=\"w-grid-item size_1x1 post-6919 attachment type-attachment status-inherit hentry\" data-id=\"6919\">\r\n\t\t<div class=\"w-grid-item-h\">\r\n\t\t\t\t\t\t\t<a ref=\"magnificPopupGrid\" href=\"https:\/\/inmold-ltd.com\/pl\/wp-content\/uploads\/sites\/3\/2018\/12\/razduvavanje_8.jpg\" class=\"w-grid-item-anchor\" aria-label=\"razduvavanje_8\" title=\"razduvavanje_8\"><\/a>\r\n\t\t\t\t\t\t<div class=\"w-post-elm post_image usg_post_image_1\"><a ref=\"magnificPopup\" href=\"https:\/\/inmold-ltd.com\/pl\/wp-content\/uploads\/sites\/3\/2018\/12\/razduvavanje_8.jpg\" aria-label=\"razduvavanje_8\"><img loading=\"lazy\" decoding=\"async\" width=\"150\" height=\"150\" src=\"https:\/\/inmold-ltd.com\/pl\/wp-content\/uploads\/sites\/3\/2018\/12\/razduvavanje_8-150x150.jpg\" class=\"attachment-thumbnail size-thumbnail\" alt=\"\" \/><\/a><\/div>\t\t<\/div>\r\n\t\t\t<\/article>\r\n\t<article class=\"w-grid-item size_1x1 post-6924 attachment type-attachment status-inherit hentry\" data-id=\"6924\">\r\n\t\t<div class=\"w-grid-item-h\">\r\n\t\t\t\t\t\t\t<a ref=\"magnificPopupGrid\" href=\"https:\/\/inmold-ltd.com\/pl\/wp-content\/uploads\/sites\/3\/2018\/12\/razduvavanje_9.jpg\" class=\"w-grid-item-anchor\" aria-label=\"razduvavanje_9\" title=\"razduvavanje_9\"><\/a>\r\n\t\t\t\t\t\t<div class=\"w-post-elm post_image usg_post_image_1\"><a ref=\"magnificPopup\" href=\"https:\/\/inmold-ltd.com\/pl\/wp-content\/uploads\/sites\/3\/2018\/12\/razduvavanje_9.jpg\" aria-label=\"razduvavanje_9\"><img loading=\"lazy\" decoding=\"async\" width=\"150\" height=\"150\" src=\"https:\/\/inmold-ltd.com\/pl\/wp-content\/uploads\/sites\/3\/2018\/12\/razduvavanje_9-150x150.jpg\" class=\"attachment-thumbnail size-thumbnail\" alt=\"\" \/><\/a><\/div>\t\t<\/div>\r\n\t\t\t<\/article>\r\n\t<article class=\"w-grid-item size_1x1 post-6929 attachment type-attachment status-inherit hentry\" data-id=\"6929\">\r\n\t\t<div class=\"w-grid-item-h\">\r\n\t\t\t\t\t\t\t<a ref=\"magnificPopupGrid\" href=\"https:\/\/inmold-ltd.com\/pl\/wp-content\/uploads\/sites\/3\/2018\/12\/razduvavanje_10.jpg\" class=\"w-grid-item-anchor\" aria-label=\"razduvavanje_10\" title=\"razduvavanje_10\"><\/a>\r\n\t\t\t\t\t\t<div class=\"w-post-elm post_image usg_post_image_1\"><a ref=\"magnificPopup\" href=\"https:\/\/inmold-ltd.com\/pl\/wp-content\/uploads\/sites\/3\/2018\/12\/razduvavanje_10.jpg\" aria-label=\"razduvavanje_10\"><img loading=\"lazy\" decoding=\"async\" width=\"150\" height=\"150\" src=\"https:\/\/inmold-ltd.com\/pl\/wp-content\/uploads\/sites\/3\/2018\/12\/razduvavanje_10-150x150.jpg\" class=\"attachment-thumbnail size-thumbnail\" alt=\"\" srcset=\"https:\/\/inmold-ltd.com\/pl\/wp-content\/uploads\/sites\/3\/2018\/12\/razduvavanje_10-150x150.jpg 150w, https:\/\/inmold-ltd.com\/pl\/wp-content\/uploads\/sites\/3\/2018\/12\/razduvavanje_10-300x300.jpg 300w, https:\/\/inmold-ltd.com\/pl\/wp-content\/uploads\/sites\/3\/2018\/12\/razduvavanje_10-600x600.jpg 600w, https:\/\/inmold-ltd.com\/pl\/wp-content\/uploads\/sites\/3\/2018\/12\/razduvavanje_10.jpg 800w\" sizes=\"auto, (max-width: 150px) 100vw, 150px\" \/><\/a><\/div>\t\t<\/div>\r\n\t\t\t<\/article>\r\n\t<article class=\"w-grid-item size_1x1 post-6934 attachment type-attachment status-inherit hentry\" data-id=\"6934\">\r\n\t\t<div class=\"w-grid-item-h\">\r\n\t\t\t\t\t\t\t<a ref=\"magnificPopupGrid\" href=\"https:\/\/inmold-ltd.com\/pl\/wp-content\/uploads\/sites\/3\/2018\/12\/razduvavanje_11.jpg\" class=\"w-grid-item-anchor\" aria-label=\"razduvavanje_11\" title=\"razduvavanje_11\"><\/a>\r\n\t\t\t\t\t\t<div class=\"w-post-elm post_image usg_post_image_1\"><a ref=\"magnificPopup\" href=\"https:\/\/inmold-ltd.com\/pl\/wp-content\/uploads\/sites\/3\/2018\/12\/razduvavanje_11.jpg\" aria-label=\"razduvavanje_11\"><img loading=\"lazy\" decoding=\"async\" width=\"150\" height=\"150\" src=\"https:\/\/inmold-ltd.com\/pl\/wp-content\/uploads\/sites\/3\/2018\/12\/razduvavanje_11-150x150.jpg\" class=\"attachment-thumbnail size-thumbnail\" alt=\"\" \/><\/a><\/div>\t\t<\/div>\r\n\t\t\t<\/article>\r\n<\/div><div class=\"w-grid-preloader\">\t<div class=\"g-preloader type_1\">\r\n\t\t<div><\/div>\r\n\t<\/div>\r\n\t<\/div>\t<div class=\"w-grid-json hidden\" onclick='return {&quot;action&quot;:&quot;us_ajax_grid&quot;,&quot;infinite_scroll&quot;:0,&quot;max_num_pages&quot;:1,&quot;pagination&quot;:&quot;none&quot;,&quot;template_vars&quot;:{&quot;columns&quot;:&quot;6&quot;,&quot;exclude_items&quot;:&quot;none&quot;,&quot;img_size&quot;:&quot;thumbnail&quot;,&quot;ignore_items_size&quot;:0,&quot;items_layout&quot;:&quot;7178&quot;,&quot;items_offset&quot;:&quot;1&quot;,&quot;load_animation&quot;:&quot;none&quot;,&quot;overriding_link&quot;:&quot;%7B%22type%22%3A%22popup_image%22%7D&quot;,&quot;post_id&quot;:0,&quot;query_args&quot;:{&quot;post_type&quot;:[&quot;attachment&quot;],&quot;post__in&quot;:[&quot;6884&quot;,&quot;6889&quot;,&quot;6894&quot;,&quot;6899&quot;,&quot;6904&quot;,&quot;6909&quot;,&quot;6914&quot;,&quot;6919&quot;,&quot;6924&quot;,&quot;6929&quot;,&quot;6934&quot;],&quot;post_status&quot;:&quot;inherit&quot;,&quot;post_mime_type&quot;:&quot;image&quot;,&quot;posts_per_page&quot;:999},&quot;orderby_query_args&quot;:{&quot;orderby&quot;:{&quot;post__in&quot;:&quot;ASC&quot;},&quot;order&quot;:&quot;ASC&quot;},&quot;type&quot;:&quot;grid&quot;,&quot;us_grid_post_type&quot;:&quot;attachment&quot;,&quot;us_grid_ajax_index&quot;:1,&quot;us_grid_filter_query_string&quot;:null,&quot;us_grid_index&quot;:1,&quot;page_args&quot;:[]}}'><\/div>\r\n\t<\/div><\/div><\/div><\/div><\/div><\/div><\/div><\/div><div class=\"vc_col-sm-3 wpb_column vc_column_container\"><div class=\"vc_column-inner\"><div class=\"wpb_wrapper\"><div class=\"w-btn-wrapper align_center\"><a class=\"w-btn us-btn-style_1\" title=\"Po\u0161alji upit\" href=\"https:\/\/inmold-ltd.com\/pl\/wyslij-zapytanie\"><span class=\"w-btn-label\">WYSLIJ ZAPYTANIE<\/span><\/a><\/div><\/div><\/div><\/div><\/div><\/div><\/section>\n","protected":false},"excerpt":{"rendered":"","protected":false},"author":1,"featured_media":0,"parent":0,"menu_order":0,"comment_status":"closed","ping_status":"closed","template":"","meta":{"footnotes":""},"class_list":["post-20","page","type-page","status-publish","hentry"],"yoast_head":"<!-- This site is optimized with the Yoast SEO plugin v24.5 - https:\/\/yoast.com\/wordpress\/plugins\/seo\/ -->\n<title>Formy rozdmuchowe - INMOLD Group d.o.o. PL<\/title>\n<meta name=\"robots\" content=\"index, follow, max-snippet:-1, max-image-preview:large, max-video-preview:-1\" \/>\n<link rel=\"canonical\" href=\"https:\/\/inmold-ltd.com\/pl\/formy-rozdmuchowe\/\" \/>\n<meta property=\"og:locale\" content=\"pl_PL\" \/>\n<meta property=\"og:type\" content=\"article\" \/>\n<meta property=\"og:title\" content=\"Formy rozdmuchowe - INMOLD Group d.o.o. PL\" \/>\n<meta property=\"og:url\" content=\"https:\/\/inmold-ltd.com\/pl\/formy-rozdmuchowe\/\" \/>\n<meta property=\"og:site_name\" content=\"INMOLD Group d.o.o. PL\" \/>\n<meta property=\"article:modified_time\" content=\"2021-03-23T08:27:58+00:00\" \/>\n<meta name=\"twitter:card\" content=\"summary_large_image\" \/>\n<meta name=\"twitter:label1\" content=\"Szacowany czas czytania\" \/>\n\t<meta name=\"twitter:data1\" content=\"1 minuta\" \/>\n<script type=\"application\/ld+json\" class=\"yoast-schema-graph\">{\"@context\":\"https:\/\/schema.org\",\"@graph\":[{\"@type\":\"WebPage\",\"@id\":\"https:\/\/inmold-ltd.com\/pl\/formy-rozdmuchowe\/\",\"url\":\"https:\/\/inmold-ltd.com\/pl\/formy-rozdmuchowe\/\",\"name\":\"Formy rozdmuchowe - INMOLD Group d.o.o. PL\",\"isPartOf\":{\"@id\":\"https:\/\/inmold-ltd.com\/pl\/#website\"},\"datePublished\":\"2021-02-19T21:25:10+00:00\",\"dateModified\":\"2021-03-23T08:27:58+00:00\",\"breadcrumb\":{\"@id\":\"https:\/\/inmold-ltd.com\/pl\/formy-rozdmuchowe\/#breadcrumb\"},\"inLanguage\":\"pl-PL\",\"potentialAction\":[{\"@type\":\"ReadAction\",\"target\":[\"https:\/\/inmold-ltd.com\/pl\/formy-rozdmuchowe\/\"]}]},{\"@type\":\"BreadcrumbList\",\"@id\":\"https:\/\/inmold-ltd.com\/pl\/formy-rozdmuchowe\/#breadcrumb\",\"itemListElement\":[{\"@type\":\"ListItem\",\"position\":1,\"name\":\"Po\u010detna\",\"item\":\"https:\/\/inmold-ltd.com\/pl\/\"},{\"@type\":\"ListItem\",\"position\":2,\"name\":\"Formy rozdmuchowe\"}]},{\"@type\":\"WebSite\",\"@id\":\"https:\/\/inmold-ltd.com\/pl\/#website\",\"url\":\"https:\/\/inmold-ltd.com\/pl\/\",\"name\":\"INMOLD Group d.o.o. PL\",\"description\":\"Produkcja wysokiej jako\u015bci form wtryskowych do tworzyw sztucznych oraz metali kolorowych\",\"potentialAction\":[{\"@type\":\"SearchAction\",\"target\":{\"@type\":\"EntryPoint\",\"urlTemplate\":\"https:\/\/inmold-ltd.com\/pl\/?s={search_term_string}\"},\"query-input\":{\"@type\":\"PropertyValueSpecification\",\"valueRequired\":true,\"valueName\":\"search_term_string\"}}],\"inLanguage\":\"pl-PL\"}]}<\/script>\n<!-- \/ Yoast SEO plugin. -->","yoast_head_json":{"title":"Formy rozdmuchowe - INMOLD Group d.o.o. PL","robots":{"index":"index","follow":"follow","max-snippet":"max-snippet:-1","max-image-preview":"max-image-preview:large","max-video-preview":"max-video-preview:-1"},"canonical":"https:\/\/inmold-ltd.com\/pl\/formy-rozdmuchowe\/","og_locale":"pl_PL","og_type":"article","og_title":"Formy rozdmuchowe - INMOLD Group d.o.o. PL","og_url":"https:\/\/inmold-ltd.com\/pl\/formy-rozdmuchowe\/","og_site_name":"INMOLD Group d.o.o. PL","article_modified_time":"2021-03-23T08:27:58+00:00","twitter_card":"summary_large_image","twitter_misc":{"Szacowany czas czytania":"1 minuta"},"schema":{"@context":"https:\/\/schema.org","@graph":[{"@type":"WebPage","@id":"https:\/\/inmold-ltd.com\/pl\/formy-rozdmuchowe\/","url":"https:\/\/inmold-ltd.com\/pl\/formy-rozdmuchowe\/","name":"Formy rozdmuchowe - INMOLD Group d.o.o. PL","isPartOf":{"@id":"https:\/\/inmold-ltd.com\/pl\/#website"},"datePublished":"2021-02-19T21:25:10+00:00","dateModified":"2021-03-23T08:27:58+00:00","breadcrumb":{"@id":"https:\/\/inmold-ltd.com\/pl\/formy-rozdmuchowe\/#breadcrumb"},"inLanguage":"pl-PL","potentialAction":[{"@type":"ReadAction","target":["https:\/\/inmold-ltd.com\/pl\/formy-rozdmuchowe\/"]}]},{"@type":"BreadcrumbList","@id":"https:\/\/inmold-ltd.com\/pl\/formy-rozdmuchowe\/#breadcrumb","itemListElement":[{"@type":"ListItem","position":1,"name":"Po\u010detna","item":"https:\/\/inmold-ltd.com\/pl\/"},{"@type":"ListItem","position":2,"name":"Formy rozdmuchowe"}]},{"@type":"WebSite","@id":"https:\/\/inmold-ltd.com\/pl\/#website","url":"https:\/\/inmold-ltd.com\/pl\/","name":"INMOLD Group d.o.o. PL","description":"Produkcja wysokiej jako\u015bci form wtryskowych do tworzyw sztucznych oraz metali kolorowych","potentialAction":[{"@type":"SearchAction","target":{"@type":"EntryPoint","urlTemplate":"https:\/\/inmold-ltd.com\/pl\/?s={search_term_string}"},"query-input":{"@type":"PropertyValueSpecification","valueRequired":true,"valueName":"search_term_string"}}],"inLanguage":"pl-PL"}]}},"_links":{"self":[{"href":"https:\/\/inmold-ltd.com\/pl\/wp-json\/wp\/v2\/pages\/20","targetHints":{"allow":["GET"]}}],"collection":[{"href":"https:\/\/inmold-ltd.com\/pl\/wp-json\/wp\/v2\/pages"}],"about":[{"href":"https:\/\/inmold-ltd.com\/pl\/wp-json\/wp\/v2\/types\/page"}],"author":[{"embeddable":true,"href":"https:\/\/inmold-ltd.com\/pl\/wp-json\/wp\/v2\/users\/1"}],"replies":[{"embeddable":true,"href":"https:\/\/inmold-ltd.com\/pl\/wp-json\/wp\/v2\/comments?post=20"}],"version-history":[{"count":2,"href":"https:\/\/inmold-ltd.com\/pl\/wp-json\/wp\/v2\/pages\/20\/revisions"}],"predecessor-version":[{"id":10624,"href":"https:\/\/inmold-ltd.com\/pl\/wp-json\/wp\/v2\/pages\/20\/revisions\/10624"}],"wp:attachment":[{"href":"https:\/\/inmold-ltd.com\/pl\/wp-json\/wp\/v2\/media?parent=20"}],"curies":[{"name":"wp","href":"https:\/\/api.w.org\/{rel}","templated":true}]}}