{"id":22,"date":"2021-02-19T22:25:21","date_gmt":"2021-02-19T21:25:21","guid":{"rendered":"http:\/\/localhost\/?page_id=22"},"modified":"2021-03-23T09:30:28","modified_gmt":"2021-03-23T08:30:28","slug":"inne-rodzaje-form","status":"publish","type":"page","link":"https:\/\/inmold-ltd.com\/pl\/inne-rodzaje-form\/","title":{"rendered":"Inne rodzaje form"},"content":{"rendered":"<section class=\"l-section wpb_row height_medium\"><div class=\"l-section-h i-cf\"><div class=\"g-cols vc_row via_flex valign_top type_default stacking_default\"><div class=\"vc_col-sm-9 wpb_column vc_column_container\"><div class=\"vc_column-inner\"><div class=\"wpb_wrapper\"><div class=\"g-cols wpb_row via_flex valign_top type_default stacking_default\"><div class=\"vc_col-sm-12 wpb_column vc_column_container\"><div class=\"vc_column-inner\"><div class=\"wpb_wrapper\"><div class=\"wpb_text_column\"><div class=\"wpb_wrapper\"><h1 class=\"vc_custom_heading us_custom_30b8352b\">Inne rodzaje form<\/h1>\n<\/div><\/div><div class=\"wpb_text_column\"><div class=\"wpb_wrapper\"><p>W Inmold projektujemy i produkujemy formy do cel\u00f3w specjalnych dla tworzyw sztucznych oraz metali kolorowych w technologii wtrysku, t\u0142oczenie, wykrawanie, odlewanie, wykuwanie itp. Nieustannie wdra\u017camy i opracowujemy nowe metody pracy i technologie umo\u017cliwiaj\u0105ce wydajn\u0105 i zyskown\u0105 produkcj\u0119. Ka\u017cda forma opuszczaj\u0105ca nasz\u0105 narz\u0119dziowni\u0119 to uciele\u015bnienie naszego know-how, do\u015bwiadczenia i kreatywno\u015bci.<\/p>\n<\/div><\/div><\/div><\/div><\/div><\/div><div class=\"g-cols wpb_row us_custom_b2452879 via_flex valign_top type_default stacking_default\"><div class=\"vc_col-sm-6 wpb_column vc_column_container\"><div class=\"vc_column-inner\"><div class=\"wpb_wrapper\"><div class=\"w-video align_none ratio_16x9 has_iframe\"><div class=\"w-video-h\"><iframe title=\"Youtube video player\" src=\"\/\/www.youtube.com\/embed\/IQYOQgUzbq4?autoplay=0&controls=1&origin=https:\/\/inmold-ltd.com\/pl&loop=0&mute=0\" allowfullscreen=\"1\" loading=\"lazy\"><\/iframe><\/div><div class=\"w-video-icon\" style=\"font-size:1.5rem;background:rgba(0,0,0,0.5);color:#fff\"><\/div><\/div><\/div><\/div><\/div><div class=\"vc_col-sm-6 wpb_column vc_column_container\"><div class=\"vc_column-inner\"><div class=\"wpb_wrapper\"><div class=\"w-grid type_grid layout_gallery_default cols_4\" id=\"us_grid_1\" style=\"--gap:5px;\" data-filterable=\"true\"><style>@media (max-width:1280px){#us_grid_1 .w-grid-item{width:33.3333%}}@media (max-width:1024px){#us_grid_1 .w-grid-item{width:50%}}@media (max-width:600px){#us_grid_1 .w-grid-list{margin:0}#us_grid_1 .w-grid-item{width:100%;padding:0;margin-bottom:var(--gap,0px)}}.layout_gallery_default .w-grid-item-h{}<\/style><div class=\"w-grid-list\">\t<article class=\"w-grid-item size_1x1 post-10409 attachment type-attachment status-inherit hentry\" data-id=\"10409\">\r\n\t\t<div class=\"w-grid-item-h\">\r\n\t\t\t\t\t\t\t<a ref=\"magnificPopupGrid\" href=\"https:\/\/inmold-ltd.com\/pl\/wp-content\/uploads\/sites\/3\/2021\/03\/ostali-alati_8.jpg\" class=\"w-grid-item-anchor\" aria-label=\"ostali-alati_8\" title=\"ostali-alati_8\"><\/a>\r\n\t\t\t\t\t\t<div class=\"w-post-elm post_image usg_post_image_1 stretched\"><img loading=\"lazy\" decoding=\"async\" width=\"150\" height=\"150\" src=\"https:\/\/inmold-ltd.com\/pl\/wp-content\/uploads\/sites\/3\/2021\/03\/ostali-alati_8-150x150.jpg\" class=\"attachment-thumbnail size-thumbnail\" alt=\"\" \/><\/div>\t\t<\/div>\r\n\t\t\t<\/article>\r\n\t<article class=\"w-grid-item size_1x1 post-10408 attachment type-attachment status-inherit hentry\" data-id=\"10408\">\r\n\t\t<div class=\"w-grid-item-h\">\r\n\t\t\t\t\t\t\t<a ref=\"magnificPopupGrid\" href=\"https:\/\/inmold-ltd.com\/pl\/wp-content\/uploads\/sites\/3\/2021\/03\/ostali-alati_7.jpg\" class=\"w-grid-item-anchor\" aria-label=\"ostali-alati_7\" title=\"ostali-alati_7\"><\/a>\r\n\t\t\t\t\t\t<div class=\"w-post-elm post_image usg_post_image_1 stretched\"><img loading=\"lazy\" decoding=\"async\" width=\"150\" height=\"150\" src=\"https:\/\/inmold-ltd.com\/pl\/wp-content\/uploads\/sites\/3\/2021\/03\/ostali-alati_7-150x150.jpg\" class=\"attachment-thumbnail size-thumbnail\" alt=\"\" \/><\/div>\t\t<\/div>\r\n\t\t\t<\/article>\r\n\t<article class=\"w-grid-item size_1x1 post-10407 attachment type-attachment status-inherit hentry\" data-id=\"10407\">\r\n\t\t<div class=\"w-grid-item-h\">\r\n\t\t\t\t\t\t\t<a ref=\"magnificPopupGrid\" href=\"https:\/\/inmold-ltd.com\/pl\/wp-content\/uploads\/sites\/3\/2021\/03\/ostali-alati_6.jpg\" class=\"w-grid-item-anchor\" aria-label=\"ostali-alati_6\" title=\"ostali-alati_6\"><\/a>\r\n\t\t\t\t\t\t<div class=\"w-post-elm post_image usg_post_image_1 stretched\"><img loading=\"lazy\" decoding=\"async\" width=\"150\" height=\"150\" src=\"https:\/\/inmold-ltd.com\/pl\/wp-content\/uploads\/sites\/3\/2021\/03\/ostali-alati_6-150x150.jpg\" class=\"attachment-thumbnail size-thumbnail\" alt=\"\" \/><\/div>\t\t<\/div>\r\n\t\t\t<\/article>\r\n\t<article class=\"w-grid-item size_1x1 post-10406 attachment type-attachment status-inherit hentry\" data-id=\"10406\">\r\n\t\t<div class=\"w-grid-item-h\">\r\n\t\t\t\t\t\t\t<a ref=\"magnificPopupGrid\" href=\"https:\/\/inmold-ltd.com\/pl\/wp-content\/uploads\/sites\/3\/2021\/03\/ostali-alati_5.jpg\" class=\"w-grid-item-anchor\" aria-label=\"ostali-alati_5\" title=\"ostali-alati_5\"><\/a>\r\n\t\t\t\t\t\t<div class=\"w-post-elm post_image usg_post_image_1 stretched\"><img loading=\"lazy\" decoding=\"async\" width=\"150\" height=\"150\" src=\"https:\/\/inmold-ltd.com\/pl\/wp-content\/uploads\/sites\/3\/2021\/03\/ostali-alati_5-150x150.jpg\" class=\"attachment-thumbnail size-thumbnail\" alt=\"\" \/><\/div>\t\t<\/div>\r\n\t\t\t<\/article>\r\n\t<article class=\"w-grid-item size_1x1 post-10405 attachment type-attachment status-inherit hentry\" data-id=\"10405\">\r\n\t\t<div class=\"w-grid-item-h\">\r\n\t\t\t\t\t\t\t<a ref=\"magnificPopupGrid\" href=\"https:\/\/inmold-ltd.com\/pl\/wp-content\/uploads\/sites\/3\/2021\/03\/ostali-alati_4.jpg\" class=\"w-grid-item-anchor\" aria-label=\"ostali-alati_4\" title=\"ostali-alati_4\"><\/a>\r\n\t\t\t\t\t\t<div class=\"w-post-elm post_image usg_post_image_1 stretched\"><img loading=\"lazy\" decoding=\"async\" width=\"150\" height=\"150\" src=\"https:\/\/inmold-ltd.com\/pl\/wp-content\/uploads\/sites\/3\/2021\/03\/ostali-alati_4-150x150.jpg\" class=\"attachment-thumbnail size-thumbnail\" alt=\"\" \/><\/div>\t\t<\/div>\r\n\t\t\t<\/article>\r\n\t<article class=\"w-grid-item size_1x1 post-10404 attachment type-attachment status-inherit hentry\" data-id=\"10404\">\r\n\t\t<div class=\"w-grid-item-h\">\r\n\t\t\t\t\t\t\t<a ref=\"magnificPopupGrid\" href=\"https:\/\/inmold-ltd.com\/pl\/wp-content\/uploads\/sites\/3\/2021\/03\/ostali-alati_3.jpg\" class=\"w-grid-item-anchor\" aria-label=\"ostali-alati_3\" title=\"ostali-alati_3\"><\/a>\r\n\t\t\t\t\t\t<div class=\"w-post-elm post_image usg_post_image_1 stretched\"><img loading=\"lazy\" decoding=\"async\" width=\"150\" height=\"150\" src=\"https:\/\/inmold-ltd.com\/pl\/wp-content\/uploads\/sites\/3\/2021\/03\/ostali-alati_3-150x150.jpg\" class=\"attachment-thumbnail size-thumbnail\" alt=\"\" srcset=\"https:\/\/inmold-ltd.com\/pl\/wp-content\/uploads\/sites\/3\/2021\/03\/ostali-alati_3-150x150.jpg 150w, https:\/\/inmold-ltd.com\/pl\/wp-content\/uploads\/sites\/3\/2021\/03\/ostali-alati_3-300x300.jpg 300w, https:\/\/inmold-ltd.com\/pl\/wp-content\/uploads\/sites\/3\/2021\/03\/ostali-alati_3-600x600.jpg 600w, https:\/\/inmold-ltd.com\/pl\/wp-content\/uploads\/sites\/3\/2021\/03\/ostali-alati_3.jpg 1000w\" sizes=\"auto, (max-width: 150px) 100vw, 150px\" \/><\/div>\t\t<\/div>\r\n\t\t\t<\/article>\r\n\t<article class=\"w-grid-item size_1x1 post-10403 attachment type-attachment status-inherit hentry\" data-id=\"10403\">\r\n\t\t<div class=\"w-grid-item-h\">\r\n\t\t\t\t\t\t\t<a ref=\"magnificPopupGrid\" href=\"https:\/\/inmold-ltd.com\/pl\/wp-content\/uploads\/sites\/3\/2021\/03\/ostali-alati_2.jpg\" class=\"w-grid-item-anchor\" aria-label=\"ostali-alati_2\" title=\"ostali-alati_2\"><\/a>\r\n\t\t\t\t\t\t<div class=\"w-post-elm post_image usg_post_image_1 stretched\"><img loading=\"lazy\" decoding=\"async\" width=\"150\" height=\"150\" src=\"https:\/\/inmold-ltd.com\/pl\/wp-content\/uploads\/sites\/3\/2021\/03\/ostali-alati_2-150x150.jpg\" class=\"attachment-thumbnail size-thumbnail\" alt=\"\" \/><\/div>\t\t<\/div>\r\n\t\t\t<\/article>\r\n\t<article class=\"w-grid-item size_1x1 post-10402 attachment type-attachment status-inherit hentry\" data-id=\"10402\">\r\n\t\t<div class=\"w-grid-item-h\">\r\n\t\t\t\t\t\t\t<a ref=\"magnificPopupGrid\" href=\"https:\/\/inmold-ltd.com\/pl\/wp-content\/uploads\/sites\/3\/2021\/03\/ostali-alati_1.jpg\" class=\"w-grid-item-anchor\" aria-label=\"ostali-alati_1\" title=\"ostali-alati_1\"><\/a>\r\n\t\t\t\t\t\t<div class=\"w-post-elm post_image usg_post_image_1 stretched\"><img loading=\"lazy\" decoding=\"async\" width=\"150\" height=\"150\" src=\"https:\/\/inmold-ltd.com\/pl\/wp-content\/uploads\/sites\/3\/2021\/03\/ostali-alati_1-150x150.jpg\" class=\"attachment-thumbnail size-thumbnail\" alt=\"\" \/><\/div>\t\t<\/div>\r\n\t\t\t<\/article>\r\n<\/div><div class=\"w-grid-preloader\">\t<div class=\"g-preloader type_1\">\r\n\t\t<div><\/div>\r\n\t<\/div>\r\n\t<\/div>\t<div class=\"w-grid-json hidden\" onclick='return {&quot;action&quot;:&quot;us_ajax_grid&quot;,&quot;infinite_scroll&quot;:0,&quot;max_num_pages&quot;:1,&quot;pagination&quot;:&quot;none&quot;,&quot;template_vars&quot;:{&quot;columns&quot;:&quot;4&quot;,&quot;exclude_items&quot;:&quot;none&quot;,&quot;img_size&quot;:&quot;thumbnail&quot;,&quot;ignore_items_size&quot;:0,&quot;items_layout&quot;:&quot;gallery_default&quot;,&quot;items_offset&quot;:&quot;1&quot;,&quot;load_animation&quot;:&quot;none&quot;,&quot;overriding_link&quot;:&quot;%7B%22type%22%3A%22popup_image%22%7D&quot;,&quot;post_id&quot;:0,&quot;query_args&quot;:{&quot;post_type&quot;:[&quot;attachment&quot;],&quot;post__in&quot;:[&quot;10402&quot;,&quot;10403&quot;,&quot;10404&quot;,&quot;10405&quot;,&quot;10406&quot;,&quot;10407&quot;,&quot;10408&quot;,&quot;10409&quot;],&quot;post_status&quot;:&quot;inherit&quot;,&quot;post_mime_type&quot;:&quot;image&quot;,&quot;posts_per_page&quot;:&quot;8&quot;},&quot;orderby_query_args&quot;:{&quot;orderby&quot;:{&quot;date&quot;:&quot;DESC&quot;}},&quot;type&quot;:&quot;grid&quot;,&quot;us_grid_post_type&quot;:&quot;attachment&quot;,&quot;us_grid_ajax_index&quot;:1,&quot;us_grid_filter_query_string&quot;:null,&quot;us_grid_index&quot;:1,&quot;page_args&quot;:[]}}'><\/div>\r\n\t<\/div><\/div><\/div><\/div><\/div><\/div><\/div><\/div><div class=\"vc_col-sm-3 wpb_column vc_column_container\"><div class=\"vc_column-inner\"><div class=\"wpb_wrapper\"><div class=\"w-btn-wrapper align_center\"><a class=\"w-btn us-btn-style_1\" title=\"Po\u0161alji upit\" href=\"https:\/\/inmold-ltd.com\/pl\/wyslij-zapytanie\"><span class=\"w-btn-label\">WYSLIJ ZAPYTANIE<\/span><\/a><\/div><\/div><\/div><\/div><\/div><\/div><\/section>\n","protected":false},"excerpt":{"rendered":"","protected":false},"author":1,"featured_media":0,"parent":0,"menu_order":0,"comment_status":"closed","ping_status":"closed","template":"","meta":{"footnotes":""},"class_list":["post-22","page","type-page","status-publish","hentry"],"yoast_head":"<!-- This site is optimized with the Yoast SEO plugin v24.5 - https:\/\/yoast.com\/wordpress\/plugins\/seo\/ -->\n<title>Inne rodzaje form - INMOLD Group d.o.o. PL<\/title>\n<meta name=\"robots\" content=\"index, follow, max-snippet:-1, max-image-preview:large, max-video-preview:-1\" \/>\n<link rel=\"canonical\" href=\"https:\/\/inmold-ltd.com\/pl\/inne-rodzaje-form\/\" \/>\n<meta property=\"og:locale\" content=\"pl_PL\" \/>\n<meta property=\"og:type\" content=\"article\" \/>\n<meta property=\"og:title\" content=\"Inne rodzaje form - INMOLD Group d.o.o. PL\" \/>\n<meta property=\"og:url\" content=\"https:\/\/inmold-ltd.com\/pl\/inne-rodzaje-form\/\" \/>\n<meta property=\"og:site_name\" content=\"INMOLD Group d.o.o. PL\" \/>\n<meta property=\"article:modified_time\" content=\"2021-03-23T08:30:28+00:00\" \/>\n<meta name=\"twitter:card\" content=\"summary_large_image\" \/>\n<meta name=\"twitter:label1\" content=\"Szacowany czas czytania\" \/>\n\t<meta name=\"twitter:data1\" content=\"1 minuta\" \/>\n<script type=\"application\/ld+json\" class=\"yoast-schema-graph\">{\"@context\":\"https:\/\/schema.org\",\"@graph\":[{\"@type\":\"WebPage\",\"@id\":\"https:\/\/inmold-ltd.com\/pl\/inne-rodzaje-form\/\",\"url\":\"https:\/\/inmold-ltd.com\/pl\/inne-rodzaje-form\/\",\"name\":\"Inne rodzaje form - INMOLD Group d.o.o. PL\",\"isPartOf\":{\"@id\":\"https:\/\/inmold-ltd.com\/pl\/#website\"},\"datePublished\":\"2021-02-19T21:25:21+00:00\",\"dateModified\":\"2021-03-23T08:30:28+00:00\",\"breadcrumb\":{\"@id\":\"https:\/\/inmold-ltd.com\/pl\/inne-rodzaje-form\/#breadcrumb\"},\"inLanguage\":\"pl-PL\",\"potentialAction\":[{\"@type\":\"ReadAction\",\"target\":[\"https:\/\/inmold-ltd.com\/pl\/inne-rodzaje-form\/\"]}]},{\"@type\":\"BreadcrumbList\",\"@id\":\"https:\/\/inmold-ltd.com\/pl\/inne-rodzaje-form\/#breadcrumb\",\"itemListElement\":[{\"@type\":\"ListItem\",\"position\":1,\"name\":\"Po\u010detna\",\"item\":\"https:\/\/inmold-ltd.com\/pl\/\"},{\"@type\":\"ListItem\",\"position\":2,\"name\":\"Inne rodzaje form\"}]},{\"@type\":\"WebSite\",\"@id\":\"https:\/\/inmold-ltd.com\/pl\/#website\",\"url\":\"https:\/\/inmold-ltd.com\/pl\/\",\"name\":\"INMOLD Group d.o.o. PL\",\"description\":\"Produkcja wysokiej jako\u015bci form wtryskowych do tworzyw sztucznych oraz metali kolorowych\",\"potentialAction\":[{\"@type\":\"SearchAction\",\"target\":{\"@type\":\"EntryPoint\",\"urlTemplate\":\"https:\/\/inmold-ltd.com\/pl\/?s={search_term_string}\"},\"query-input\":{\"@type\":\"PropertyValueSpecification\",\"valueRequired\":true,\"valueName\":\"search_term_string\"}}],\"inLanguage\":\"pl-PL\"}]}<\/script>\n<!-- \/ Yoast SEO plugin. -->","yoast_head_json":{"title":"Inne rodzaje form - INMOLD Group d.o.o. PL","robots":{"index":"index","follow":"follow","max-snippet":"max-snippet:-1","max-image-preview":"max-image-preview:large","max-video-preview":"max-video-preview:-1"},"canonical":"https:\/\/inmold-ltd.com\/pl\/inne-rodzaje-form\/","og_locale":"pl_PL","og_type":"article","og_title":"Inne rodzaje form - INMOLD Group d.o.o. PL","og_url":"https:\/\/inmold-ltd.com\/pl\/inne-rodzaje-form\/","og_site_name":"INMOLD Group d.o.o. PL","article_modified_time":"2021-03-23T08:30:28+00:00","twitter_card":"summary_large_image","twitter_misc":{"Szacowany czas czytania":"1 minuta"},"schema":{"@context":"https:\/\/schema.org","@graph":[{"@type":"WebPage","@id":"https:\/\/inmold-ltd.com\/pl\/inne-rodzaje-form\/","url":"https:\/\/inmold-ltd.com\/pl\/inne-rodzaje-form\/","name":"Inne rodzaje form - INMOLD Group d.o.o. PL","isPartOf":{"@id":"https:\/\/inmold-ltd.com\/pl\/#website"},"datePublished":"2021-02-19T21:25:21+00:00","dateModified":"2021-03-23T08:30:28+00:00","breadcrumb":{"@id":"https:\/\/inmold-ltd.com\/pl\/inne-rodzaje-form\/#breadcrumb"},"inLanguage":"pl-PL","potentialAction":[{"@type":"ReadAction","target":["https:\/\/inmold-ltd.com\/pl\/inne-rodzaje-form\/"]}]},{"@type":"BreadcrumbList","@id":"https:\/\/inmold-ltd.com\/pl\/inne-rodzaje-form\/#breadcrumb","itemListElement":[{"@type":"ListItem","position":1,"name":"Po\u010detna","item":"https:\/\/inmold-ltd.com\/pl\/"},{"@type":"ListItem","position":2,"name":"Inne rodzaje form"}]},{"@type":"WebSite","@id":"https:\/\/inmold-ltd.com\/pl\/#website","url":"https:\/\/inmold-ltd.com\/pl\/","name":"INMOLD Group d.o.o. PL","description":"Produkcja wysokiej jako\u015bci form wtryskowych do tworzyw sztucznych oraz metali kolorowych","potentialAction":[{"@type":"SearchAction","target":{"@type":"EntryPoint","urlTemplate":"https:\/\/inmold-ltd.com\/pl\/?s={search_term_string}"},"query-input":{"@type":"PropertyValueSpecification","valueRequired":true,"valueName":"search_term_string"}}],"inLanguage":"pl-PL"}]}},"_links":{"self":[{"href":"https:\/\/inmold-ltd.com\/pl\/wp-json\/wp\/v2\/pages\/22","targetHints":{"allow":["GET"]}}],"collection":[{"href":"https:\/\/inmold-ltd.com\/pl\/wp-json\/wp\/v2\/pages"}],"about":[{"href":"https:\/\/inmold-ltd.com\/pl\/wp-json\/wp\/v2\/types\/page"}],"author":[{"embeddable":true,"href":"https:\/\/inmold-ltd.com\/pl\/wp-json\/wp\/v2\/users\/1"}],"replies":[{"embeddable":true,"href":"https:\/\/inmold-ltd.com\/pl\/wp-json\/wp\/v2\/comments?post=22"}],"version-history":[{"count":2,"href":"https:\/\/inmold-ltd.com\/pl\/wp-json\/wp\/v2\/pages\/22\/revisions"}],"predecessor-version":[{"id":10626,"href":"https:\/\/inmold-ltd.com\/pl\/wp-json\/wp\/v2\/pages\/22\/revisions\/10626"}],"wp:attachment":[{"href":"https:\/\/inmold-ltd.com\/pl\/wp-json\/wp\/v2\/media?parent=22"}],"curies":[{"name":"wp","href":"https:\/\/api.w.org\/{rel}","templated":true}]}}