{"id":26,"date":"2021-02-19T22:30:54","date_gmt":"2021-02-19T21:30:54","guid":{"rendered":"http:\/\/localhost\/?page_id=26"},"modified":"2021-03-23T09:33:06","modified_gmt":"2021-03-23T08:33:06","slug":"formowanie-tworzyw-sztucznych-w-technologii-wtrysku","status":"publish","type":"page","link":"https:\/\/inmold-ltd.com\/pl\/formowanie-tworzyw-sztucznych-w-technologii-wtrysku\/","title":{"rendered":"Formowanie tworzyw sztucznych w technologii wtrysku"},"content":{"rendered":"<section class=\"l-section wpb_row height_medium\"><div class=\"l-section-h i-cf\"><div class=\"g-cols vc_row via_flex valign_top type_default stacking_default\"><div class=\"vc_col-sm-12 wpb_column vc_column_container\"><div class=\"vc_column-inner\"><div class=\"wpb_wrapper\"><div class=\"g-cols wpb_row via_flex valign_top type_default stacking_default\"><div class=\"vc_col-sm-12 wpb_column vc_column_container\"><div class=\"vc_column-inner\"><div class=\"wpb_wrapper\"><div class=\"wpb_text_column\"><div class=\"wpb_wrapper\"><h1 class=\"vc_custom_heading us_custom_30b8352b\">Formowanie tworzyw sztucznych w technologii wtrysku<\/h1>\n<\/div><\/div><div class=\"wpb_text_column\"><div class=\"wpb_wrapper\"><p>Nasza za\u0142oga ma szerokie do\u015bwiadczenie w zakresie technologii wtrysku tworzyw sztucznych, kt\u00f3ra jednocze\u015bnie jest bardzo wa\u017cnym segmentem naszej dzia\u0142alno\u015bci. Posiadamy ponad 40 maszyn wtryskowych z si\u0142\u0105 nacisku od 40 do 1000 ton.<\/p>\n<p>Stworzyli\u015bmy zesp\u00f3\u0142 technik\u00f3w i kontroler\u00f3w, kt\u00f3rzy stale monitoruj\u0105 ka\u017cdy aspekt procesu produkcji.<\/p>\n<p>W przypadku bodowy formy, kt\u00f3ra pozostaje w naszej firmie, oferujemy do\u017cywotni\u0105 gwarancj\u0119. To pokazuje, \u017ce jeste\u015bmy przekonani o wysokiej jako\u015bci naszych form oraz procesu wtrysku odbywaj\u0105cego si\u0119 w naszym zak\u0142adzie.<\/p>\n<\/div><\/div><\/div><\/div><\/div><\/div><div class=\"g-cols wpb_row us_custom_b2452879 via_flex valign_top type_default stacking_default\"><div class=\"vc_col-sm-12 wpb_column vc_column_container\"><div class=\"vc_column-inner\"><div class=\"wpb_wrapper\"><div class=\"w-grid type_grid layout_gallery_default cols_6\" id=\"us_grid_1\" style=\"--gap:4px;\" data-filterable=\"true\"><style>@media (max-width:767px){#us_grid_1 .w-grid-item{width:25%}}@media (max-width:479px){#us_grid_1 .w-grid-item{width:50%}}.layout_gallery_default .w-grid-item-h{}<\/style><div class=\"w-grid-list\">\t<article class=\"w-grid-item size_1x1 post-7038 attachment type-attachment status-inherit hentry\" data-id=\"7038\">\r\n\t\t<div class=\"w-grid-item-h\">\r\n\t\t\t\t\t\t\t<a ref=\"magnificPopupGrid\" href=\"https:\/\/inmold-ltd.com\/pl\/wp-content\/uploads\/sites\/3\/2019\/01\/plastic-injection_1.jpg\" class=\"w-grid-item-anchor\" aria-label=\"plastic-injection_1\" title=\"plastic-injection_1\"><\/a>\r\n\t\t\t\t\t\t<div class=\"w-post-elm post_image usg_post_image_1 stretched\"><img loading=\"lazy\" decoding=\"async\" width=\"150\" height=\"150\" src=\"https:\/\/inmold-ltd.com\/pl\/wp-content\/uploads\/sites\/3\/2019\/01\/plastic-injection_1-150x150.jpg\" class=\"attachment-thumbnail size-thumbnail\" alt=\"\" \/><\/div>\t\t<\/div>\r\n\t\t\t<\/article>\r\n\t<article class=\"w-grid-item size_1x1 post-7043 attachment type-attachment status-inherit hentry\" data-id=\"7043\">\r\n\t\t<div class=\"w-grid-item-h\">\r\n\t\t\t\t\t\t\t<a ref=\"magnificPopupGrid\" href=\"https:\/\/inmold-ltd.com\/pl\/wp-content\/uploads\/sites\/3\/2019\/01\/plastic-injection_2.jpg\" class=\"w-grid-item-anchor\" aria-label=\"plastic-injection_2\" title=\"plastic-injection_2\"><\/a>\r\n\t\t\t\t\t\t<div class=\"w-post-elm post_image usg_post_image_1 stretched\"><img loading=\"lazy\" decoding=\"async\" width=\"150\" height=\"150\" src=\"https:\/\/inmold-ltd.com\/pl\/wp-content\/uploads\/sites\/3\/2019\/01\/plastic-injection_2-150x150.jpg\" class=\"attachment-thumbnail size-thumbnail\" alt=\"\" \/><\/div>\t\t<\/div>\r\n\t\t\t<\/article>\r\n\t<article class=\"w-grid-item size_1x1 post-7048 attachment type-attachment status-inherit hentry\" data-id=\"7048\">\r\n\t\t<div class=\"w-grid-item-h\">\r\n\t\t\t\t\t\t\t<a ref=\"magnificPopupGrid\" href=\"https:\/\/inmold-ltd.com\/pl\/wp-content\/uploads\/sites\/3\/2019\/01\/plastic-injection_3.jpg\" class=\"w-grid-item-anchor\" aria-label=\"plastic-injection_3\" title=\"plastic-injection_3\"><\/a>\r\n\t\t\t\t\t\t<div class=\"w-post-elm post_image usg_post_image_1 stretched\"><img loading=\"lazy\" decoding=\"async\" width=\"150\" height=\"150\" src=\"https:\/\/inmold-ltd.com\/pl\/wp-content\/uploads\/sites\/3\/2019\/01\/plastic-injection_3-150x150.jpg\" class=\"attachment-thumbnail size-thumbnail\" alt=\"\" \/><\/div>\t\t<\/div>\r\n\t\t\t<\/article>\r\n\t<article class=\"w-grid-item size_1x1 post-7053 attachment type-attachment status-inherit hentry\" data-id=\"7053\">\r\n\t\t<div class=\"w-grid-item-h\">\r\n\t\t\t\t\t\t\t<a ref=\"magnificPopupGrid\" href=\"https:\/\/inmold-ltd.com\/pl\/wp-content\/uploads\/sites\/3\/2019\/01\/plastic-injection_4.jpg\" class=\"w-grid-item-anchor\" aria-label=\"plastic-injection_4\" title=\"plastic-injection_4\"><\/a>\r\n\t\t\t\t\t\t<div class=\"w-post-elm post_image usg_post_image_1 stretched\"><img loading=\"lazy\" decoding=\"async\" width=\"150\" height=\"150\" src=\"https:\/\/inmold-ltd.com\/pl\/wp-content\/uploads\/sites\/3\/2019\/01\/plastic-injection_4-150x150.jpg\" class=\"attachment-thumbnail size-thumbnail\" alt=\"\" \/><\/div>\t\t<\/div>\r\n\t\t\t<\/article>\r\n\t<article class=\"w-grid-item size_1x1 post-7058 attachment type-attachment status-inherit hentry\" data-id=\"7058\">\r\n\t\t<div class=\"w-grid-item-h\">\r\n\t\t\t\t\t\t\t<a ref=\"magnificPopupGrid\" href=\"https:\/\/inmold-ltd.com\/pl\/wp-content\/uploads\/sites\/3\/2019\/01\/plastic-injection_5.jpg\" class=\"w-grid-item-anchor\" aria-label=\"plastic-injection_5\" title=\"plastic-injection_5\"><\/a>\r\n\t\t\t\t\t\t<div class=\"w-post-elm post_image usg_post_image_1 stretched\"><img loading=\"lazy\" decoding=\"async\" width=\"150\" height=\"150\" src=\"https:\/\/inmold-ltd.com\/pl\/wp-content\/uploads\/sites\/3\/2019\/01\/plastic-injection_5-150x150.jpg\" class=\"attachment-thumbnail size-thumbnail\" alt=\"\" \/><\/div>\t\t<\/div>\r\n\t\t\t<\/article>\r\n\t<article class=\"w-grid-item size_1x1 post-7063 attachment type-attachment status-inherit hentry\" data-id=\"7063\">\r\n\t\t<div class=\"w-grid-item-h\">\r\n\t\t\t\t\t\t\t<a ref=\"magnificPopupGrid\" href=\"https:\/\/inmold-ltd.com\/pl\/wp-content\/uploads\/sites\/3\/2019\/01\/plastic-injection_6.jpg\" class=\"w-grid-item-anchor\" aria-label=\"plastic-injection_6\" title=\"plastic-injection_6\"><\/a>\r\n\t\t\t\t\t\t<div class=\"w-post-elm post_image usg_post_image_1 stretched\"><img loading=\"lazy\" decoding=\"async\" width=\"150\" height=\"150\" src=\"https:\/\/inmold-ltd.com\/pl\/wp-content\/uploads\/sites\/3\/2019\/01\/plastic-injection_6-150x150.jpg\" class=\"attachment-thumbnail size-thumbnail\" alt=\"\" \/><\/div>\t\t<\/div>\r\n\t\t\t<\/article>\r\n<\/div><div class=\"w-grid-preloader\">\t<div class=\"g-preloader type_1\">\r\n\t\t<div><\/div>\r\n\t<\/div>\r\n\t<\/div>\t<div class=\"w-grid-json hidden\" onclick='return {&quot;action&quot;:&quot;us_ajax_grid&quot;,&quot;infinite_scroll&quot;:0,&quot;max_num_pages&quot;:1,&quot;pagination&quot;:&quot;none&quot;,&quot;template_vars&quot;:{&quot;columns&quot;:&quot;6&quot;,&quot;exclude_items&quot;:&quot;none&quot;,&quot;img_size&quot;:&quot;thumbnail&quot;,&quot;ignore_items_size&quot;:0,&quot;items_layout&quot;:&quot;gallery_default&quot;,&quot;items_offset&quot;:&quot;1&quot;,&quot;load_animation&quot;:&quot;none&quot;,&quot;overriding_link&quot;:&quot;%7B%22type%22%3A%22popup_image%22%7D&quot;,&quot;post_id&quot;:0,&quot;query_args&quot;:{&quot;post_type&quot;:[&quot;attachment&quot;],&quot;post__in&quot;:[&quot;7038&quot;,&quot;7043&quot;,&quot;7048&quot;,&quot;7053&quot;,&quot;7058&quot;,&quot;7063&quot;],&quot;post_status&quot;:&quot;inherit&quot;,&quot;post_mime_type&quot;:&quot;image&quot;,&quot;posts_per_page&quot;:999},&quot;orderby_query_args&quot;:{&quot;orderby&quot;:{&quot;post__in&quot;:&quot;ASC&quot;},&quot;order&quot;:&quot;ASC&quot;},&quot;type&quot;:&quot;grid&quot;,&quot;us_grid_post_type&quot;:&quot;attachment&quot;,&quot;us_grid_ajax_index&quot;:1,&quot;us_grid_filter_query_string&quot;:null,&quot;us_grid_index&quot;:1,&quot;page_args&quot;:[]}}'><\/div>\r\n\t<\/div><\/div><\/div><\/div><\/div><\/div><\/div><\/div><\/div><\/div><\/section>\n","protected":false},"excerpt":{"rendered":"","protected":false},"author":1,"featured_media":0,"parent":0,"menu_order":0,"comment_status":"closed","ping_status":"closed","template":"","meta":{"footnotes":""},"class_list":["post-26","page","type-page","status-publish","hentry"],"yoast_head":"<!-- This site is optimized with the Yoast SEO plugin v24.5 - https:\/\/yoast.com\/wordpress\/plugins\/seo\/ -->\n<title>Formowanie tworzyw sztucznych w technologii wtrysku - INMOLD Group d.o.o. PL<\/title>\n<meta name=\"robots\" content=\"index, follow, max-snippet:-1, max-image-preview:large, max-video-preview:-1\" \/>\n<link rel=\"canonical\" href=\"https:\/\/inmold-ltd.com\/pl\/formowanie-tworzyw-sztucznych-w-technologii-wtrysku\/\" \/>\n<meta property=\"og:locale\" content=\"pl_PL\" \/>\n<meta property=\"og:type\" content=\"article\" \/>\n<meta property=\"og:title\" content=\"Formowanie tworzyw sztucznych w technologii wtrysku - INMOLD Group d.o.o. PL\" \/>\n<meta property=\"og:url\" content=\"https:\/\/inmold-ltd.com\/pl\/formowanie-tworzyw-sztucznych-w-technologii-wtrysku\/\" \/>\n<meta property=\"og:site_name\" content=\"INMOLD Group d.o.o. PL\" \/>\n<meta property=\"article:modified_time\" content=\"2021-03-23T08:33:06+00:00\" \/>\n<meta name=\"twitter:card\" content=\"summary_large_image\" \/>\n<meta name=\"twitter:label1\" content=\"Szacowany czas czytania\" \/>\n\t<meta name=\"twitter:data1\" content=\"1 minuta\" \/>\n<script type=\"application\/ld+json\" class=\"yoast-schema-graph\">{\"@context\":\"https:\/\/schema.org\",\"@graph\":[{\"@type\":\"WebPage\",\"@id\":\"https:\/\/inmold-ltd.com\/pl\/formowanie-tworzyw-sztucznych-w-technologii-wtrysku\/\",\"url\":\"https:\/\/inmold-ltd.com\/pl\/formowanie-tworzyw-sztucznych-w-technologii-wtrysku\/\",\"name\":\"Formowanie tworzyw sztucznych w technologii wtrysku - INMOLD Group d.o.o. PL\",\"isPartOf\":{\"@id\":\"https:\/\/inmold-ltd.com\/pl\/#website\"},\"datePublished\":\"2021-02-19T21:30:54+00:00\",\"dateModified\":\"2021-03-23T08:33:06+00:00\",\"breadcrumb\":{\"@id\":\"https:\/\/inmold-ltd.com\/pl\/formowanie-tworzyw-sztucznych-w-technologii-wtrysku\/#breadcrumb\"},\"inLanguage\":\"pl-PL\",\"potentialAction\":[{\"@type\":\"ReadAction\",\"target\":[\"https:\/\/inmold-ltd.com\/pl\/formowanie-tworzyw-sztucznych-w-technologii-wtrysku\/\"]}]},{\"@type\":\"BreadcrumbList\",\"@id\":\"https:\/\/inmold-ltd.com\/pl\/formowanie-tworzyw-sztucznych-w-technologii-wtrysku\/#breadcrumb\",\"itemListElement\":[{\"@type\":\"ListItem\",\"position\":1,\"name\":\"Po\u010detna\",\"item\":\"https:\/\/inmold-ltd.com\/pl\/\"},{\"@type\":\"ListItem\",\"position\":2,\"name\":\"Formowanie tworzyw sztucznych w technologii wtrysku\"}]},{\"@type\":\"WebSite\",\"@id\":\"https:\/\/inmold-ltd.com\/pl\/#website\",\"url\":\"https:\/\/inmold-ltd.com\/pl\/\",\"name\":\"INMOLD Group d.o.o. PL\",\"description\":\"Produkcja wysokiej jako\u015bci form wtryskowych do tworzyw sztucznych oraz metali kolorowych\",\"potentialAction\":[{\"@type\":\"SearchAction\",\"target\":{\"@type\":\"EntryPoint\",\"urlTemplate\":\"https:\/\/inmold-ltd.com\/pl\/?s={search_term_string}\"},\"query-input\":{\"@type\":\"PropertyValueSpecification\",\"valueRequired\":true,\"valueName\":\"search_term_string\"}}],\"inLanguage\":\"pl-PL\"}]}<\/script>\n<!-- \/ Yoast SEO plugin. -->","yoast_head_json":{"title":"Formowanie tworzyw sztucznych w technologii wtrysku - INMOLD Group d.o.o. PL","robots":{"index":"index","follow":"follow","max-snippet":"max-snippet:-1","max-image-preview":"max-image-preview:large","max-video-preview":"max-video-preview:-1"},"canonical":"https:\/\/inmold-ltd.com\/pl\/formowanie-tworzyw-sztucznych-w-technologii-wtrysku\/","og_locale":"pl_PL","og_type":"article","og_title":"Formowanie tworzyw sztucznych w technologii wtrysku - INMOLD Group d.o.o. PL","og_url":"https:\/\/inmold-ltd.com\/pl\/formowanie-tworzyw-sztucznych-w-technologii-wtrysku\/","og_site_name":"INMOLD Group d.o.o. PL","article_modified_time":"2021-03-23T08:33:06+00:00","twitter_card":"summary_large_image","twitter_misc":{"Szacowany czas czytania":"1 minuta"},"schema":{"@context":"https:\/\/schema.org","@graph":[{"@type":"WebPage","@id":"https:\/\/inmold-ltd.com\/pl\/formowanie-tworzyw-sztucznych-w-technologii-wtrysku\/","url":"https:\/\/inmold-ltd.com\/pl\/formowanie-tworzyw-sztucznych-w-technologii-wtrysku\/","name":"Formowanie tworzyw sztucznych w technologii wtrysku - INMOLD Group d.o.o. PL","isPartOf":{"@id":"https:\/\/inmold-ltd.com\/pl\/#website"},"datePublished":"2021-02-19T21:30:54+00:00","dateModified":"2021-03-23T08:33:06+00:00","breadcrumb":{"@id":"https:\/\/inmold-ltd.com\/pl\/formowanie-tworzyw-sztucznych-w-technologii-wtrysku\/#breadcrumb"},"inLanguage":"pl-PL","potentialAction":[{"@type":"ReadAction","target":["https:\/\/inmold-ltd.com\/pl\/formowanie-tworzyw-sztucznych-w-technologii-wtrysku\/"]}]},{"@type":"BreadcrumbList","@id":"https:\/\/inmold-ltd.com\/pl\/formowanie-tworzyw-sztucznych-w-technologii-wtrysku\/#breadcrumb","itemListElement":[{"@type":"ListItem","position":1,"name":"Po\u010detna","item":"https:\/\/inmold-ltd.com\/pl\/"},{"@type":"ListItem","position":2,"name":"Formowanie tworzyw sztucznych w technologii wtrysku"}]},{"@type":"WebSite","@id":"https:\/\/inmold-ltd.com\/pl\/#website","url":"https:\/\/inmold-ltd.com\/pl\/","name":"INMOLD Group d.o.o. PL","description":"Produkcja wysokiej jako\u015bci form wtryskowych do tworzyw sztucznych oraz metali kolorowych","potentialAction":[{"@type":"SearchAction","target":{"@type":"EntryPoint","urlTemplate":"https:\/\/inmold-ltd.com\/pl\/?s={search_term_string}"},"query-input":{"@type":"PropertyValueSpecification","valueRequired":true,"valueName":"search_term_string"}}],"inLanguage":"pl-PL"}]}},"_links":{"self":[{"href":"https:\/\/inmold-ltd.com\/pl\/wp-json\/wp\/v2\/pages\/26","targetHints":{"allow":["GET"]}}],"collection":[{"href":"https:\/\/inmold-ltd.com\/pl\/wp-json\/wp\/v2\/pages"}],"about":[{"href":"https:\/\/inmold-ltd.com\/pl\/wp-json\/wp\/v2\/types\/page"}],"author":[{"embeddable":true,"href":"https:\/\/inmold-ltd.com\/pl\/wp-json\/wp\/v2\/users\/1"}],"replies":[{"embeddable":true,"href":"https:\/\/inmold-ltd.com\/pl\/wp-json\/wp\/v2\/comments?post=26"}],"version-history":[{"count":1,"href":"https:\/\/inmold-ltd.com\/pl\/wp-json\/wp\/v2\/pages\/26\/revisions"}],"predecessor-version":[{"id":10628,"href":"https:\/\/inmold-ltd.com\/pl\/wp-json\/wp\/v2\/pages\/26\/revisions\/10628"}],"wp:attachment":[{"href":"https:\/\/inmold-ltd.com\/pl\/wp-json\/wp\/v2\/media?parent=26"}],"curies":[{"name":"wp","href":"https:\/\/api.w.org\/{rel}","templated":true}]}}