{"id":32,"date":"2021-02-19T22:31:53","date_gmt":"2021-02-19T21:31:53","guid":{"rendered":"http:\/\/localhost\/?page_id=32"},"modified":"2021-03-23T09:42:48","modified_gmt":"2021-03-23T08:42:48","slug":"tkc-spawanie-laserowe","status":"publish","type":"page","link":"https:\/\/inmold-ltd.com\/pl\/tkc-spawanie-laserowe\/","title":{"rendered":"TKC \/ Spawanie laserowe"},"content":{"rendered":"<section class=\"l-section wpb_row height_medium\"><div class=\"l-section-h i-cf\"><div class=\"g-cols vc_row via_flex valign_top type_default stacking_default\"><div class=\"vc_col-sm-12 wpb_column vc_column_container\"><div class=\"vc_column-inner\"><div class=\"wpb_wrapper\"><div class=\"g-cols wpb_row via_flex valign_top type_default stacking_default\"><div class=\"vc_col-sm-6 wpb_column vc_column_container\"><div class=\"vc_column-inner\"><div class=\"wpb_wrapper\"><div class=\"wpb_text_column\"><div class=\"wpb_wrapper\"><h1 class=\"vc_custom_heading\">TKC \/ Spawanie laserowe<\/h1>\n<\/div><\/div><div class=\"wpb_text_column\"><div class=\"wpb_wrapper\"><p>Przewag\u0105 naszej firmy jest to, \u017ce jeste\u015bmy w stanie wykona\u0107 naprawy w ka\u017cdym zakresie w siedzibie naszej firmy. Jedn\u0105 z mo\u017cliwo\u015bci jest napawanie. Zalety napawania:<\/p>\n<ul class=\"disk\">\n<li>wysoka jako\u015b\u0107 spoiny<\/li>\n<li>szybka i precyzyjna naprawa<\/li>\n<li>mniej interwencji po naprawie<\/li>\n<li>niska cena<\/li>\n<\/ul>\n<\/div><\/div><\/div><\/div><\/div><div class=\"vc_col-sm-6 wpb_column vc_column_container\"><div class=\"vc_column-inner\"><div class=\"wpb_wrapper\"><div class=\"w-slider style_none fit_scaledown\"><div class=\"w-slider-h\"><div class=\"royalSlider\"><div class=\"rsContent\"><a class=\"rsImg\" data-rsw=\"1615\" data-rsh=\"1080\" href=\"https:\/\/inmold-ltd.com\/pl\/wp-content\/uploads\/sites\/3\/2019\/01\/lasersko-secenje_1.jpg\"><span data-alt=\"\"><\/span><\/a><\/div><div class=\"rsContent\"><a class=\"rsImg\" data-rsw=\"1615\" data-rsh=\"1080\" href=\"https:\/\/inmold-ltd.com\/pl\/wp-content\/uploads\/sites\/3\/2019\/01\/lasersko-secenje_2.jpg\"><span data-alt=\"\"><\/span><\/a><\/div><\/div><img decoding=\"async\" src=\"https:\/\/inmold-ltd.com\/pl\/wp-content\/uploads\/sites\/3\/2019\/01\/lasersko-secenje_1.jpg\" width=\"1615\" height=\"1080\" alt loading=\"lazy\"><\/div><div class=\"w-slider-json\" onclick='return {&quot;autoScaleSlider&quot;:true,&quot;loop&quot;:true,&quot;fadeInLoadedSlide&quot;:false,&quot;slidesSpacing&quot;:0,&quot;imageScalePadding&quot;:0,&quot;numImagesToPreload&quot;:2,&quot;arrowsNav&quot;:true,&quot;arrowsNavAutoHide&quot;:false,&quot;transitionType&quot;:&quot;move&quot;,&quot;transitionSpeed&quot;:250,&quot;block&quot;:{&quot;moveEffect&quot;:&quot;none&quot;,&quot;speed&quot;:300},&quot;thumbs&quot;:{&quot;fitInViewport&quot;:false},&quot;controlNavigation&quot;:&quot;none&quot;,&quot;imageScaleMode&quot;:&quot;fit-if-smaller&quot;,&quot;autoScaleSliderWidth&quot;:1615,&quot;autoScaleSliderHeight&quot;:1080}'><\/div><\/div><\/div><\/div><\/div><\/div><\/div><\/div><\/div><\/div><\/div><\/section>\n","protected":false},"excerpt":{"rendered":"TKC \/ Spawanie laserowe Przewag\u0105 naszej firmy jest to, \u017ce jeste\u015bmy w stanie wykona\u0107 naprawy w ka\u017cdym zakresie w siedzibie naszej firmy. Jedn\u0105 z mo\u017cliwo\u015bci jest napawanie. Zalety napawania: wysoka jako\u015b\u0107 spoiny szybka i precyzyjna naprawa mniej interwencji po naprawie niska cena","protected":false},"author":1,"featured_media":0,"parent":0,"menu_order":0,"comment_status":"closed","ping_status":"closed","template":"","meta":{"footnotes":""},"class_list":["post-32","page","type-page","status-publish","hentry"],"yoast_head":"<!-- This site is optimized with the Yoast SEO plugin v24.5 - https:\/\/yoast.com\/wordpress\/plugins\/seo\/ -->\n<title>TKC \/ Spawanie laserowe - INMOLD Group d.o.o. PL<\/title>\n<meta name=\"robots\" content=\"index, follow, max-snippet:-1, max-image-preview:large, max-video-preview:-1\" \/>\n<link rel=\"canonical\" href=\"https:\/\/inmold-ltd.com\/pl\/tkc-spawanie-laserowe\/\" \/>\n<meta property=\"og:locale\" content=\"pl_PL\" \/>\n<meta property=\"og:type\" content=\"article\" \/>\n<meta property=\"og:title\" content=\"TKC \/ Spawanie laserowe - INMOLD Group d.o.o. PL\" \/>\n<meta property=\"og:url\" content=\"https:\/\/inmold-ltd.com\/pl\/tkc-spawanie-laserowe\/\" \/>\n<meta property=\"og:site_name\" content=\"INMOLD Group d.o.o. PL\" \/>\n<meta property=\"article:modified_time\" content=\"2021-03-23T08:42:48+00:00\" \/>\n<meta name=\"twitter:card\" content=\"summary_large_image\" \/>\n<script type=\"application\/ld+json\" class=\"yoast-schema-graph\">{\"@context\":\"https:\/\/schema.org\",\"@graph\":[{\"@type\":\"WebPage\",\"@id\":\"https:\/\/inmold-ltd.com\/pl\/tkc-spawanie-laserowe\/\",\"url\":\"https:\/\/inmold-ltd.com\/pl\/tkc-spawanie-laserowe\/\",\"name\":\"TKC \/ Spawanie laserowe - INMOLD Group d.o.o. PL\",\"isPartOf\":{\"@id\":\"https:\/\/inmold-ltd.com\/pl\/#website\"},\"datePublished\":\"2021-02-19T21:31:53+00:00\",\"dateModified\":\"2021-03-23T08:42:48+00:00\",\"breadcrumb\":{\"@id\":\"https:\/\/inmold-ltd.com\/pl\/tkc-spawanie-laserowe\/#breadcrumb\"},\"inLanguage\":\"pl-PL\",\"potentialAction\":[{\"@type\":\"ReadAction\",\"target\":[\"https:\/\/inmold-ltd.com\/pl\/tkc-spawanie-laserowe\/\"]}]},{\"@type\":\"BreadcrumbList\",\"@id\":\"https:\/\/inmold-ltd.com\/pl\/tkc-spawanie-laserowe\/#breadcrumb\",\"itemListElement\":[{\"@type\":\"ListItem\",\"position\":1,\"name\":\"Po\u010detna\",\"item\":\"https:\/\/inmold-ltd.com\/pl\/\"},{\"@type\":\"ListItem\",\"position\":2,\"name\":\"TKC \/ Spawanie laserowe\"}]},{\"@type\":\"WebSite\",\"@id\":\"https:\/\/inmold-ltd.com\/pl\/#website\",\"url\":\"https:\/\/inmold-ltd.com\/pl\/\",\"name\":\"INMOLD Group d.o.o. PL\",\"description\":\"Produkcja wysokiej jako\u015bci form wtryskowych do tworzyw sztucznych oraz metali kolorowych\",\"potentialAction\":[{\"@type\":\"SearchAction\",\"target\":{\"@type\":\"EntryPoint\",\"urlTemplate\":\"https:\/\/inmold-ltd.com\/pl\/?s={search_term_string}\"},\"query-input\":{\"@type\":\"PropertyValueSpecification\",\"valueRequired\":true,\"valueName\":\"search_term_string\"}}],\"inLanguage\":\"pl-PL\"}]}<\/script>\n<!-- \/ Yoast SEO plugin. -->","yoast_head_json":{"title":"TKC \/ Spawanie laserowe - INMOLD Group d.o.o. PL","robots":{"index":"index","follow":"follow","max-snippet":"max-snippet:-1","max-image-preview":"max-image-preview:large","max-video-preview":"max-video-preview:-1"},"canonical":"https:\/\/inmold-ltd.com\/pl\/tkc-spawanie-laserowe\/","og_locale":"pl_PL","og_type":"article","og_title":"TKC \/ Spawanie laserowe - INMOLD Group d.o.o. PL","og_url":"https:\/\/inmold-ltd.com\/pl\/tkc-spawanie-laserowe\/","og_site_name":"INMOLD Group d.o.o. PL","article_modified_time":"2021-03-23T08:42:48+00:00","twitter_card":"summary_large_image","schema":{"@context":"https:\/\/schema.org","@graph":[{"@type":"WebPage","@id":"https:\/\/inmold-ltd.com\/pl\/tkc-spawanie-laserowe\/","url":"https:\/\/inmold-ltd.com\/pl\/tkc-spawanie-laserowe\/","name":"TKC \/ Spawanie laserowe - INMOLD Group d.o.o. PL","isPartOf":{"@id":"https:\/\/inmold-ltd.com\/pl\/#website"},"datePublished":"2021-02-19T21:31:53+00:00","dateModified":"2021-03-23T08:42:48+00:00","breadcrumb":{"@id":"https:\/\/inmold-ltd.com\/pl\/tkc-spawanie-laserowe\/#breadcrumb"},"inLanguage":"pl-PL","potentialAction":[{"@type":"ReadAction","target":["https:\/\/inmold-ltd.com\/pl\/tkc-spawanie-laserowe\/"]}]},{"@type":"BreadcrumbList","@id":"https:\/\/inmold-ltd.com\/pl\/tkc-spawanie-laserowe\/#breadcrumb","itemListElement":[{"@type":"ListItem","position":1,"name":"Po\u010detna","item":"https:\/\/inmold-ltd.com\/pl\/"},{"@type":"ListItem","position":2,"name":"TKC \/ Spawanie laserowe"}]},{"@type":"WebSite","@id":"https:\/\/inmold-ltd.com\/pl\/#website","url":"https:\/\/inmold-ltd.com\/pl\/","name":"INMOLD Group d.o.o. PL","description":"Produkcja wysokiej jako\u015bci form wtryskowych do tworzyw sztucznych oraz metali kolorowych","potentialAction":[{"@type":"SearchAction","target":{"@type":"EntryPoint","urlTemplate":"https:\/\/inmold-ltd.com\/pl\/?s={search_term_string}"},"query-input":{"@type":"PropertyValueSpecification","valueRequired":true,"valueName":"search_term_string"}}],"inLanguage":"pl-PL"}]}},"_links":{"self":[{"href":"https:\/\/inmold-ltd.com\/pl\/wp-json\/wp\/v2\/pages\/32","targetHints":{"allow":["GET"]}}],"collection":[{"href":"https:\/\/inmold-ltd.com\/pl\/wp-json\/wp\/v2\/pages"}],"about":[{"href":"https:\/\/inmold-ltd.com\/pl\/wp-json\/wp\/v2\/types\/page"}],"author":[{"embeddable":true,"href":"https:\/\/inmold-ltd.com\/pl\/wp-json\/wp\/v2\/users\/1"}],"replies":[{"embeddable":true,"href":"https:\/\/inmold-ltd.com\/pl\/wp-json\/wp\/v2\/comments?post=32"}],"version-history":[{"count":1,"href":"https:\/\/inmold-ltd.com\/pl\/wp-json\/wp\/v2\/pages\/32\/revisions"}],"predecessor-version":[{"id":10633,"href":"https:\/\/inmold-ltd.com\/pl\/wp-json\/wp\/v2\/pages\/32\/revisions\/10633"}],"wp:attachment":[{"href":"https:\/\/inmold-ltd.com\/pl\/wp-json\/wp\/v2\/media?parent=32"}],"curies":[{"name":"wp","href":"https:\/\/api.w.org\/{rel}","templated":true}]}}