{"id":34,"date":"2021-02-19T22:32:09","date_gmt":"2021-02-19T21:32:09","guid":{"rendered":"http:\/\/localhost\/?page_id=34"},"modified":"2021-03-23T10:01:38","modified_gmt":"2021-03-23T09:01:38","slug":"aktualnosci","status":"publish","type":"page","link":"https:\/\/inmold-ltd.com\/pl\/aktualnosci\/","title":{"rendered":"Aktualno\u015bci"},"content":{"rendered":"<section class=\"l-section wpb_row height_medium\"><div class=\"l-section-h i-cf\"><div class=\"g-cols vc_row via_flex valign_top type_default stacking_default\"><div class=\"vc_col-sm-12 wpb_column vc_column_container\"><div class=\"vc_column-inner\"><div class=\"wpb_wrapper\"><div class=\"g-cols wpb_row via_flex valign_top type_default stacking_default\"><div class=\"vc_col-sm-12 wpb_column vc_column_container\"><div class=\"vc_column-inner\"><div class=\"wpb_wrapper\"><div class=\"w-grid type_grid layout_7180 cols_3\" id=\"us_grid_1\" style=\"--gap:1.5rem;\" data-filterable=\"true\"><style>@media (max-width:1024px){#us_grid_1 .w-grid-item{width:50%}}@media (max-width:600px){#us_grid_1 .w-grid-list{margin:0}#us_grid_1 .w-grid-item{width:100%;padding:0;margin-bottom:var(--gap,0px)}}.layout_7180 .w-grid-item-h{}.layout_7180 .usg_post_image_1{transition-duration:0.3s;transform-origin:50% 50%;transform:scale(1) translate(0%,0%)}.layout_7180 .w-grid-item-h:hover .usg_post_image_1{transform:scale(1) translate(0%,0%);opacity:1}.layout_7180 .usg_post_title_1{font-family:var(--font-family)!important}.layout_7180 .usg_post_date_1{font-family:var(--font-family)!important}<\/style><div class=\"w-grid-list\">\t<article class=\"w-grid-item size_1x1 post-10962 post type-post status-publish format-standard has-post-thumbnail hentry category-aktualnosci\" data-id=\"10962\">\r\n\t\t<div class=\"w-grid-item-h\">\r\n\t\t\t\t\t\t<div class=\"w-vwrapper usg_vwrapper_1 align_left valign_top\"><div class=\"w-post-elm post_image usg_post_image_1 stretched\"><a href=\"https:\/\/inmold-ltd.com\/pl\/nowy-project-robot-iml-12-cavities\/\" aria-label=\"Nowy project &#8211; robot IML  12 cavities\"><img loading=\"lazy\" decoding=\"async\" width=\"2500\" height=\"1313\" src=\"https:\/\/inmold-ltd.com\/pl\/wp-content\/uploads\/sites\/3\/2022\/09\/Inmold_Serbia_Nowy-project-robot_IML_12-cavities.jpg\" class=\"attachment-us_600_315_crop size-us_600_315_crop wp-post-image\" alt=\"\" srcset=\"https:\/\/inmold-ltd.com\/pl\/wp-content\/uploads\/sites\/3\/2022\/09\/Inmold_Serbia_Nowy-project-robot_IML_12-cavities.jpg 2500w, https:\/\/inmold-ltd.com\/pl\/wp-content\/uploads\/sites\/3\/2022\/09\/Inmold_Serbia_Nowy-project-robot_IML_12-cavities-300x158.jpg 300w, https:\/\/inmold-ltd.com\/pl\/wp-content\/uploads\/sites\/3\/2022\/09\/Inmold_Serbia_Nowy-project-robot_IML_12-cavities-1024x538.jpg 1024w, https:\/\/inmold-ltd.com\/pl\/wp-content\/uploads\/sites\/3\/2022\/09\/Inmold_Serbia_Nowy-project-robot_IML_12-cavities-600x315.jpg 600w\" sizes=\"auto, (max-width: 2500px) 100vw, 2500px\" \/><\/a><\/div><time class=\"w-post-elm post_date usg_post_date_1 entry-date published\" datetime=\"2022-08-01T08:54:24+02:00\">01.08.2022<\/time><\/div><h4 class=\"w-post-elm post_title usg_post_title_1 entry-title color_link_inherit\"><a href=\"https:\/\/inmold-ltd.com\/pl\/nowy-project-robot-iml-12-cavities\/\">Nowy project &#8211; robot IML  12 cavities<\/a><\/h4>\t\t<\/div>\r\n\t\t\t<\/article>\r\n\t<article class=\"w-grid-item size_1x1 post-10950 post type-post status-publish format-standard has-post-thumbnail hentry category-aktualnosci\" data-id=\"10950\">\r\n\t\t<div class=\"w-grid-item-h\">\r\n\t\t\t\t\t\t<div class=\"w-vwrapper usg_vwrapper_1 align_left valign_top\"><div class=\"w-post-elm post_image usg_post_image_1 stretched\"><a href=\"https:\/\/inmold-ltd.com\/pl\/dni-otwartych-drzwi\/\" aria-label=\"Dni Otwartych Drzwi\"><img loading=\"lazy\" decoding=\"async\" width=\"2500\" height=\"1313\" src=\"https:\/\/inmold-ltd.com\/pl\/wp-content\/uploads\/sites\/3\/2022\/07\/ZATVARANJE-OTVORENIH-DANA-pol.jpg\" class=\"attachment-us_600_315_crop size-us_600_315_crop wp-post-image\" alt=\"\" srcset=\"https:\/\/inmold-ltd.com\/pl\/wp-content\/uploads\/sites\/3\/2022\/07\/ZATVARANJE-OTVORENIH-DANA-pol.jpg 2500w, https:\/\/inmold-ltd.com\/pl\/wp-content\/uploads\/sites\/3\/2022\/07\/ZATVARANJE-OTVORENIH-DANA-pol-300x158.jpg 300w, https:\/\/inmold-ltd.com\/pl\/wp-content\/uploads\/sites\/3\/2022\/07\/ZATVARANJE-OTVORENIH-DANA-pol-1024x538.jpg 1024w, https:\/\/inmold-ltd.com\/pl\/wp-content\/uploads\/sites\/3\/2022\/07\/ZATVARANJE-OTVORENIH-DANA-pol-600x315.jpg 600w\" sizes=\"auto, (max-width: 2500px) 100vw, 2500px\" \/><\/a><\/div><time class=\"w-post-elm post_date usg_post_date_1 entry-date published\" datetime=\"2022-06-23T17:57:18+02:00\">23.06.2022<\/time><\/div><h4 class=\"w-post-elm post_title usg_post_title_1 entry-title color_link_inherit\"><a href=\"https:\/\/inmold-ltd.com\/pl\/dni-otwartych-drzwi\/\">Dni Otwartych Drzwi<\/a><\/h4>\t\t<\/div>\r\n\t\t\t<\/article>\r\n\t<article class=\"w-grid-item size_1x1 post-10947 post type-post status-publish format-standard has-post-thumbnail hentry category-aktualnosci\" data-id=\"10947\">\r\n\t\t<div class=\"w-grid-item-h\">\r\n\t\t\t\t\t\t<div class=\"w-vwrapper usg_vwrapper_1 align_left valign_top\"><div class=\"w-post-elm post_image usg_post_image_1 stretched\"><a href=\"https:\/\/inmold-ltd.com\/pl\/nowa-maszyna-z-rodziny-hermle-c650-m\/\" aria-label=\"Nowa maszyna z  rodziny Hermle &#8211; C650 m\"><img loading=\"lazy\" decoding=\"async\" width=\"2475\" height=\"1300\" src=\"https:\/\/inmold-ltd.com\/pl\/wp-content\/uploads\/sites\/3\/2022\/06\/CHERMLE_Inmold_Ltd.jpg\" class=\"attachment-us_600_315_crop size-us_600_315_crop wp-post-image\" alt=\"\" srcset=\"https:\/\/inmold-ltd.com\/pl\/wp-content\/uploads\/sites\/3\/2022\/06\/CHERMLE_Inmold_Ltd.jpg 2475w, https:\/\/inmold-ltd.com\/pl\/wp-content\/uploads\/sites\/3\/2022\/06\/CHERMLE_Inmold_Ltd-300x158.jpg 300w, https:\/\/inmold-ltd.com\/pl\/wp-content\/uploads\/sites\/3\/2022\/06\/CHERMLE_Inmold_Ltd-1024x538.jpg 1024w, https:\/\/inmold-ltd.com\/pl\/wp-content\/uploads\/sites\/3\/2022\/06\/CHERMLE_Inmold_Ltd-600x315.jpg 600w\" sizes=\"auto, (max-width: 2475px) 100vw, 2475px\" \/><\/a><\/div><time class=\"w-post-elm post_date usg_post_date_1 entry-date published\" datetime=\"2022-06-16T10:41:05+02:00\">16.06.2022<\/time><\/div><h4 class=\"w-post-elm post_title usg_post_title_1 entry-title color_link_inherit\"><a href=\"https:\/\/inmold-ltd.com\/pl\/nowa-maszyna-z-rodziny-hermle-c650-m\/\">Nowa maszyna z  rodziny Hermle &#8211; C650 m<\/a><\/h4>\t\t<\/div>\r\n\t\t\t<\/article>\r\n\t<article class=\"w-grid-item size_1x1 post-10935 post type-post status-publish format-standard has-post-thumbnail hentry category-aktualnosci\" data-id=\"10935\">\r\n\t\t<div class=\"w-grid-item-h\">\r\n\t\t\t\t\t\t<div class=\"w-vwrapper usg_vwrapper_1 align_left valign_top\"><div class=\"w-post-elm post_image usg_post_image_1 stretched\"><a href=\"https:\/\/inmold-ltd.com\/pl\/inmold-na-targach-ppp-expo-2022\/\" aria-label=\"Inmold na targach PPP Expo, 2022\"><img loading=\"lazy\" decoding=\"async\" width=\"2001\" height=\"1050\" src=\"https:\/\/inmold-ltd.com\/pl\/wp-content\/uploads\/sites\/3\/2022\/06\/SAJAM-KENIJA-POL.jpg\" class=\"attachment-us_600_315_crop size-us_600_315_crop wp-post-image\" alt=\"\" srcset=\"https:\/\/inmold-ltd.com\/pl\/wp-content\/uploads\/sites\/3\/2022\/06\/SAJAM-KENIJA-POL.jpg 2001w, https:\/\/inmold-ltd.com\/pl\/wp-content\/uploads\/sites\/3\/2022\/06\/SAJAM-KENIJA-POL-300x157.jpg 300w, https:\/\/inmold-ltd.com\/pl\/wp-content\/uploads\/sites\/3\/2022\/06\/SAJAM-KENIJA-POL-1024x537.jpg 1024w, https:\/\/inmold-ltd.com\/pl\/wp-content\/uploads\/sites\/3\/2022\/06\/SAJAM-KENIJA-POL-600x315.jpg 600w\" sizes=\"auto, (max-width: 2001px) 100vw, 2001px\" \/><\/a><\/div><time class=\"w-post-elm post_date usg_post_date_1 entry-date published\" datetime=\"2022-06-04T17:33:29+02:00\">04.06.2022<\/time><\/div><h4 class=\"w-post-elm post_title usg_post_title_1 entry-title color_link_inherit\"><a href=\"https:\/\/inmold-ltd.com\/pl\/inmold-na-targach-ppp-expo-2022\/\">Inmold na targach PPP Expo, 2022<\/a><\/h4>\t\t<\/div>\r\n\t\t\t<\/article>\r\n\t<article class=\"w-grid-item size_1x1 post-10914 post type-post status-publish format-standard has-post-thumbnail hentry category-aktualnosci\" data-id=\"10914\">\r\n\t\t<div class=\"w-grid-item-h\">\r\n\t\t\t\t\t\t<div class=\"w-vwrapper usg_vwrapper_1 align_left valign_top\"><div class=\"w-post-elm post_image usg_post_image_1 stretched\"><a href=\"https:\/\/inmold-ltd.com\/pl\/inmold-na-targach-plast-alger\/\" aria-label=\"Inmold na targach PLAST ALGER, 2022\"><img loading=\"lazy\" decoding=\"async\" width=\"1751\" height=\"919\" src=\"https:\/\/inmold-ltd.com\/pl\/wp-content\/uploads\/sites\/3\/2022\/05\/ALGER-POL-Custom.jpg\" class=\"attachment-us_600_315_crop size-us_600_315_crop wp-post-image\" alt=\"\" srcset=\"https:\/\/inmold-ltd.com\/pl\/wp-content\/uploads\/sites\/3\/2022\/05\/ALGER-POL-Custom.jpg 1751w, https:\/\/inmold-ltd.com\/pl\/wp-content\/uploads\/sites\/3\/2022\/05\/ALGER-POL-Custom-300x157.jpg 300w, https:\/\/inmold-ltd.com\/pl\/wp-content\/uploads\/sites\/3\/2022\/05\/ALGER-POL-Custom-1024x537.jpg 1024w, https:\/\/inmold-ltd.com\/pl\/wp-content\/uploads\/sites\/3\/2022\/05\/ALGER-POL-Custom-600x315.jpg 600w\" sizes=\"auto, (max-width: 1751px) 100vw, 1751px\" \/><\/a><\/div><time class=\"w-post-elm post_date usg_post_date_1 entry-date published\" datetime=\"2022-05-05T19:22:01+02:00\">05.05.2022<\/time><\/div><h4 class=\"w-post-elm post_title usg_post_title_1 entry-title color_link_inherit\"><a href=\"https:\/\/inmold-ltd.com\/pl\/inmold-na-targach-plast-alger\/\">Inmold na targach PLAST ALGER, 2022<\/a><\/h4>\t\t<\/div>\r\n\t\t\t<\/article>\r\n\t<article class=\"w-grid-item size_1x1 post-10941 post type-post status-publish format-standard has-post-thumbnail hentry category-aktualnosci\" data-id=\"10941\">\r\n\t\t<div class=\"w-grid-item-h\">\r\n\t\t\t\t\t\t<div class=\"w-vwrapper usg_vwrapper_1 align_left valign_top\"><div class=\"w-post-elm post_image usg_post_image_1 stretched\"><a href=\"https:\/\/inmold-ltd.com\/pl\/stowarzyszenia-dyrektorow-finansowych-serbii\/\" aria-label=\"Stowarzyszenia Dyrektor\u00f3w Finansowych Serbii\"><img loading=\"lazy\" decoding=\"async\" width=\"1600\" height=\"840\" src=\"https:\/\/inmold-ltd.com\/pl\/wp-content\/uploads\/sites\/3\/2022\/06\/inmold_plast.jpg\" class=\"attachment-us_600_315_crop size-us_600_315_crop wp-post-image\" alt=\"\" srcset=\"https:\/\/inmold-ltd.com\/pl\/wp-content\/uploads\/sites\/3\/2022\/06\/inmold_plast.jpg 1600w, https:\/\/inmold-ltd.com\/pl\/wp-content\/uploads\/sites\/3\/2022\/06\/inmold_plast-300x158.jpg 300w, https:\/\/inmold-ltd.com\/pl\/wp-content\/uploads\/sites\/3\/2022\/06\/inmold_plast-1024x538.jpg 1024w, https:\/\/inmold-ltd.com\/pl\/wp-content\/uploads\/sites\/3\/2022\/06\/inmold_plast-600x315.jpg 600w\" sizes=\"auto, (max-width: 1600px) 100vw, 1600px\" \/><\/a><\/div><time class=\"w-post-elm post_date usg_post_date_1 entry-date published\" datetime=\"2022-05-03T15:28:17+02:00\">03.05.2022<\/time><\/div><h4 class=\"w-post-elm post_title usg_post_title_1 entry-title color_link_inherit\"><a href=\"https:\/\/inmold-ltd.com\/pl\/stowarzyszenia-dyrektorow-finansowych-serbii\/\">Stowarzyszenia Dyrektor\u00f3w Finansowych Serbii<\/a><\/h4>\t\t<\/div>\r\n\t\t\t<\/article>\r\n\t<article class=\"w-grid-item size_1x1 post-10910 post type-post status-publish format-standard has-post-thumbnail hentry category-aktualnosci\" data-id=\"10910\">\r\n\t\t<div class=\"w-grid-item-h\">\r\n\t\t\t\t\t\t<div class=\"w-vwrapper usg_vwrapper_1 align_left valign_top\"><div class=\"w-post-elm post_image usg_post_image_1 stretched\"><a href=\"https:\/\/inmold-ltd.com\/pl\/centrum-rozwojowo-produkcyjne\/\" aria-label=\"Centrum rozwojowo-produkcyjne\"><img loading=\"lazy\" decoding=\"async\" width=\"1750\" height=\"919\" src=\"https:\/\/inmold-ltd.com\/pl\/wp-content\/uploads\/sites\/3\/2022\/04\/Centrum-rozwojowo-produkcyjne.jpg\" class=\"attachment-us_600_315_crop size-us_600_315_crop wp-post-image\" alt=\"\" srcset=\"https:\/\/inmold-ltd.com\/pl\/wp-content\/uploads\/sites\/3\/2022\/04\/Centrum-rozwojowo-produkcyjne.jpg 1750w, https:\/\/inmold-ltd.com\/pl\/wp-content\/uploads\/sites\/3\/2022\/04\/Centrum-rozwojowo-produkcyjne-300x158.jpg 300w, https:\/\/inmold-ltd.com\/pl\/wp-content\/uploads\/sites\/3\/2022\/04\/Centrum-rozwojowo-produkcyjne-1024x538.jpg 1024w, https:\/\/inmold-ltd.com\/pl\/wp-content\/uploads\/sites\/3\/2022\/04\/Centrum-rozwojowo-produkcyjne-600x315.jpg 600w\" sizes=\"auto, (max-width: 1750px) 100vw, 1750px\" \/><\/a><\/div><time class=\"w-post-elm post_date usg_post_date_1 entry-date published\" datetime=\"2022-04-30T19:13:30+02:00\">30.04.2022<\/time><\/div><h4 class=\"w-post-elm post_title usg_post_title_1 entry-title color_link_inherit\"><a href=\"https:\/\/inmold-ltd.com\/pl\/centrum-rozwojowo-produkcyjne\/\">Centrum rozwojowo-produkcyjne<\/a><\/h4>\t\t<\/div>\r\n\t\t\t<\/article>\r\n\t<article class=\"w-grid-item size_1x1 post-10904 post type-post status-publish format-standard has-post-thumbnail hentry category-aktualnosci\" data-id=\"10904\">\r\n\t\t<div class=\"w-grid-item-h\">\r\n\t\t\t\t\t\t<div class=\"w-vwrapper usg_vwrapper_1 align_left valign_top\"><div class=\"w-post-elm post_image usg_post_image_1 stretched\"><a href=\"https:\/\/inmold-ltd.com\/pl\/nowa-maszyna-centrum-obrobcze-hermle-c250\/\" aria-label=\"Nowa maszyna &#8211; centrum obr\u00f3bcze Hermle C250\"><img loading=\"lazy\" decoding=\"async\" width=\"2500\" height=\"1313\" src=\"https:\/\/inmold-ltd.com\/pl\/wp-content\/uploads\/sites\/3\/2022\/04\/CHERMLE-NAJAVA-SAJT-POL.jpg\" class=\"attachment-us_600_315_crop size-us_600_315_crop wp-post-image\" alt=\"\" srcset=\"https:\/\/inmold-ltd.com\/pl\/wp-content\/uploads\/sites\/3\/2022\/04\/CHERMLE-NAJAVA-SAJT-POL.jpg 2500w, https:\/\/inmold-ltd.com\/pl\/wp-content\/uploads\/sites\/3\/2022\/04\/CHERMLE-NAJAVA-SAJT-POL-300x158.jpg 300w, https:\/\/inmold-ltd.com\/pl\/wp-content\/uploads\/sites\/3\/2022\/04\/CHERMLE-NAJAVA-SAJT-POL-1024x538.jpg 1024w, https:\/\/inmold-ltd.com\/pl\/wp-content\/uploads\/sites\/3\/2022\/04\/CHERMLE-NAJAVA-SAJT-POL-600x315.jpg 600w\" sizes=\"auto, (max-width: 2500px) 100vw, 2500px\" \/><\/a><\/div><time class=\"w-post-elm post_date usg_post_date_1 entry-date published\" datetime=\"2022-04-16T08:45:09+02:00\">16.04.2022<\/time><\/div><h4 class=\"w-post-elm post_title usg_post_title_1 entry-title color_link_inherit\"><a href=\"https:\/\/inmold-ltd.com\/pl\/nowa-maszyna-centrum-obrobcze-hermle-c250\/\">Nowa maszyna &#8211; centrum obr\u00f3bcze Hermle C250<\/a><\/h4>\t\t<\/div>\r\n\t\t\t<\/article>\r\n\t<article class=\"w-grid-item size_1x1 post-10924 post type-post status-publish format-standard has-post-thumbnail hentry category-aktualnosci\" data-id=\"10924\">\r\n\t\t<div class=\"w-grid-item-h\">\r\n\t\t\t\t\t\t<div class=\"w-vwrapper usg_vwrapper_1 align_left valign_top\"><div class=\"w-post-elm post_image usg_post_image_1 stretched\"><a href=\"https:\/\/inmold-ltd.com\/pl\/nagrode-kapitan-misa-anastasijevic\/\" aria-label=\"Nagrod\u00ea ,,Kapitan Misa Anastasijevic\u201d\"><img loading=\"lazy\" decoding=\"async\" width=\"2500\" height=\"1313\" src=\"https:\/\/inmold-ltd.com\/pl\/wp-content\/uploads\/sites\/3\/2022\/05\/KAPETAN-MISA-POL.jpg\" class=\"attachment-us_600_315_crop size-us_600_315_crop wp-post-image\" alt=\"\" srcset=\"https:\/\/inmold-ltd.com\/pl\/wp-content\/uploads\/sites\/3\/2022\/05\/KAPETAN-MISA-POL.jpg 2500w, https:\/\/inmold-ltd.com\/pl\/wp-content\/uploads\/sites\/3\/2022\/05\/KAPETAN-MISA-POL-300x158.jpg 300w, https:\/\/inmold-ltd.com\/pl\/wp-content\/uploads\/sites\/3\/2022\/05\/KAPETAN-MISA-POL-1024x538.jpg 1024w, https:\/\/inmold-ltd.com\/pl\/wp-content\/uploads\/sites\/3\/2022\/05\/KAPETAN-MISA-POL-600x315.jpg 600w\" sizes=\"auto, (max-width: 2500px) 100vw, 2500px\" \/><\/a><\/div><time class=\"w-post-elm post_date usg_post_date_1 entry-date published\" datetime=\"2022-04-15T03:56:40+02:00\">15.04.2022<\/time><\/div><h4 class=\"w-post-elm post_title usg_post_title_1 entry-title color_link_inherit\"><a href=\"https:\/\/inmold-ltd.com\/pl\/nagrode-kapitan-misa-anastasijevic\/\">Nagrod\u00ea ,,Kapitan Misa Anastasijevic\u201d<\/a><\/h4>\t\t<\/div>\r\n\t\t\t<\/article>\r\n<\/div><div class=\"w-grid-preloader\">\t<div class=\"g-preloader type_1\">\r\n\t\t<div><\/div>\r\n\t<\/div>\r\n\t<\/div>\t\t\t<div class=\"g-loadmore \">\r\n\t\t\t\t<div class=\"g-preloader type_1\">\r\n\t\t\t\t\t<div><\/div>\r\n\t\t\t\t<\/div>\r\n\t\t\t\t<button class=\"w-btn us-btn-style_3\">\r\n\t\t\t\t\t<span class=\"w-btn-label\">Za\u0142aduj wi\u0119cej<\/span>\r\n\t\t\t\t<\/button>\r\n\t\t\t<\/div>\r\n\t\t\t\t<div class=\"w-grid-json hidden\" onclick='return {&quot;action&quot;:&quot;us_ajax_grid&quot;,&quot;infinite_scroll&quot;:0,&quot;max_num_pages&quot;:3,&quot;pagination&quot;:&quot;ajax&quot;,&quot;template_vars&quot;:{&quot;columns&quot;:&quot;3&quot;,&quot;exclude_items&quot;:&quot;none&quot;,&quot;img_size&quot;:&quot;default&quot;,&quot;ignore_items_size&quot;:0,&quot;items_layout&quot;:&quot;7180&quot;,&quot;items_offset&quot;:&quot;1&quot;,&quot;load_animation&quot;:&quot;none&quot;,&quot;overriding_link&quot;:&quot;{\\&quot;url\\&quot;:\\&quot;\\&quot;}&quot;,&quot;post_id&quot;:0,&quot;query_args&quot;:{&quot;post_type&quot;:[&quot;post&quot;],&quot;tax_query&quot;:[{&quot;taxonomy&quot;:&quot;category&quot;,&quot;field&quot;:&quot;slug&quot;,&quot;terms&quot;:[&quot;novosti&quot;,&quot;aktualnosci&quot;]}],&quot;post_status&quot;:[&quot;publish&quot;],&quot;posts_per_page&quot;:&quot;9&quot;},&quot;orderby_query_args&quot;:{&quot;orderby&quot;:{&quot;date&quot;:&quot;DESC&quot;}},&quot;type&quot;:&quot;grid&quot;,&quot;us_grid_post_type&quot;:&quot;post&quot;,&quot;us_grid_ajax_index&quot;:1,&quot;us_grid_filter_query_string&quot;:null,&quot;us_grid_index&quot;:1,&quot;page_args&quot;:[]}}'><\/div>\r\n\t<\/div><\/div><\/div><\/div><\/div><\/div><\/div><\/div><\/div><\/div><\/section>\n","protected":false},"excerpt":{"rendered":"W czwartek, 14 kwietnia 2022 roku, w uroczystej sali Rektoratu Uniwersytetu Belgradzkiego wr\u0119czono nagrody najbardziej zas\u0142u\u017conym biznesmenom i cz\u0142onkom spo\u0142eczno\u015bci serbskiej. Jako wyj\u0105tkowy przedsi\u0119biorca, wielki mi\u0142o\u015bnik nauki i edukacji, laureat licznych nagr\u00f3d za wk\u0142ad w rozw\u00f3j gospodarki, dyrektor naszej firmy Goran Jankovic by\u0142 cz\u0142onkiem jury, kt\u00f3re przed wr\u0119czeniem nagr\u00f3d z nale\u017cnym szacunkiem przywita\u0142o ich laureat\u00f3w....","protected":false},"author":1,"featured_media":0,"parent":0,"menu_order":0,"comment_status":"closed","ping_status":"closed","template":"","meta":{"footnotes":""},"class_list":["post-34","page","type-page","status-publish","hentry"],"yoast_head":"<!-- This site is optimized with the Yoast SEO plugin v24.5 - https:\/\/yoast.com\/wordpress\/plugins\/seo\/ -->\n<title>Aktualno\u015bci - INMOLD Group d.o.o. PL<\/title>\n<meta name=\"robots\" content=\"index, follow, max-snippet:-1, max-image-preview:large, max-video-preview:-1\" \/>\n<link rel=\"canonical\" href=\"https:\/\/inmold-ltd.com\/pl\/aktualnosci\/\" \/>\n<meta property=\"og:locale\" content=\"pl_PL\" \/>\n<meta property=\"og:type\" content=\"article\" \/>\n<meta property=\"og:title\" content=\"Aktualno\u015bci - INMOLD Group d.o.o. PL\" \/>\n<meta property=\"og:url\" content=\"https:\/\/inmold-ltd.com\/pl\/aktualnosci\/\" \/>\n<meta property=\"og:site_name\" content=\"INMOLD Group d.o.o. PL\" \/>\n<meta property=\"article:modified_time\" content=\"2021-03-23T09:01:38+00:00\" \/>\n<meta name=\"twitter:card\" content=\"summary_large_image\" \/>\n<script type=\"application\/ld+json\" class=\"yoast-schema-graph\">{\"@context\":\"https:\/\/schema.org\",\"@graph\":[{\"@type\":\"WebPage\",\"@id\":\"https:\/\/inmold-ltd.com\/pl\/aktualnosci\/\",\"url\":\"https:\/\/inmold-ltd.com\/pl\/aktualnosci\/\",\"name\":\"Aktualno\u015bci - INMOLD Group d.o.o. PL\",\"isPartOf\":{\"@id\":\"https:\/\/inmold-ltd.com\/pl\/#website\"},\"datePublished\":\"2021-02-19T21:32:09+00:00\",\"dateModified\":\"2021-03-23T09:01:38+00:00\",\"breadcrumb\":{\"@id\":\"https:\/\/inmold-ltd.com\/pl\/aktualnosci\/#breadcrumb\"},\"inLanguage\":\"pl-PL\",\"potentialAction\":[{\"@type\":\"ReadAction\",\"target\":[\"https:\/\/inmold-ltd.com\/pl\/aktualnosci\/\"]}]},{\"@type\":\"BreadcrumbList\",\"@id\":\"https:\/\/inmold-ltd.com\/pl\/aktualnosci\/#breadcrumb\",\"itemListElement\":[{\"@type\":\"ListItem\",\"position\":1,\"name\":\"Po\u010detna\",\"item\":\"https:\/\/inmold-ltd.com\/pl\/\"},{\"@type\":\"ListItem\",\"position\":2,\"name\":\"Aktualno\u015bci\"}]},{\"@type\":\"WebSite\",\"@id\":\"https:\/\/inmold-ltd.com\/pl\/#website\",\"url\":\"https:\/\/inmold-ltd.com\/pl\/\",\"name\":\"INMOLD Group d.o.o. PL\",\"description\":\"Produkcja wysokiej jako\u015bci form wtryskowych do tworzyw sztucznych oraz metali kolorowych\",\"potentialAction\":[{\"@type\":\"SearchAction\",\"target\":{\"@type\":\"EntryPoint\",\"urlTemplate\":\"https:\/\/inmold-ltd.com\/pl\/?s={search_term_string}\"},\"query-input\":{\"@type\":\"PropertyValueSpecification\",\"valueRequired\":true,\"valueName\":\"search_term_string\"}}],\"inLanguage\":\"pl-PL\"}]}<\/script>\n<!-- \/ Yoast SEO plugin. -->","yoast_head_json":{"title":"Aktualno\u015bci - INMOLD Group d.o.o. PL","robots":{"index":"index","follow":"follow","max-snippet":"max-snippet:-1","max-image-preview":"max-image-preview:large","max-video-preview":"max-video-preview:-1"},"canonical":"https:\/\/inmold-ltd.com\/pl\/aktualnosci\/","og_locale":"pl_PL","og_type":"article","og_title":"Aktualno\u015bci - INMOLD Group d.o.o. PL","og_url":"https:\/\/inmold-ltd.com\/pl\/aktualnosci\/","og_site_name":"INMOLD Group d.o.o. PL","article_modified_time":"2021-03-23T09:01:38+00:00","twitter_card":"summary_large_image","schema":{"@context":"https:\/\/schema.org","@graph":[{"@type":"WebPage","@id":"https:\/\/inmold-ltd.com\/pl\/aktualnosci\/","url":"https:\/\/inmold-ltd.com\/pl\/aktualnosci\/","name":"Aktualno\u015bci - INMOLD Group d.o.o. PL","isPartOf":{"@id":"https:\/\/inmold-ltd.com\/pl\/#website"},"datePublished":"2021-02-19T21:32:09+00:00","dateModified":"2021-03-23T09:01:38+00:00","breadcrumb":{"@id":"https:\/\/inmold-ltd.com\/pl\/aktualnosci\/#breadcrumb"},"inLanguage":"pl-PL","potentialAction":[{"@type":"ReadAction","target":["https:\/\/inmold-ltd.com\/pl\/aktualnosci\/"]}]},{"@type":"BreadcrumbList","@id":"https:\/\/inmold-ltd.com\/pl\/aktualnosci\/#breadcrumb","itemListElement":[{"@type":"ListItem","position":1,"name":"Po\u010detna","item":"https:\/\/inmold-ltd.com\/pl\/"},{"@type":"ListItem","position":2,"name":"Aktualno\u015bci"}]},{"@type":"WebSite","@id":"https:\/\/inmold-ltd.com\/pl\/#website","url":"https:\/\/inmold-ltd.com\/pl\/","name":"INMOLD Group d.o.o. PL","description":"Produkcja wysokiej jako\u015bci form wtryskowych do tworzyw sztucznych oraz metali kolorowych","potentialAction":[{"@type":"SearchAction","target":{"@type":"EntryPoint","urlTemplate":"https:\/\/inmold-ltd.com\/pl\/?s={search_term_string}"},"query-input":{"@type":"PropertyValueSpecification","valueRequired":true,"valueName":"search_term_string"}}],"inLanguage":"pl-PL"}]}},"_links":{"self":[{"href":"https:\/\/inmold-ltd.com\/pl\/wp-json\/wp\/v2\/pages\/34","targetHints":{"allow":["GET"]}}],"collection":[{"href":"https:\/\/inmold-ltd.com\/pl\/wp-json\/wp\/v2\/pages"}],"about":[{"href":"https:\/\/inmold-ltd.com\/pl\/wp-json\/wp\/v2\/types\/page"}],"author":[{"embeddable":true,"href":"https:\/\/inmold-ltd.com\/pl\/wp-json\/wp\/v2\/users\/1"}],"replies":[{"embeddable":true,"href":"https:\/\/inmold-ltd.com\/pl\/wp-json\/wp\/v2\/comments?post=34"}],"version-history":[{"count":4,"href":"https:\/\/inmold-ltd.com\/pl\/wp-json\/wp\/v2\/pages\/34\/revisions"}],"predecessor-version":[{"id":10664,"href":"https:\/\/inmold-ltd.com\/pl\/wp-json\/wp\/v2\/pages\/34\/revisions\/10664"}],"wp:attachment":[{"href":"https:\/\/inmold-ltd.com\/pl\/wp-json\/wp\/v2\/media?parent=34"}],"curies":[{"name":"wp","href":"https:\/\/api.w.org\/{rel}","templated":true}]}}